{"id":476767,"date":"2024-08-09T19:09:44","date_gmt":"2024-08-09T17:09:44","guid":{"rendered":"https:\/\/lucacastelli.com\/prodotto\/la-sportiva-jackal-ii-damen-gtx\/"},"modified":"2024-08-09T19:09:44","modified_gmt":"2024-08-09T17:09:44","slug":"la-sportiva-jackal-ii-damen-gtx","status":"publish","type":"product","link":"https:\/\/lucacastelli.com\/de\/produkt\/la-sportiva-jackal-ii-damen-gtx\/","title":{"rendered":"LA SPORTIVA Jackal II Damen GTX"},"content":{"rendered":"<p>Mountain Running-Schuh\u00ae aus Gore-Tex-Membran\u00ae mit Invisible Fit-Technologie, der dank der au\u00dfergew\u00f6hnlichen D\u00e4mpfung, die durch die innovative Zwischensohle der Infinitoo-Technologie\u2122 mit hoher Energier\u00fcckgabe garantiert wird, in den Wintermonaten \u00fcber Ultra-Distanzen und l\u00e4ngere Workouts entwickelt wurde.<\/p>\n<p>Technische Info<br \/>\nOberer:<br \/>\nSandwich-Mesh (Zehen und Zunge) + thermoklebende TPU-Verst\u00e4rkungen + Seitenteile aus Single-Burr-Nylon + Kragen aus Stretch-Jersey<br \/>\nAuskleidung:<br \/>\nGore-Tex\u00ae Unsichtbare Passform Bluesign-zertifiziert\u00ae<br \/>\nEinlegesohle:<br \/>\nOrtholite\u00ae Hybrid Mountain Running Ergonomisch\u00ae 4 mm<br \/>\nZwischensohle:<br \/>\nAus EVA mit Infinitoo\u2122 Technology-Eins\u00e4tzen + hochdichtem EVA-Rock-Shield + zus\u00e4tzlicher interner Plattform-Cushoning-Schicht<br \/>\nSeezunge:<br \/>\nFriXion\u00ae Red Bi-Compound mit seitlichen IBS-Noppen<br \/>\n:<br \/>\nOberer<br \/>\nGore-Tex\u00ae Unsichtbare Passform Bluesign\u00ae Zertifiziert:<br \/>\nEinlegesohle<br \/>\nOrtholite\u00ae Hybrid Mountain Running Ergonomisch\u00ae 4 mm:<br \/>\nZwischensohle<\/p>\n","protected":false},"excerpt":{"rendered":"<p>Mountain Running-Schuh\u00ae aus Gore-Tex-Membran\u00ae mit Invisible Fit-Technologie, der dank der au\u00dfergew\u00f6hnlichen D\u00e4mpfung, die durch die innovative Zwischensohle der Infinitoo-Technologie\u2122 mit<\/p>\n","protected":false},"featured_media":101945,"template":"","meta":{"_seopress_robots_primary_cat":"","_seopress_titles_title":"","_seopress_titles_desc":"","_seopress_robots_index":""},"product_brand":[3649],"product_cat":[1430,1419,175],"product_tag":[],"class_list":{"0":"post-476767","1":"product","2":"type-product","3":"status-publish","4":"has-post-thumbnail","6":"product_brand-la-sportiva-de","7":"product_cat-damen-schuhe","8":"product_cat-freizeitschuhe","9":"product_cat-schuhe","10":"sws-gruppo-no-gruppo","11":"sws-categoria-sito","12":"sws-gruppo-iva-iva81","14":"first","15":"instock","16":"shipping-taxable","17":"purchasable","18":"product-type-variable"},"_links":{"self":[{"href":"https:\/\/lucacastelli.com\/de\/wp-json\/wp\/v2\/product\/476767","targetHints":{"allow":["GET"]}}],"collection":[{"href":"https:\/\/lucacastelli.com\/de\/wp-json\/wp\/v2\/product"}],"about":[{"href":"https:\/\/lucacastelli.com\/de\/wp-json\/wp\/v2\/types\/product"}],"wp:featuredmedia":[{"embeddable":true,"href":"https:\/\/lucacastelli.com\/de\/wp-json\/wp\/v2\/media\/101945"}],"wp:attachment":[{"href":"https:\/\/lucacastelli.com\/de\/wp-json\/wp\/v2\/media?parent=476767"}],"wp:term":[{"taxonomy":"product_brand","embeddable":true,"href":"https:\/\/lucacastelli.com\/de\/wp-json\/wp\/v2\/product_brand?post=476767"},{"taxonomy":"product_cat","embeddable":true,"href":"https:\/\/lucacastelli.com\/de\/wp-json\/wp\/v2\/product_cat?post=476767"},{"taxonomy":"product_tag","embeddable":true,"href":"https:\/\/lucacastelli.com\/de\/wp-json\/wp\/v2\/product_tag?post=476767"}],"curies":[{"name":"wp","href":"https:\/\/api.w.org\/{rel}","templated":true}]}}