{"id":476686,"date":"2024-08-09T19:10:49","date_gmt":"2024-08-09T17:10:49","guid":{"rendered":"https:\/\/lucacastelli.com\/?post_type=product&#038;p=476686"},"modified":"2025-07-29T09:05:21","modified_gmt":"2025-07-29T07:05:21","slug":"la-sportiva-schakal-ii","status":"publish","type":"product","link":"https:\/\/lucacastelli.com\/de\/produkt\/la-sportiva-schakal-ii\/","title":{"rendered":"LA SPORTIVA Schakal II"},"content":{"rendered":"<p>Version II des Modells, das der Welt der ULTRA-Rennen und des Langstreckentrainings gewidmet ist und sich dank der innovativen INFINITOO-Technologie\u2122 mit hoher Energier\u00fcckgabe durch eine au\u00dfergew\u00f6hnliche D\u00e4mpfung auszeichnet. Neue Obermaterialien mit umweltfreundlichem Inhalt und neue Konstruktionen f\u00fcr Ferse und Zunge, die Griffigkeit, Umh\u00fcllung und Atmungsaktivit\u00e4t gew\u00e4hrleisten und gleichzeitig das Gewicht erheblich reduzieren. <\/p>\n<p>Technische Info<br \/>\nOBERER:<br \/>\nSandwich-Mesh aus recyceltem Material + thermoklebende TPU-Verst\u00e4rkungen + Seitenteile aus Nylon mit einfachem Mahlwerk<br \/>\nAUSKLEIDUNG:<br \/>\nAbriebfestes Mesh aus recyceltem Material<br \/>\nEINLEGESOHLE:<br \/>\nOrtholite\u00ae Hybrid Mountain Running Ergonomisch\u00ae 4 mm<br \/>\nZWISCHENSOHLE:<br \/>\nAus EVA mit Infinitoo\u2122 Technology-Eins\u00e4tzen + hochdichtem EVA-Rock-Shield + zus\u00e4tzlicher interner D\u00e4mpfungsplattformschicht<br \/>\nSEEZUNGE:<br \/>\nFriXion\u00ae Red Bi-Compound mit seitlichen IBS-Noppen<br \/>\nGEWICHT:<br \/>\n275 gr (1\/2 Paar)<br \/>\nTROPFEN:<br \/>\n7 mm<br \/>\nFERSE:<br \/>\nca. 29 mm<br \/>\nPUNKT:<br \/>\nca. 22 mm<br \/>\nH\u00d6HE DER LUGH:<br \/>\n3,5 mm<\/p>\n","protected":false},"excerpt":{"rendered":"<p>Version II des Modells, das der Welt der ULTRA-Rennen und des Langstreckentrainings gewidmet ist und sich dank der innovativen INFINITOO-Technologie\u2122<\/p>\n","protected":false},"featured_media":101952,"template":"","meta":{"_seopress_robots_primary_cat":"","_seopress_titles_title":"","_seopress_titles_desc":"","_seopress_robots_index":""},"product_brand":[3649],"product_cat":[1419,1431,175],"product_tag":[],"class_list":{"0":"post-476686","1":"product","2":"type-product","3":"status-publish","4":"has-post-thumbnail","6":"product_brand-la-sportiva-de","7":"product_cat-freizeitschuhe","8":"product_cat-herrenschuhe","9":"product_cat-schuhe","10":"sws-gruppo-abb-libero-fr","11":"sws-conto-ricavi-merci-rivendita-abbigliamento","12":"sws-gruppo-iva-iva81","14":"first","15":"instock","16":"shipping-taxable","17":"purchasable","18":"product-type-variable"},"_links":{"self":[{"href":"https:\/\/lucacastelli.com\/de\/wp-json\/wp\/v2\/product\/476686","targetHints":{"allow":["GET"]}}],"collection":[{"href":"https:\/\/lucacastelli.com\/de\/wp-json\/wp\/v2\/product"}],"about":[{"href":"https:\/\/lucacastelli.com\/de\/wp-json\/wp\/v2\/types\/product"}],"wp:featuredmedia":[{"embeddable":true,"href":"https:\/\/lucacastelli.com\/de\/wp-json\/wp\/v2\/media\/101952"}],"wp:attachment":[{"href":"https:\/\/lucacastelli.com\/de\/wp-json\/wp\/v2\/media?parent=476686"}],"wp:term":[{"taxonomy":"product_brand","embeddable":true,"href":"https:\/\/lucacastelli.com\/de\/wp-json\/wp\/v2\/product_brand?post=476686"},{"taxonomy":"product_cat","embeddable":true,"href":"https:\/\/lucacastelli.com\/de\/wp-json\/wp\/v2\/product_cat?post=476686"},{"taxonomy":"product_tag","embeddable":true,"href":"https:\/\/lucacastelli.com\/de\/wp-json\/wp\/v2\/product_tag?post=476686"}],"curies":[{"name":"wp","href":"https:\/\/api.w.org\/{rel}","templated":true}]}}