{"id":476663,"date":"2026-04-12T15:49:33","date_gmt":"2026-04-12T13:49:33","guid":{"rendered":"https:\/\/lucacastelli.com\/prodotto\/das-sportliche-wunderkind\/"},"modified":"2026-04-12T16:04:39","modified_gmt":"2026-04-12T14:04:39","slug":"das-sportliche-wunderkind","status":"publish","type":"product","link":"https:\/\/lucacastelli.com\/de\/produkt\/das-sportliche-wunderkind\/","title":{"rendered":"LA SPORTIVA PRODIGIO WOMAN"},"content":{"rendered":"<p>Revolution\u00e4res Produkt von La Sportiva f\u00fcr die Welt des Ultra Trails. Der neue XFLow\u2122-Schaumstoff wurde entwickelt, um maximale D\u00e4mpfung und Energier\u00fcckgabe Kilometer f\u00fcr Kilometer zu gew\u00e4hrleisten. Jedes Detail wurde auf die Bed\u00fcrfnisse anspruchsvollster Ultra-Runner abgestimmt: Die breite Zehenbox und das atmungsaktive Obermaterial bieten Komfort auch nach stundenlangem Laufen, w\u00e4hrend die Wrapping-System-Konstruktion und die perfekte Fersenergonomie Stabilit\u00e4t und Schutz garantieren. Die Rocker-Geometrie unterst\u00fctzt zudem einen fl\u00fcssigen und progressiven Schritt auf jedem Gel\u00e4nde.<\/p>\n<p>Futter: Abriebfestes Mesh aus recyceltem Material<br \/>\nObermaterial: HT Light Mesh + Wrapping Footcage<br \/>\nGewicht: 270 g (1\/2 Paar)<br \/>\nSohle: FriXion\u00ae Red Bi-Compound<\/p>\n","protected":false},"excerpt":{"rendered":"<p>Revolution\u00e4res Produkt von La Sportiva f\u00fcr die Welt des Ultra Trails. Der neue XFLow\u2122-Schaumstoff wurde entwickelt, um maximale D\u00e4mpfung und<\/p>\n","protected":false},"featured_media":101935,"template":"","meta":{"_seopress_robots_primary_cat":"none","_seopress_titles_title":"","_seopress_titles_desc":"","_seopress_robots_index":""},"product_brand":[3649],"product_cat":[175,1419,1430],"product_tag":[],"class_list":{"0":"post-476663","1":"product","2":"type-product","3":"status-publish","4":"has-post-thumbnail","6":"product_brand-la-sportiva-de","7":"product_cat-schuhe","8":"product_cat-freizeitschuhe","9":"product_cat-damen-schuhe","10":"sws-gruppo-no-gruppo-de","11":"sws-categoria-sito-de","12":"sws-gruppo-iva-iva81-de","14":"first","15":"instock","16":"sale","17":"shipping-taxable","18":"purchasable","19":"product-type-variable","20":"has-default-attributes"},"_links":{"self":[{"href":"https:\/\/lucacastelli.com\/de\/wp-json\/wp\/v2\/product\/476663","targetHints":{"allow":["GET"]}}],"collection":[{"href":"https:\/\/lucacastelli.com\/de\/wp-json\/wp\/v2\/product"}],"about":[{"href":"https:\/\/lucacastelli.com\/de\/wp-json\/wp\/v2\/types\/product"}],"wp:featuredmedia":[{"embeddable":true,"href":"https:\/\/lucacastelli.com\/de\/wp-json\/wp\/v2\/media\/101935"}],"wp:attachment":[{"href":"https:\/\/lucacastelli.com\/de\/wp-json\/wp\/v2\/media?parent=476663"}],"wp:term":[{"taxonomy":"product_brand","embeddable":true,"href":"https:\/\/lucacastelli.com\/de\/wp-json\/wp\/v2\/product_brand?post=476663"},{"taxonomy":"product_cat","embeddable":true,"href":"https:\/\/lucacastelli.com\/de\/wp-json\/wp\/v2\/product_cat?post=476663"},{"taxonomy":"product_tag","embeddable":true,"href":"https:\/\/lucacastelli.com\/de\/wp-json\/wp\/v2\/product_tag?post=476663"}],"curies":[{"name":"wp","href":"https:\/\/api.w.org\/{rel}","templated":true}]}}