{"id":476636,"date":"2024-08-09T15:49:32","date_gmt":"2024-08-09T13:49:32","guid":{"rendered":"https:\/\/lucacastelli.com\/prodotto\/la-sportiva-bushido-ii-gtx\/"},"modified":"2026-04-14T03:14:27","modified_gmt":"2026-04-14T01:14:27","slug":"la-sportiva-bushido-ii-gtx","status":"publish","type":"product","link":"https:\/\/lucacastelli.com\/de\/produkt\/la-sportiva-bushido-ii-gtx\/","title":{"rendered":"LA SPORTIVA Bushido II GTX"},"content":{"rendered":"<p>GORE-TEX Invisible Fit-Version des klassischen Mountain-Running-Modells Bushido II. Konzipiert f\u00fcr Skyraces und den Wintereinsatz: superleicht, griffig, aggressiv und f\u00fcr perfekte Stabilit\u00e4t auf jedem Offroad-Terrain entwickelt.<\/p>\n<p>BESCHREIBUNG<br \/>\nBushido II GTX ist die GORE-TEX Invisible Fit-Version des klassischen Mountain-Running-Modells Bushido. Konzipiert f\u00fcr Skyraces und den Wintereinsatz: superleicht, griffig, aggressiv und f\u00fcr perfekte Stabilit\u00e4t auf jedem Offroad-Terrain entwickelt. Dank der STB Control-Konstruktion umschlie\u00dft das seitliche TPU-Skelett am Obermaterial die Zwischensohle im mittleren Bereich und stabilisiert so den Schuh. Diese L\u00f6sung sorgt f\u00fcr eine engere Passform und h\u00f6here Gesamtstabilit\u00e4t durch das Synergie-Zusammenspiel von Schaft und Zwischensohle. Zudem wird das Gewicht reduziert, da schwere Stabilisatoreins\u00e4tze im Mittelteil entfallen. Die FriXion Red Dual-Compound-Sohle bietet differenzierte Kontaktfl\u00e4chen: Die abgerundeten Au\u00dfenstollen, die seitlich bis zur Zwischensohle reichen, erm\u00f6glichen ein schrittweises Aufsetzen und garantieren Stabilit\u00e4t selbst bei extremer Torsion. Dies erm\u00f6glicht sicheres Laufen auf technischem Terrain mit Wurzeln, Steinen und \u00c4sten. Maximaler Halt und Umschlie\u00dfung im Mittelfu\u00dfbereich, Bewegungsfreiheit und Komfort im Zehenbereich. Das Ergebnis ist ein Schuh im typischen La Sportiva-Stil, der neue L\u00f6sungen f\u00fcr anspruchsvolle L\u00e4ufer bietet und mit einer v\u00f6llig neuen Trailrunning-Konstruktion die Regeln neu schreibt.       <\/p>\n<p>Obermaterial: atmungsaktives Air-Mesh, Verst\u00e4rkungen aus Thermoplast-Folie, mediales TPU-HF-Skelett auf Ripstop-Eins\u00e4tzen<\/p>\n<p>Futter: GORE-TEX Invisible Fit<br \/>\nZwischensohle: komprimiertes EVA und Stability Control System<\/p>\n<p>Sohle: FriXion Red<\/p>\n<p>Einlegesohle: Ortholite Ergonomic 4 mm<\/p>\n<p>Sprengung: 6 mm<\/p>\n<p>Gewicht: 330 g (1\/2 Paar)<\/p>\n<p>Gr\u00f6\u00dfen: 38\u201347,5 inkl. halbe Gr\u00f6\u00dfen<\/p>\n","protected":false},"excerpt":{"rendered":"<p>GORE-TEX Invisible Fit-Version des klassischen Mountain-Running-Modells Bushido II. Konzipiert f\u00fcr Skyraces und den Wintereinsatz: superleicht, griffig, aggressiv und f\u00fcr perfekte<\/p>\n","protected":false},"featured_media":101904,"template":"","meta":{"_seopress_robots_primary_cat":"","_seopress_titles_title":"","_seopress_titles_desc":"","_seopress_robots_index":""},"product_brand":[3649],"product_cat":[175,1419,1431],"product_tag":[],"class_list":{"0":"post-476636","1":"product","2":"type-product","3":"status-publish","4":"has-post-thumbnail","6":"product_brand-la-sportiva-de","7":"product_cat-schuhe","8":"product_cat-freizeitschuhe","9":"product_cat-herrenschuhe","11":"first","12":"instock","13":"shipping-taxable","14":"purchasable","15":"product-type-variable"},"_links":{"self":[{"href":"https:\/\/lucacastelli.com\/de\/wp-json\/wp\/v2\/product\/476636","targetHints":{"allow":["GET"]}}],"collection":[{"href":"https:\/\/lucacastelli.com\/de\/wp-json\/wp\/v2\/product"}],"about":[{"href":"https:\/\/lucacastelli.com\/de\/wp-json\/wp\/v2\/types\/product"}],"wp:featuredmedia":[{"embeddable":true,"href":"https:\/\/lucacastelli.com\/de\/wp-json\/wp\/v2\/media\/101904"}],"wp:attachment":[{"href":"https:\/\/lucacastelli.com\/de\/wp-json\/wp\/v2\/media?parent=476636"}],"wp:term":[{"taxonomy":"product_brand","embeddable":true,"href":"https:\/\/lucacastelli.com\/de\/wp-json\/wp\/v2\/product_brand?post=476636"},{"taxonomy":"product_cat","embeddable":true,"href":"https:\/\/lucacastelli.com\/de\/wp-json\/wp\/v2\/product_cat?post=476636"},{"taxonomy":"product_tag","embeddable":true,"href":"https:\/\/lucacastelli.com\/de\/wp-json\/wp\/v2\/product_tag?post=476636"}],"curies":[{"name":"wp","href":"https:\/\/api.w.org\/{rel}","templated":true}]}}