{"id":476544,"date":"2024-08-09T18:31:41","date_gmt":"2024-08-09T16:31:41","guid":{"rendered":"https:\/\/lucacastelli.com\/prodotto\/la-sportiva-hyper-woman-gtx\/"},"modified":"2026-04-14T03:12:46","modified_gmt":"2026-04-14T01:12:46","slug":"la-sportiva-hyper-woman-gtx","status":"publish","type":"product","link":"https:\/\/lucacastelli.com\/de\/produkt\/la-sportiva-hyper-woman-gtx\/","title":{"rendered":"LA SPORTIVA HYPER WOMAN GTX"},"content":{"rendered":"<p>Approach-Schuh aus Leder, gefertigt mit innovativen L\u00f6sungen bei der Konstruktion des Schafts und des Sohlen-\/Zwischensohlen-Systems, die von La Sportiva speziell f\u00fcr den Approach-Bereich entwickelt wurden.<\/p>\n<p>Die Passform ist ergonomisch und pr\u00e4zise dank des besonderen Montagesystems des umlaufenden Zugs, der den Schuh 360\u00b0 umschlie\u00dft und mit dem Schn\u00fcrsystem verbunden ist. Der Zug umschlie\u00dft zudem auf innovative Weise die Zwischensohle im vorderen Bereich und tr\u00e4gt zur gleichm\u00e4\u00dfigen Verteilung der Spannung \u00fcber den gesamten Schuh bei. Dieses Konstruktionssystem stammt aus dem Know-how, das La Sportiva im Bereich der Kletterschuhe entwickelt hat. Die Gummischutzkappe ist ebenfalls von Kletterschuhen abgeleitet, mit einer Konstruktion, die Kontinuit\u00e4t zwischen Rand und Sohle f\u00fcr mehr Sensibilit\u00e4t beim Klettern erm\u00f6glicht. Die EVA-Zwischensohle verf\u00fcgt \u00fcber eine &#8220;Rock Guard&#8221;-Plattform im Zehenbereich und einen d\u00e4mpfenden Einsatz im hinteren Bereich, um das Aufsetzen des Kn\u00f6chels zu erleichtern und unnat\u00fcrliche Verdrehungen zu vermeiden. Die Vibram Idrogrip-Sohle wurde mit spezifischen Eigenschaften f\u00fcr den Approach entwickelt und ist mit Impact Brake System an Ferse und Innenseite, Saugnapf-Stollen an der Au\u00dfenseite und Climbing Zone im Zehenbereich ausgestattet. H\u00f6chste La Sportiva-Technologie f\u00fcr Approach-Schuhe.      <\/p>\n<p>Schaft: Wildleder + umlaufender Zug aus PU-Leder mit Lederverst\u00e4rkungen.<br \/>\nFutter: GORE-TEX Extended Comfort.<br \/>\nZwischensohle: Aus MEMlex EVA-Kompression mit weichem EVA-Spritzguss-Polster + &#8220;Rock Guard&#8221;-Plattform mit extra Dichte + TPU-Einsatz hinten gegen Verdrehung und stabilisierend.<br \/>\nLeisten: Ergonomic, Socken-Konstruktion.<br \/>\nSohle: Vibram\u00ae Idrogrip mit Impact Brake System + Climbing Zone im Zehenbereich.<br \/>\nGewicht: 365 g (halbes Paar, Gr\u00f6\u00dfe 38)<\/p>\n","protected":false},"excerpt":{"rendered":"<p>Approach-Schuh aus Leder, gefertigt mit innovativen L\u00f6sungen bei der Konstruktion des Schafts und des Sohlen-\/Zwischensohlen-Systems, die von La Sportiva speziell<\/p>\n","protected":false},"featured_media":101918,"template":"","meta":{"_seopress_robots_primary_cat":"none","_seopress_titles_title":"","_seopress_titles_desc":"","_seopress_robots_index":""},"product_brand":[3649],"product_cat":[175,1419,1430],"product_tag":[],"class_list":{"0":"post-476544","1":"product","2":"type-product","3":"status-publish","4":"has-post-thumbnail","6":"product_brand-la-sportiva-de","7":"product_cat-schuhe","8":"product_cat-freizeitschuhe","9":"product_cat-damen-schuhe","10":"sws-gruppo-no-gruppo-de","11":"sws-categoria-sito-de","12":"sws-gruppo-iva-iva81-de","14":"first","15":"instock","16":"sale","17":"shipping-taxable","18":"purchasable","19":"product-type-variable","20":"has-default-attributes"},"_links":{"self":[{"href":"https:\/\/lucacastelli.com\/de\/wp-json\/wp\/v2\/product\/476544","targetHints":{"allow":["GET"]}}],"collection":[{"href":"https:\/\/lucacastelli.com\/de\/wp-json\/wp\/v2\/product"}],"about":[{"href":"https:\/\/lucacastelli.com\/de\/wp-json\/wp\/v2\/types\/product"}],"wp:featuredmedia":[{"embeddable":true,"href":"https:\/\/lucacastelli.com\/de\/wp-json\/wp\/v2\/media\/101918"}],"wp:attachment":[{"href":"https:\/\/lucacastelli.com\/de\/wp-json\/wp\/v2\/media?parent=476544"}],"wp:term":[{"taxonomy":"product_brand","embeddable":true,"href":"https:\/\/lucacastelli.com\/de\/wp-json\/wp\/v2\/product_brand?post=476544"},{"taxonomy":"product_cat","embeddable":true,"href":"https:\/\/lucacastelli.com\/de\/wp-json\/wp\/v2\/product_cat?post=476544"},{"taxonomy":"product_tag","embeddable":true,"href":"https:\/\/lucacastelli.com\/de\/wp-json\/wp\/v2\/product_tag?post=476544"}],"curies":[{"name":"wp","href":"https:\/\/api.w.org\/{rel}","templated":true}]}}