{"id":476524,"date":"2024-08-09T11:48:43","date_gmt":"2024-08-09T09:48:43","guid":{"rendered":"https:\/\/lucacastelli.com\/?post_type=product&#038;p=476524"},"modified":"2025-07-29T09:05:37","modified_gmt":"2025-07-29T07:05:37","slug":"la-sportiva-bushido-ii-damen-gtx","status":"publish","type":"product","link":"https:\/\/lucacastelli.com\/de\/produkt\/la-sportiva-bushido-ii-damen-gtx\/","title":{"rendered":"LA SPORTIVA Bushido II Damen GTX"},"content":{"rendered":"<p>GORE-TEX-Membranversion: unsichtbare Passform des klassischen Berglaufmodells Bushido II. Er ist der Welt der Skyraces-Rennen gewidmet und f\u00fcr den Einsatz in den Wintermonaten konzipiert, superleicht, griffig, aggressiv und so konzipiert, dass er perfekte Stabilit\u00e4t auf allen Arten von Offroad-Gel\u00e4nde gew\u00e4hrleistet. <\/p>\n<p>BESCHREIBUNG:<br \/>\nBushido II GTX ist die unsichtbare GORE-TEX-Membranversion des klassischen Bushido Mountain Running-Modells. Er ist der Welt der Skyraces-Rennen gewidmet und f\u00fcr den Einsatz in den Wintermonaten konzipiert, superleicht, griffig, aggressiv und so konzipiert, dass er perfekte Stabilit\u00e4t auf allen Arten von Offroad-Gel\u00e4nde gew\u00e4hrleistet. Dank der STB Control-Konstruktion senkt sich das seitlich auf dem Obermaterial platzierte TPU-Skelett ab, um die Zwischensohle in den medialen Teil einzuh\u00fcllen und den Schuh zu stabilisieren. Diese L\u00f6sung erm\u00f6glicht eine engere Passform und eine gr\u00f6\u00dfere allgemeine Stabilit\u00e4t dank der synergetischen Arbeit von Ober- und Zwischensohle sowie eine Aufhellung des Produkts, wodurch das Einsetzen von schweren Stabilisatoreins\u00e4tzen im mittleren Teil des Schuhs vermieden wird. Die Bi-Compound-Sohle FriXion Red verf\u00fcgt \u00fcber differenzierte Auflagefl\u00e4chen: Die abgerundete Form der \u00e4u\u00dferen Stollen, die seitlich ansteigen, um die Zwischensohle zu ber\u00fchren, schafft einen allm\u00e4hlichen St\u00fctzwinkel mit dem Boden und beh\u00e4lt die Stabilit\u00e4t auch bei extremem Verdrehen des Fu\u00dfes bei. So k\u00f6nnen Sie auch auf technischstem Gel\u00e4nde in Gegenwart von Wurzeln, Steinen und \u00c4sten sicher laufen. Maximale Unterst\u00fctzung und Bandage im medialen Teil des Fu\u00dfes, Bewegungsfreiheit und Komfort im Zehenbereich. Das Ergebnis ist ein Schuh, der im reinen La Sportiva-Stil neue L\u00f6sungen f\u00fcr die Anforderungen der anspruchsvollsten L\u00e4ufer bietet und die Spielregeln mit einer Konstruktion neu schreibt, die es bei Trailrunning-Schuhen noch nie gegeben hat.       <\/p>\n<p>Obermaterial:<br \/>\n atmungsaktives Air-Mesh, thermoplastische Folienverst\u00e4rkungen, mediales Skelett aus HF TPU auf Rip-Stop-Paneelen aufgebracht<\/p>\n<p>Futter: GORE-TEX unsichtbare Passform<\/p>\n<p>Zwischensohle: Kompressions-EVA und Sability Control System<\/p>\n<p>Laufsohle: Frixion Red<\/p>\n<p>Fu\u00dfbett: Ortholite Ergonomic 4mm<\/p>\n<p>Sprengung: 6 mm<\/p>\n<p>Gewicht: 280 gr<\/p>\n<p>Gr\u00f6\u00dfen: 36-43 inkl. halbe Gr\u00f6\u00dfen<\/p>\n","protected":false},"excerpt":{"rendered":"<p>GORE-TEX-Membranversion: unsichtbare Passform des klassischen Berglaufmodells Bushido II. Er ist der Welt der Skyraces-Rennen gewidmet und f\u00fcr den Einsatz in<\/p>\n","protected":false},"featured_media":101876,"template":"","meta":{"_seopress_robots_primary_cat":"","_seopress_titles_title":"","_seopress_titles_desc":"","_seopress_robots_index":""},"product_brand":[3649],"product_cat":[1430,1419,175],"product_tag":[],"class_list":{"0":"post-476524","1":"product","2":"type-product","3":"status-publish","4":"has-post-thumbnail","6":"product_brand-la-sportiva-de","7":"product_cat-damen-schuhe","8":"product_cat-freizeitschuhe","9":"product_cat-schuhe","10":"sws-gruppo-abb-libero-de","11":"sws-conto-ricavi-merci-rivendita-abbigliamento-de","12":"sws-gruppo-iva-iva81-de","14":"first","15":"instock","16":"shipping-taxable","17":"purchasable","18":"product-type-variable"},"_links":{"self":[{"href":"https:\/\/lucacastelli.com\/de\/wp-json\/wp\/v2\/product\/476524","targetHints":{"allow":["GET"]}}],"collection":[{"href":"https:\/\/lucacastelli.com\/de\/wp-json\/wp\/v2\/product"}],"about":[{"href":"https:\/\/lucacastelli.com\/de\/wp-json\/wp\/v2\/types\/product"}],"wp:featuredmedia":[{"embeddable":true,"href":"https:\/\/lucacastelli.com\/de\/wp-json\/wp\/v2\/media\/101876"}],"wp:attachment":[{"href":"https:\/\/lucacastelli.com\/de\/wp-json\/wp\/v2\/media?parent=476524"}],"wp:term":[{"taxonomy":"product_brand","embeddable":true,"href":"https:\/\/lucacastelli.com\/de\/wp-json\/wp\/v2\/product_brand?post=476524"},{"taxonomy":"product_cat","embeddable":true,"href":"https:\/\/lucacastelli.com\/de\/wp-json\/wp\/v2\/product_cat?post=476524"},{"taxonomy":"product_tag","embeddable":true,"href":"https:\/\/lucacastelli.com\/de\/wp-json\/wp\/v2\/product_tag?post=476524"}],"curies":[{"name":"wp","href":"https:\/\/api.w.org\/{rel}","templated":true}]}}