{"id":476498,"date":"2024-08-07T18:37:22","date_gmt":"2024-08-07T16:37:22","guid":{"rendered":"https:\/\/lucacastelli.com\/prodotto\/la-sportiva-tx2-evo-leder\/"},"modified":"2024-08-07T18:37:22","modified_gmt":"2024-08-07T16:37:22","slug":"la-sportiva-tx2-evo-leder","status":"publish","type":"product","link":"https:\/\/lucacastelli.com\/de\/produkt\/la-sportiva-tx2-evo-leder\/","title":{"rendered":"LA SPORTIVA TX2 Evo Leder"},"content":{"rendered":"<p>Ein Zustiegsschuh, der f\u00fcr den technischen Zugang zu Kletterw\u00e4nden und den Einsatz am Fels entwickelt wurde, mit einer umh\u00fcllenden Passform und dem unvergleichlichen Komfort des Obermaterials aus Wildleder.<\/p>\n<p>TX2 Evo Leather ist der Schuh, der f\u00fcr die technische Herangehensweise an Kletterw\u00e4nde und f\u00fcr den Einsatz am Fels entwickelt wurde, er kommt mit einer umh\u00fcllenden Passform und dem unvergleichlichen Komfort des Wildleder-Obermaterials. Es verwendet eine Sohle mit einem zu 100 % l\u00f6sbaren Profil, das seinen Lebenszyklus verdoppelt und recycelte Materialien verwendet, um die Umwelt weniger zu belasten. Das Sohlenpaket ist f\u00fcr eine schnelle und einfache Neubesohlung konzipiert, indem die Lauffl\u00e4che ausschlie\u00dflich bei autorisierten La Sportiva-Besohlern ausgetauscht wird. Dank des metallfreien, \u00f6kogegerbten Obermaterials, der Ortholite\u00ae Hybrid-Einlegesohle aus recyceltem Material, der Zwischensohle, die teilweise aus Verarbeitungsabf\u00e4llen hergestellt wird, und der zu 100 % recycelten Schn\u00fcrsenkel respektiert er die Umwelt. Vibram\u00ae IdroGrip-Sohle mit Kletterzone f\u00fcr maximalen Grip in technischem Gel\u00e4nde. TX2 Evo: erneuern, wiederverwenden, neu besohlen.     <\/p>\n<p>Obermaterial:<br \/>\n Wildleder (metallfrei) + PU Tech-Lite\u2122 an Zehen und Ferse.<\/p>\n<p>Futter:<br \/>\nrutschfestes Mesh Fu\u00dfbett<br \/>\n:<br \/>\nOrtholite\u00ae Hybrid Approach 4 mm<\/p>\n<p>Zwischensohle:<br \/>\n Recyceltes Kompressions-EVA<\/p>\n<p>Sohle:<br \/>\n Vibram\u00ae Idrogrip<br \/>\nPatente:<\/p>\n<p>C2 &#8211; Kombi-Schn\u00fcrsystem aus Kordel und Mythos<br \/>\nGr\u00f6\u00dfen:<br \/>\n37-471\/2 +1\/2<\/p>\n<p>Gewicht:<br \/>\n 295 g (ein halbes Paar)<\/p>\n","protected":false},"excerpt":{"rendered":"<p>Ein Zustiegsschuh, der f\u00fcr den technischen Zugang zu Kletterw\u00e4nden und den Einsatz am Fels entwickelt wurde, mit einer umh\u00fcllenden Passform<\/p>\n","protected":false},"featured_media":101808,"template":"","meta":{"_seopress_robots_primary_cat":"","_seopress_titles_title":"","_seopress_titles_desc":"","_seopress_robots_index":""},"product_brand":[3649],"product_cat":[1419,1431,175],"product_tag":[],"class_list":{"0":"post-476498","1":"product","2":"type-product","3":"status-publish","4":"has-post-thumbnail","6":"product_brand-la-sportiva-de","7":"product_cat-freizeitschuhe","8":"product_cat-herrenschuhe","9":"product_cat-schuhe","11":"first","12":"instock","13":"sale","14":"shipping-taxable","15":"purchasable","16":"product-type-variable"},"_links":{"self":[{"href":"https:\/\/lucacastelli.com\/de\/wp-json\/wp\/v2\/product\/476498","targetHints":{"allow":["GET"]}}],"collection":[{"href":"https:\/\/lucacastelli.com\/de\/wp-json\/wp\/v2\/product"}],"about":[{"href":"https:\/\/lucacastelli.com\/de\/wp-json\/wp\/v2\/types\/product"}],"wp:featuredmedia":[{"embeddable":true,"href":"https:\/\/lucacastelli.com\/de\/wp-json\/wp\/v2\/media\/101808"}],"wp:attachment":[{"href":"https:\/\/lucacastelli.com\/de\/wp-json\/wp\/v2\/media?parent=476498"}],"wp:term":[{"taxonomy":"product_brand","embeddable":true,"href":"https:\/\/lucacastelli.com\/de\/wp-json\/wp\/v2\/product_brand?post=476498"},{"taxonomy":"product_cat","embeddable":true,"href":"https:\/\/lucacastelli.com\/de\/wp-json\/wp\/v2\/product_cat?post=476498"},{"taxonomy":"product_tag","embeddable":true,"href":"https:\/\/lucacastelli.com\/de\/wp-json\/wp\/v2\/product_tag?post=476498"}],"curies":[{"name":"wp","href":"https:\/\/api.w.org\/{rel}","templated":true}]}}