{"id":476427,"date":"2024-08-09T09:10:32","date_gmt":"2024-08-09T07:10:32","guid":{"rendered":"https:\/\/lucacastelli.com\/?post_type=product&#038;p=476427"},"modified":"2025-10-24T13:19:44","modified_gmt":"2025-10-24T11:19:44","slug":"la-sportiva-schakal-ii-boa","status":"publish","type":"product","link":"https:\/\/lucacastelli.com\/de\/produkt\/la-sportiva-schakal-ii-boa\/","title":{"rendered":"LA SPORTIVA Schakal II Boa"},"content":{"rendered":"<p>Mountain Running Schuh\u00ae, der auf Leistung \u00fcber ULTRALANGE Distanzen ausgerichtet ist. Sohlenpaket, das mit Jackal II geteilt wird, d\u00e4mpfend und mit Infinitoo-Technologie\u00ae f\u00fcr weniger Energieaufwand ausgestattet. Sch\u00fctzendes Obermaterial mit pr\u00e4ziser und umh\u00fcllender Passform, das auch auf den technischsten Abschnitten eines Ultra-Marathons Stabilit\u00e4t gew\u00e4hrleistet. Doppeltes BOA-Rad\u00ae f\u00fcr eine schnelle und perfekte Lautst\u00e4rkeanpassung auch w\u00e4hrend des Laufens.   <\/p>\n<p>FUTTER:<br \/>\n Abriebfestes Mesh aus recyceltem Material<\/p>\n<p>OBERMATERIAL:<br \/>\n Sandwich-Mesh aus recyceltem Material + thermoklebende TPU-Verst\u00e4rkungen + mehrlagige Mikrofaserklappe + Ariaprene-Zunge und -Kragen<\/p>\n<p>EINLEGESOHLE:<br \/>\nOrtholite\u00ae Hybrid Mountain Running\u00ae Ergonomic 4 mm<\/p>\n<p>SOHLE:<br \/>\nHervorragender Grip dank der FriXion\u00ae White-Mischung mit seitlichen IBS-Stollen<\/p>\n<p>ZWISCHENSOHLE:<br \/>\n Aus EVA mit Infinitoo\u2122 Technology-Eins\u00e4tzen + hochdichtem EVA-Rock-Shield + zus\u00e4tzlicher interner d\u00e4mpfender Plattformschicht<\/p>\n<p>GEWICHT:<br \/>\n300 gr (1\/2 Paar)<\/p>\n<p>SPRENGUNG:<br \/>\n7 mm<\/p>\n<p>ABSATZ:<br \/>\n29 mm<\/p>\n<p>SPITZE:<br \/>\n22 mm<\/p>\n<p>LUFTH\u00d6HE:<br \/>\n3,5mm<\/p>\n","protected":false},"excerpt":{"rendered":"<p>Mountain Running Schuh\u00ae, der auf Leistung \u00fcber ULTRALANGE Distanzen ausgerichtet ist. Sohlenpaket, das mit Jackal II geteilt wird, d\u00e4mpfend und<\/p>\n","protected":false},"featured_media":101826,"template":"","meta":{"_seopress_robots_primary_cat":"none","_seopress_titles_title":"","_seopress_titles_desc":"","_seopress_robots_index":""},"product_brand":[3649],"product_cat":[1419,1431,175],"product_tag":[],"class_list":{"0":"post-476427","1":"product","2":"type-product","3":"status-publish","4":"has-post-thumbnail","6":"product_brand-la-sportiva-de","7":"product_cat-freizeitschuhe","8":"product_cat-herrenschuhe","9":"product_cat-schuhe","10":"sws-gruppo-abb-libero-de","11":"sws-conto-ricavi-merci-rivendita-abbigliamento-de","12":"sws-gruppo-iva-iva81-de","14":"first","15":"instock","16":"shipping-taxable","17":"purchasable","18":"product-type-variable","19":"has-default-attributes"},"_links":{"self":[{"href":"https:\/\/lucacastelli.com\/de\/wp-json\/wp\/v2\/product\/476427","targetHints":{"allow":["GET"]}}],"collection":[{"href":"https:\/\/lucacastelli.com\/de\/wp-json\/wp\/v2\/product"}],"about":[{"href":"https:\/\/lucacastelli.com\/de\/wp-json\/wp\/v2\/types\/product"}],"wp:featuredmedia":[{"embeddable":true,"href":"https:\/\/lucacastelli.com\/de\/wp-json\/wp\/v2\/media\/101826"}],"wp:attachment":[{"href":"https:\/\/lucacastelli.com\/de\/wp-json\/wp\/v2\/media?parent=476427"}],"wp:term":[{"taxonomy":"product_brand","embeddable":true,"href":"https:\/\/lucacastelli.com\/de\/wp-json\/wp\/v2\/product_brand?post=476427"},{"taxonomy":"product_cat","embeddable":true,"href":"https:\/\/lucacastelli.com\/de\/wp-json\/wp\/v2\/product_cat?post=476427"},{"taxonomy":"product_tag","embeddable":true,"href":"https:\/\/lucacastelli.com\/de\/wp-json\/wp\/v2\/product_tag?post=476427"}],"curies":[{"name":"wp","href":"https:\/\/api.w.org\/{rel}","templated":true}]}}