{"id":476377,"date":"2026-02-25T15:46:43","date_gmt":"2026-02-25T14:46:43","guid":{"rendered":"https:\/\/lucacastelli.com\/prodotto\/la-sportiva-trango-pro-gtx\/"},"modified":"2026-02-26T15:27:01","modified_gmt":"2026-02-26T14:27:01","slug":"la-sportiva-trango-pro-gtx","status":"publish","type":"product","link":"https:\/\/lucacastelli.com\/de\/produkt\/la-sportiva-trango-pro-gtx\/","title":{"rendered":"LA SPORTIVA Trango Pro GTX"},"content":{"rendered":"<p>Der Trango Pro GTX Bergschuh wurde f\u00fcr anspruchsvollste Anwender entwickelt, die Sicherheit und Leistung auf technischen und traditionellen alpinen Routen unter Sommerbedingungen ben\u00f6tigen.<\/p>\n<p>Mit Konzepten und Materialien der neuesten Generation gefertigt, wurde der Trango Pro GTX bis ins kleinste Detail entwickelt, um maximale Technik, Pr\u00e4zision beim Klettern und ein extrem reduziertes Gewicht zu garantieren und die Anforderungen von Bergprofis und fortgeschrittenen Anwendern zu erf\u00fcllen.<br \/>\nDie neue Trango-Ergo-Form, entwickelt f\u00fcr eine bessere Anpassung an verschiedene Fu\u00dfformen, erm\u00f6glicht Bergsteigern maximale Pr\u00e4zision und Komfort.<br \/>\nDie La Sportiva Vortex Gamasche mit Schnellverschluss verhindert das Eindringen von Ger\u00f6ll und Schnee und sch\u00fctzt die obere Schn\u00fcrung des Schuhs.<br \/>\nDie Vibram\u00ae Cube Evo Sohle, gefertigt mit SpringLug Tech Technologie zur Gew\u00e4hrleistung der Sto\u00dfd\u00e4mpfung bei Bodenkontakt bei gleichzeitiger Ultraleichtigkeit, wurde von La Sportiva Experten entwickelt, um die Kletterleistung dank der gro\u00dfz\u00fcgigen Climbing Zone im Vorfu\u00dfbereich zu maximieren und die Traktion und Bremswirkung durch den Einsatz der patentierten Impact Brake System\u2122 Technologie zu verbessern.<br \/>\nDas wasserdichte GORE-TEX Performance Comfort Futter gew\u00e4hrleistet maximalen Schutz vor Witterungseinfl\u00fcssen.<\/p>\n<p>TECHNISCHE INFO:<br \/>\n&#8211; Gamasche: Wasserabweisendes, elastisches und abriebfestes Gewebe mit Vortex\u2122 Verschlusssystem.<br \/>\n&#8211; Obermaterial: Hochfestes, wasserabweisendes Nylon 6.6 mit HoneyComb Guard\u2122 Abriebschutzzonen.<br \/>\n&#8211; Futter: GORE-TEX Performance Comfort<br \/>\n&#8211; Einlegesohle: Karbonverst\u00e4rktes Nylon<br \/>\n&#8211; Zwischensohle: Niedrigdichtes Polyurethan und TPU-Einsatz f\u00fcr die hintere Steigeisenbefestigung<br \/>\n&#8211; Sohle: Vibram\u00ae mit SpringLug Tech Technologie und Impact Brake System<br \/>\n&#8211; Patent: Impact Brake System; 3D Evo Flexionssystem<br \/>\n&#8211; Gewicht: 640 g halbes Paar.<\/p>\n","protected":false},"excerpt":{"rendered":"<p>Der Trango Pro GTX Bergschuh wurde f\u00fcr anspruchsvollste Anwender entwickelt, die Sicherheit und Leistung auf technischen und traditionellen alpinen Routen<\/p>\n","protected":false},"featured_media":101768,"template":"","meta":{"_seopress_robots_primary_cat":"none","_seopress_titles_title":"","_seopress_titles_desc":"","_seopress_robots_index":""},"product_brand":[3649],"product_cat":[175,1419,1431],"product_tag":[],"class_list":{"0":"post-476377","1":"product","2":"type-product","3":"status-publish","4":"has-post-thumbnail","6":"product_brand-la-sportiva-de","7":"product_cat-schuhe","8":"product_cat-freizeitschuhe","9":"product_cat-herrenschuhe","10":"sws-gruppo-abb-libero-de","11":"sws-categoria-sito-de","12":"sws-conto-ricavi-merci-rivendita-abbigliamento-de","13":"sws-gruppo-iva-iva81-de","15":"first","16":"instock","17":"shipping-taxable","18":"purchasable","19":"product-type-variable","20":"has-default-attributes"},"_links":{"self":[{"href":"https:\/\/lucacastelli.com\/de\/wp-json\/wp\/v2\/product\/476377","targetHints":{"allow":["GET"]}}],"collection":[{"href":"https:\/\/lucacastelli.com\/de\/wp-json\/wp\/v2\/product"}],"about":[{"href":"https:\/\/lucacastelli.com\/de\/wp-json\/wp\/v2\/types\/product"}],"wp:featuredmedia":[{"embeddable":true,"href":"https:\/\/lucacastelli.com\/de\/wp-json\/wp\/v2\/media\/101768"}],"wp:attachment":[{"href":"https:\/\/lucacastelli.com\/de\/wp-json\/wp\/v2\/media?parent=476377"}],"wp:term":[{"taxonomy":"product_brand","embeddable":true,"href":"https:\/\/lucacastelli.com\/de\/wp-json\/wp\/v2\/product_brand?post=476377"},{"taxonomy":"product_cat","embeddable":true,"href":"https:\/\/lucacastelli.com\/de\/wp-json\/wp\/v2\/product_cat?post=476377"},{"taxonomy":"product_tag","embeddable":true,"href":"https:\/\/lucacastelli.com\/de\/wp-json\/wp\/v2\/product_tag?post=476377"}],"curies":[{"name":"wp","href":"https:\/\/api.w.org\/{rel}","templated":true}]}}