{"id":476340,"date":"2024-06-21T16:59:56","date_gmt":"2024-06-21T14:59:56","guid":{"rendered":"https:\/\/lucacastelli.com\/prodotto\/la-sportiva-mutant\/"},"modified":"2024-06-21T16:59:56","modified_gmt":"2024-06-21T14:59:56","slug":"la-sportiva-mutant","status":"publish","type":"product","link":"https:\/\/lucacastelli.com\/de\/produkt\/la-sportiva-mutant\/","title":{"rendered":"LA SPORTIVA MUTANT"},"content":{"rendered":"<p>Mit einer aggressiven Au\u00dfensohle, starken Spikes und einer anpassungsf\u00e4higen Passform ist der Mutant f\u00fcr das anspruchsvollste Gel\u00e4nde ausgelegt. Ausgestattet mit dem klebrigeren FriXion\u00ae XF 2.0 Gummi f\u00fcr positive Traktion auf nassen und losen Trails und einem einzigartigen FusionGate-Schn\u00fcrsystem\u2122 inspiriert der Mutant f\u00fcr Vertrauen und Geschwindigkeit am Berg. Aktualisierte Grafiken, die von der Topografie des Val di Fiemme inspiriert sind und aus nachhaltigeren Materialien hergestellt werden.  <\/p>\n<p>&#8211; Das integrierte Schn\u00fcrsystem mit Fusiongate-Technologie\u2122 und hochfrequenten Verst\u00e4rkungen erm\u00f6glicht die Anpassung des Volumens und des Griffs des Fu\u00dfes.<br \/>\n&#8211; Spyraltongue-Technologie\u2122: Integrierte Gamasche, die sich an den unteren Kn\u00f6chel anschmiegt, w\u00e4hrend das B\u00fcndchen eng bleibt und der Kontakt mit externen Elementen vermieden wird.<br \/>\n&#8211; Die ultra-klebrige FriXion\u00ae FX 2.0-Gummimischung eignet sich perfekt f\u00fcr das Laufen auf weichem und schlammigem Gel\u00e4nde, w\u00e4hrend sich das V-Groove-Profil\u2122 dank der AT Grip Spike-Funktion an winterliche Bedingungen anpasst.<br \/>\n&#8211; Der Mutant ist ein absolutes Monster auf den Trails, sch\u00fctzt deine F\u00fc\u00dfe vor Steinen und Wurzeln und erweckt dank seines ultra-griffigen Gummis Vertrauen.<br \/>\n&#8211; Benutzerprofil: Bergl\u00e4ufer, die einen aggressiven, langlebigen und neutralen Trail-Schuh mit hervorragender D\u00e4mpfung und einer Sohle mit klebrigen Z\u00e4hnen suchen.<\/p>\n<p>ARTIKELDATEN: 56F GR\u00d6SSEN<br \/>\n: 38 &#8211; 47,5 (halbe Gr\u00f6\u00dfen)<br \/>\nGEWICHT: 320 g<br \/>\nHALTBARKEIT: 2 Ergo<br \/>\nTime Passform: Medium<br \/>\nSCHN\u00dcRSENKEL: 100 % recyceltes<br \/>\nPolyester OBERMATERIAL: Recyceltes AirMesh \/ Recycelte Schn\u00fcrsenkel \/ 4-Wege-Stretch-Scree-Schutz mit Schn\u00fcrsenkel Garage \/ TPU FusionGate<br \/>\nFUTTER: Rutschfestes<br \/>\nrecyceltes AirMesh SOHLE: Ortholite Hybrid mit 5 % recyceltem Gummi + 15 %<br \/>\nProduktionsabfallschaum Zwischensohle: Spritzgegossener EVA \/ TPU-Stabilisator<\/p>\n<p>SOHLE: FriXion\u00ae XF 2.0 Mischung mit Impact Brake\u2122 System und V-Groove\u2122 Profil.<br \/>\nKAPPENTIEFE: 6,5 mm<br \/>\nSPRENGUNG: 10 mm; Stack: 24 mm (Ferse) \/ 14 mm (Vorfu\u00df)<br \/>\nFEDERUNG: Zwischensohle: 32A<\/p>\n","protected":false},"excerpt":{"rendered":"<p>Mit einer aggressiven Au\u00dfensohle, starken Spikes und einer anpassungsf\u00e4higen Passform ist der Mutant f\u00fcr das anspruchsvollste Gel\u00e4nde ausgelegt. Ausgestattet mit<\/p>\n","protected":false},"featured_media":101721,"template":"","meta":{"_seopress_robots_primary_cat":"","_seopress_titles_title":"","_seopress_titles_desc":"","_seopress_robots_index":""},"product_brand":[3419],"product_cat":[28,568,575],"product_tag":[],"class_list":{"0":"post-476340","1":"product","2":"type-product","3":"status-publish","4":"has-post-thumbnail","6":"product_brand-la-sportiva","7":"product_cat-calzature","8":"product_cat-calzature-per-il-tempo-libero","9":"product_cat-calzature-da-donna","10":"sws-gruppo-no-gruppo","11":"sws-categoria-sito","12":"sws-gruppo-iva-iva81","14":"first","15":"instock","16":"shipping-taxable","17":"purchasable","18":"product-type-variable"},"_links":{"self":[{"href":"https:\/\/lucacastelli.com\/de\/wp-json\/wp\/v2\/product\/476340","targetHints":{"allow":["GET"]}}],"collection":[{"href":"https:\/\/lucacastelli.com\/de\/wp-json\/wp\/v2\/product"}],"about":[{"href":"https:\/\/lucacastelli.com\/de\/wp-json\/wp\/v2\/types\/product"}],"wp:featuredmedia":[{"embeddable":true,"href":"https:\/\/lucacastelli.com\/de\/wp-json\/wp\/v2\/media\/101721"}],"wp:attachment":[{"href":"https:\/\/lucacastelli.com\/de\/wp-json\/wp\/v2\/media?parent=476340"}],"wp:term":[{"taxonomy":"product_brand","embeddable":true,"href":"https:\/\/lucacastelli.com\/de\/wp-json\/wp\/v2\/product_brand?post=476340"},{"taxonomy":"product_cat","embeddable":true,"href":"https:\/\/lucacastelli.com\/de\/wp-json\/wp\/v2\/product_cat?post=476340"},{"taxonomy":"product_tag","embeddable":true,"href":"https:\/\/lucacastelli.com\/de\/wp-json\/wp\/v2\/product_tag?post=476340"}],"curies":[{"name":"wp","href":"https:\/\/api.w.org\/{rel}","templated":true}]}}