{"id":476269,"date":"2026-04-02T14:15:30","date_gmt":"2026-04-02T12:15:30","guid":{"rendered":"https:\/\/lucacastelli.com\/prodotto\/la-sportiva-tx4-damen-gtx\/"},"modified":"2026-04-13T22:03:41","modified_gmt":"2026-04-13T20:03:41","slug":"la-sportiva-tx4-damen-gtx","status":"publish","type":"product","link":"https:\/\/lucacastelli.com\/de\/produkt\/la-sportiva-tx4-damen-gtx\/","title":{"rendered":"LA SPORTIVA TX4 Woman GTX"},"content":{"rendered":"<p>Lederschuh mit Gore-Tex Extended Comfort Futter, entwickelt f\u00fcr technische Zustiege und Klettersteige, Teil der Traverse X Approach-Serie: ideal f\u00fcr den dauerhaften Einsatz durch Bergf\u00fchrer und Bergprofis. Jedes Detail ist darauf ausgelegt, Grip, Komfort und Schutz beim Zustieg zu garantieren und den technischen Einsatz bis zum Wandfu\u00df zu unterst\u00fctzen. <\/p>\n<p>Der TX4 ist ein robuster Schuh \u201ebuilt to last\u201c, der dank des STB Control System\u2122 Konstruktionssystems, das Struktur und Torsionsstabilit\u00e4t bietet, auf Langlebigkeit ausgelegt ist. Klares und essentielles Design dank des sehr robusten Leder-Obermaterials, hohe Abriebfestigkeit durch den umlaufenden PU TechLite Rand, Vibram MegaGrip Sohle mit Climbing Zone an der Spitze und Impact Brake System hinten: konzipiert f\u00fcr das Klettern und den Abstieg in technischem Gel\u00e4nde. Das Schn\u00fcrsystem stammt vom Klettermodell Mythos ab und erm\u00f6glicht die Regulierung der Spannung und des Volumens mit einem einzigen Handgriff. Traverse X ist der ultimative Ausdruck f\u00fcr komfortables, schnelles und sicheres Bewegen am Berg.   <\/p>\n<p>Obermaterial:<br \/>\nWildleder + 1,5 mm PU TechLite Schutzrand und sch\u00fctzende Gummikappe<\/p>\n<p>Futter:<br \/>\nGore-Tex Extended Comfort<\/p>\n<p>Zwischensohle:<br \/>\nd\u00e4mpfendes eingespritztes EVA<\/p>\n<p>Einlegesohle:<br \/>\nOrtholite Approach 4 mm<\/p>\n<p>Sohle:<br \/>\nVibram Mega-Grip mit Impact Brake System und Climbing Zone an der Spitze<\/p>\n<p>Gr\u00f6\u00dfen:<br \/>\n36 \u2013 42 einschlie\u00dflich halber Gr\u00f6\u00dfen<\/p>\n<p>Patente:<br \/>\nMythos-Schn\u00fcrsystem<\/p>\n<p>Gewicht:<br \/>\n330 g pro halbem Paar<\/p>\n","protected":false},"excerpt":{"rendered":"<p>Lederschuh mit Gore-Tex Extended Comfort Futter, entwickelt f\u00fcr technische Zustiege und Klettersteige, Teil der Traverse X Approach-Serie: ideal f\u00fcr den<\/p>\n","protected":false},"featured_media":101735,"template":"","meta":{"_seopress_robots_primary_cat":"none","_seopress_titles_title":"","_seopress_titles_desc":"","_seopress_robots_index":""},"product_brand":[3649],"product_cat":[175,1419,1430],"product_tag":[],"class_list":{"0":"post-476269","1":"product","2":"type-product","3":"status-publish","4":"has-post-thumbnail","6":"product_brand-la-sportiva-de","7":"product_cat-schuhe","8":"product_cat-freizeitschuhe","9":"product_cat-damen-schuhe","10":"sws-gruppo-abb-libero-de","11":"sws-conto-ricavi-merci-rivendita-abbigliamento-de","12":"sws-gruppo-iva-iva81-de","14":"first","15":"instock","16":"sale","17":"shipping-taxable","18":"purchasable","19":"product-type-variable","20":"has-default-attributes"},"_links":{"self":[{"href":"https:\/\/lucacastelli.com\/de\/wp-json\/wp\/v2\/product\/476269","targetHints":{"allow":["GET"]}}],"collection":[{"href":"https:\/\/lucacastelli.com\/de\/wp-json\/wp\/v2\/product"}],"about":[{"href":"https:\/\/lucacastelli.com\/de\/wp-json\/wp\/v2\/types\/product"}],"wp:featuredmedia":[{"embeddable":true,"href":"https:\/\/lucacastelli.com\/de\/wp-json\/wp\/v2\/media\/101735"}],"wp:attachment":[{"href":"https:\/\/lucacastelli.com\/de\/wp-json\/wp\/v2\/media?parent=476269"}],"wp:term":[{"taxonomy":"product_brand","embeddable":true,"href":"https:\/\/lucacastelli.com\/de\/wp-json\/wp\/v2\/product_brand?post=476269"},{"taxonomy":"product_cat","embeddable":true,"href":"https:\/\/lucacastelli.com\/de\/wp-json\/wp\/v2\/product_cat?post=476269"},{"taxonomy":"product_tag","embeddable":true,"href":"https:\/\/lucacastelli.com\/de\/wp-json\/wp\/v2\/product_tag?post=476269"}],"curies":[{"name":"wp","href":"https:\/\/api.w.org\/{rel}","templated":true}]}}