{"id":476241,"date":"2024-06-21T16:48:50","date_gmt":"2024-06-21T14:48:50","guid":{"rendered":"https:\/\/lucacastelli.com\/prodotto\/la-sportiva-jackal-ii-frau\/"},"modified":"2024-06-21T16:48:50","modified_gmt":"2024-06-21T14:48:50","slug":"la-sportiva-jackal-ii-frau","status":"publish","type":"product","link":"https:\/\/lucacastelli.com\/de\/produkt\/la-sportiva-jackal-ii-frau\/","title":{"rendered":"LA SPORTIVA JACKAL II FRAU"},"content":{"rendered":"<p>Die Jackal II Damen-Trailrunning-Schuhe wurden f\u00fcr L\u00e4uferinnen entwickelt, die eine weiche D\u00e4mpfung, eine breitere Passform und mehr Volumen w\u00fcnschen, und halten deine F\u00fc\u00dfe stabil und geladen f\u00fcr lange L\u00e4ufe in technischem und unwegsamem Gel\u00e4nde. Das aktualisierte Modell beh\u00e4lt die besten Aspekte des Originals bei, mit neuen umweltfreundlichen Obermaterialien, einer neuen Fersen-\/Zungenkonstruktion und erh\u00f6hter Atmungsaktivit\u00e4t, und das alles in einem leichteren Design. <\/p>\n<p>&#8211; Zu den Updates gegen\u00fcber der ersten Jackal-Version geh\u00f6ren: die Verwendung von recyceltem Mesh (Vorfu\u00df, Zunge und Futter), eine neue Zungenkonstruktion zur Gewichtsreduzierung, eine neu gestaltete Ferse mit neuer Konstruktion und neuen Materialien sowie ein neues Schn\u00fcrdesign f\u00fcr ein h\u00f6heres Ma\u00df an Anpassungsf\u00e4higkeit des Vorfu\u00dfvolumens.<br \/>\n&#8211; Innovative Kombination aus EVA-Zwischensohle und Infinitoo\u2122 PU-Eins\u00e4tzen (10 mm in der Ferse und 5 mm im Vorfu\u00dfbereich) f\u00fcr eine perfekte Balance zwischen Langstreckend\u00e4mpfung und Stabilit\u00e4t auf den Trails.<br \/>\n&#8211; Frixion\u00ae XT 2.0 Gummimischung f\u00fcr ein ausgewogenes Verh\u00e4ltnis von Traktion und Haltbarkeit<br \/>\n &#8211; Das mediale\/laterale Mono-Burr Mesh erh\u00f6ht die Atmungsaktivit\u00e4t f\u00fcr maximale Bel\u00fcftung und Klimakomfort.<br \/>\n&#8211; Benutzerprofil: Ideal f\u00fcr Berglaufbegeisterte, die einen Mittel- bis Langstreckenschuh f\u00fcr L\u00e4ufe und Rennen in technischerem Gel\u00e4nde suchen.<\/p>\n<p>ARTIKEL: 56K<br \/>\nGR\u00d6SSEN: 36 &#8211; 43 (halbe Gr\u00f6\u00dfen)<br \/>\nGEWICHT: 8,6 oz \/ 245g<br \/>\nDAUER: Ultra Time der Frauen<br \/>\nPassform: locker<br \/>\nSCHN\u00dcRSENKEL: 100% recyceltes Polyester<br \/>\nOBERMATERIAL: Recyceltes Sandwich-Mesh \/ Recycelte Schn\u00fcrsenkel \/ Atmungsaktive Eins\u00e4tze aus Monobutter-Nylon \/ Nahtlose, thermoklebende TPU-Verst\u00e4rkungen \/ TPU-Zehenkappe<br \/>\nFUTTER: abriebfester, recycelter Strick<br \/>\nSOHLE: Ortholite Hybrid mit 5 % recyceltem Gummi + 15 % Schaumstoff aus Produktionsabf\u00e4llen<br \/>\nZwischensohle: Formgepresstes EVA mit Infinitoo PU-Eins\u00e4tzen \/ 1,5 mm Dual-Density komprimierter EVA-Steinschutz<br \/>\nSOHLE: FriXion\u00ae XT 2.0 mit Impact Brake System \/ FLEX Eins\u00e4tze<br \/>\nKAPPENTIEFE: 3,5 mm<br \/>\nSPRENGUNG: 7 mm; Positionierung: Ferse: 29 mm \/ Spitze: 22 mm<br \/>\nPOLSTER: EVA: 35A und 32A (Ferse\/Vorfu\u00df) \/ Infinitoo PU-Eins\u00e4tze: 30A (Ferse\/Vorfu\u00df)<\/p>\n","protected":false},"excerpt":{"rendered":"<p>Die Jackal II Damen-Trailrunning-Schuhe wurden f\u00fcr L\u00e4uferinnen entwickelt, die eine weiche D\u00e4mpfung, eine breitere Passform und mehr Volumen w\u00fcnschen, und<\/p>\n","protected":false},"featured_media":101698,"template":"","meta":{"_seopress_robots_primary_cat":"","_seopress_titles_title":"","_seopress_titles_desc":"","_seopress_robots_index":""},"product_brand":[3649],"product_cat":[1430,1419,175],"product_tag":[],"class_list":{"0":"post-476241","1":"product","2":"type-product","3":"status-publish","4":"has-post-thumbnail","6":"product_brand-la-sportiva-de","7":"product_cat-damen-schuhe","8":"product_cat-freizeitschuhe","9":"product_cat-schuhe","10":"sws-gruppo-no-gruppo","11":"sws-categoria-sito","12":"sws-gruppo-iva-iva81","14":"first","15":"instock","16":"shipping-taxable","17":"purchasable","18":"product-type-variable"},"_links":{"self":[{"href":"https:\/\/lucacastelli.com\/de\/wp-json\/wp\/v2\/product\/476241","targetHints":{"allow":["GET"]}}],"collection":[{"href":"https:\/\/lucacastelli.com\/de\/wp-json\/wp\/v2\/product"}],"about":[{"href":"https:\/\/lucacastelli.com\/de\/wp-json\/wp\/v2\/types\/product"}],"wp:featuredmedia":[{"embeddable":true,"href":"https:\/\/lucacastelli.com\/de\/wp-json\/wp\/v2\/media\/101698"}],"wp:attachment":[{"href":"https:\/\/lucacastelli.com\/de\/wp-json\/wp\/v2\/media?parent=476241"}],"wp:term":[{"taxonomy":"product_brand","embeddable":true,"href":"https:\/\/lucacastelli.com\/de\/wp-json\/wp\/v2\/product_brand?post=476241"},{"taxonomy":"product_cat","embeddable":true,"href":"https:\/\/lucacastelli.com\/de\/wp-json\/wp\/v2\/product_cat?post=476241"},{"taxonomy":"product_tag","embeddable":true,"href":"https:\/\/lucacastelli.com\/de\/wp-json\/wp\/v2\/product_tag?post=476241"}],"curies":[{"name":"wp","href":"https:\/\/api.w.org\/{rel}","templated":true}]}}