{"id":476217,"date":"2024-06-21T16:12:55","date_gmt":"2024-06-21T14:12:55","guid":{"rendered":"https:\/\/lucacastelli.com\/?post_type=product&#038;p=476217"},"modified":"2025-07-29T09:05:47","modified_gmt":"2025-07-29T07:05:47","slug":"la-sportiva-akasha-ii","status":"publish","type":"product","link":"https:\/\/lucacastelli.com\/de\/produkt\/la-sportiva-akasha-ii\/","title":{"rendered":"LA SPORTIVA Akasha II"},"content":{"rendered":"<p>Technisches und \u00e4sthetisches Redesign von Akasha, dem Schuh aus der La Sportiva Mountain Running-Kollektion\u00ae, der f\u00fcr Ausdauerwettk\u00e4mpfe gedacht ist und sich perfekt f\u00fcr Langstrecken, UltraMarathons, Ultra-Trails und f\u00fcr den l\u00e4ngeren Einsatz im Training eignet. Der Tragekomfort ist durch die D\u00e4mpfung gegeben, dank der Cushion Platform-Fu\u00dfbetteinlage\u2122 und der gro\u00dfen Innenvolumina sowie des weichen, atmungsaktiven und umh\u00fcllenden Obermaterials mit Slip-on-Konstruktion, das Kompressionspunkte w\u00e4hrend des Laufs vermeidet. Die Active ProTechTion\u2122 Frontverst\u00e4rkungen sorgen f\u00fcr Schutz und Struktur, indem sie der Bewegung des Fu\u00dfes dynamisch und ohne Einschn\u00fcrung folgen. Die griffige und bi-compoundierte FriXion\u00ae Red-Sohle ist mit der exklusiven Trail Rocker-L\u00f6sung\u2122 ausgestattet, die in der Lage ist, die nat\u00fcrliche Bewegung des Fu\u00dfes &#8220;\u00e4u\u00dfere Ferse \u2013 innere Zehe&#8221; w\u00e4hrend des Laufs zu beg\u00fcnstigen. Die Schn\u00fcrsenkel und das Ortholite\u00ae Hybrid-Fu\u00dfbett bestehen ebenfalls aus recycelten Materialien. Akasha II: Der Code des Ultral\u00e4ufers dr\u00fcckt sich in Schutz, Komfort und D\u00e4mpfung aus.     <\/p>\n<p>Obermaterial:<br \/>\n Perforiertes AirMesh + PU-Lederr\u00fccken und Dynamic ProTechTion\u2122 im Zehenbereich<\/p>\n<p>Sohle:<br \/>\n FriXion\u00ae Red Bi-Compound mit Trail Rocker\u2122<\/p>\n<p>Zwischensohle:<br \/>\n Injektions-EVA und Cushion-Plattform\u2122<\/p>\n<p>Fu\u00dfbett:<br \/>\n Ortholite\u00ae Hybrid Mountain Running<\/p>\n<p>Futter:<br \/>\n Rutschfestes Mesh<\/p>\n<p>Gr\u00f6\u00dfen:<br \/>\n 38-49 +1\/2<\/p>\n<p>Gewicht:<br \/>\n 310 (halbes Paar)<\/p>\n","protected":false},"excerpt":{"rendered":"<p>Technisches und \u00e4sthetisches Redesign von Akasha, dem Schuh aus der La Sportiva Mountain Running-Kollektion\u00ae, der f\u00fcr Ausdauerwettk\u00e4mpfe gedacht ist und<\/p>\n","protected":false},"featured_media":101672,"template":"","meta":{"_seopress_robots_primary_cat":"","_seopress_titles_title":"","_seopress_titles_desc":"","_seopress_robots_index":""},"product_brand":[3649],"product_cat":[175,1419,1431],"product_tag":[],"class_list":{"0":"post-476217","1":"product","2":"type-product","3":"status-publish","4":"has-post-thumbnail","6":"product_brand-la-sportiva-de","7":"product_cat-schuhe","8":"product_cat-freizeitschuhe","9":"product_cat-herrenschuhe","10":"sws-gruppo-abb-libero-de","11":"sws-conto-ricavi-merci-rivendita-abbigliamento-de","12":"sws-gruppo-iva-iva81-de","14":"first","15":"instock","16":"shipping-taxable","17":"purchasable","18":"product-type-variable"},"_links":{"self":[{"href":"https:\/\/lucacastelli.com\/de\/wp-json\/wp\/v2\/product\/476217","targetHints":{"allow":["GET"]}}],"collection":[{"href":"https:\/\/lucacastelli.com\/de\/wp-json\/wp\/v2\/product"}],"about":[{"href":"https:\/\/lucacastelli.com\/de\/wp-json\/wp\/v2\/types\/product"}],"wp:featuredmedia":[{"embeddable":true,"href":"https:\/\/lucacastelli.com\/de\/wp-json\/wp\/v2\/media\/101672"}],"wp:attachment":[{"href":"https:\/\/lucacastelli.com\/de\/wp-json\/wp\/v2\/media?parent=476217"}],"wp:term":[{"taxonomy":"product_brand","embeddable":true,"href":"https:\/\/lucacastelli.com\/de\/wp-json\/wp\/v2\/product_brand?post=476217"},{"taxonomy":"product_cat","embeddable":true,"href":"https:\/\/lucacastelli.com\/de\/wp-json\/wp\/v2\/product_cat?post=476217"},{"taxonomy":"product_tag","embeddable":true,"href":"https:\/\/lucacastelli.com\/de\/wp-json\/wp\/v2\/product_tag?post=476217"}],"curies":[{"name":"wp","href":"https:\/\/api.w.org\/{rel}","templated":true}]}}