{"id":476139,"date":"2024-06-21T14:54:35","date_gmt":"2024-06-21T12:54:35","guid":{"rendered":"https:\/\/lucacastelli.com\/prodotto\/la-sportiva-karacal\/"},"modified":"2024-06-21T14:54:35","modified_gmt":"2024-06-21T12:54:35","slug":"la-sportiva-karacal","status":"publish","type":"product","link":"https:\/\/lucacastelli.com\/de\/produkt\/la-sportiva-karacal\/","title":{"rendered":"LA SPORTIVA Karacal"},"content":{"rendered":"<p>Dieser Trailrunning-Trainingsschuh wurde f\u00fcr l\u00e4ngere Trainingseinheiten \u00fcber mittlere und lange Distanzen entwickelt und eignet sich dank seines perfekten Komforts und maximalen Atmungsaktivit\u00e4t perfekt f\u00fcr die Regeneration nach dem Rennen.<\/p>\n<p>Karacal ist ein Trailrunning-Trainingsschuh und wurde f\u00fcr l\u00e4ngere Offroad-Trainingseinheiten \u00fcber mittlere und lange Distanzen entwickelt. Perfekt f\u00fcr die Regeneration nach dem Rennen dank perfektem Komfort und maximaler Atmungsaktivit\u00e4t. Bequeme Passform, kompakter &#8220;leistungs\u00e4hnlicher&#8221; Schutzkragen und Zunge mit traditioneller Konstruktion f\u00fcr maximalen Komfort. Das nahtlose, einlagige 3D-Mesh-Obermaterial erm\u00f6glicht ein reduziertes Volumen und eine hohe Atmungsaktivit\u00e4t, w\u00e4hrend die Mikrofaser-R\u00fcckenverst\u00e4rkungen die Gesamtstabilit\u00e4t des Schuhs f\u00f6rdern. Extrem leicht und flexibel dank der Gewichtsreduzierung aller verwendeten Materialien und der Dual-Density-EVA-Zwischensohle, leicht und widerstandsf\u00e4hig. Die thermogeformte Spitze tr\u00e4gt zur Leichtigkeit bei und bietet optimalen Schutz vor St\u00f6\u00dfen mit Steinen und Wurzeln. Die Sohle besteht aus widerstandsf\u00e4higer blauer FriXion-Mischung mit unterschiedlich dicken Impact Brake System-Stollen und ist f\u00fcr lange Trainingseinheiten ausgelegt.        <\/p>\n<p>Obermaterial: Atmungsaktives 3D-Einlagen-Mesh<br \/>\nFutter: Hochreibungsbest\u00e4ndiges<br \/>\nMesh Einlegesohle: Ortholite Mountain Running Zwischensohle<br \/>\n: Memlex Eva f\u00fcr optimale<br \/>\nD\u00e4mpfung Au\u00dfensohle: FriXion widerstandsf\u00e4hig<br \/>\nDrop: 7 mm<br \/>\nGewicht: 290 g (1\/2 Paar)<\/p>\n","protected":false},"excerpt":{"rendered":"<p>Dieser Trailrunning-Trainingsschuh wurde f\u00fcr l\u00e4ngere Trainingseinheiten \u00fcber mittlere und lange Distanzen entwickelt und eignet sich dank seines perfekten Komforts und<\/p>\n","protected":false},"featured_media":101641,"template":"","meta":{"_seopress_robots_primary_cat":"","_seopress_titles_title":"","_seopress_titles_desc":"","_seopress_robots_index":""},"product_brand":[3649],"product_cat":[1419,1431,175],"product_tag":[],"class_list":{"0":"post-476139","1":"product","2":"type-product","3":"status-publish","4":"has-post-thumbnail","6":"product_brand-la-sportiva-de","7":"product_cat-freizeitschuhe","8":"product_cat-herrenschuhe","9":"product_cat-schuhe","10":"sws-gruppo-no-gruppo","11":"sws-categoria-sito","12":"sws-gruppo-iva-iva81","14":"first","15":"instock","16":"shipping-taxable","17":"purchasable","18":"product-type-variable"},"_links":{"self":[{"href":"https:\/\/lucacastelli.com\/de\/wp-json\/wp\/v2\/product\/476139","targetHints":{"allow":["GET"]}}],"collection":[{"href":"https:\/\/lucacastelli.com\/de\/wp-json\/wp\/v2\/product"}],"about":[{"href":"https:\/\/lucacastelli.com\/de\/wp-json\/wp\/v2\/types\/product"}],"wp:featuredmedia":[{"embeddable":true,"href":"https:\/\/lucacastelli.com\/de\/wp-json\/wp\/v2\/media\/101641"}],"wp:attachment":[{"href":"https:\/\/lucacastelli.com\/de\/wp-json\/wp\/v2\/media?parent=476139"}],"wp:term":[{"taxonomy":"product_brand","embeddable":true,"href":"https:\/\/lucacastelli.com\/de\/wp-json\/wp\/v2\/product_brand?post=476139"},{"taxonomy":"product_cat","embeddable":true,"href":"https:\/\/lucacastelli.com\/de\/wp-json\/wp\/v2\/product_cat?post=476139"},{"taxonomy":"product_tag","embeddable":true,"href":"https:\/\/lucacastelli.com\/de\/wp-json\/wp\/v2\/product_tag?post=476139"}],"curies":[{"name":"wp","href":"https:\/\/api.w.org\/{rel}","templated":true}]}}