{"id":476091,"date":"2024-06-21T14:33:17","date_gmt":"2024-06-21T12:33:17","guid":{"rendered":"https:\/\/lucacastelli.com\/prodotto\/la-sportiva-lycan-ii-damen\/"},"modified":"2026-04-14T03:08:11","modified_gmt":"2026-04-14T01:08:11","slug":"la-sportiva-lycan-ii-damen","status":"publish","type":"product","link":"https:\/\/lucacastelli.com\/de\/produkt\/la-sportiva-lycan-ii-damen\/","title":{"rendered":"LA SPORTIVA Lycan II Woman"},"content":{"rendered":"<p>Ein perfekter Trailrunning-Schuh f\u00fcr Mittelstreckenl\u00e4ufe, Training und Skyrunning-Wettk\u00e4mpfe. Bequem und komfortabel, ideal f\u00fcr alle Off-Road-Laufbegeisterten. <\/p>\n<p>LYCAN II ist ein perfekter Trailrunning-Schuh f\u00fcr Mittelstrecken, Training und Bergwettk\u00e4mpfe. Bequem und komfortabel, ideal f\u00fcr alle Off-Road-Laufliebhaber. Technische und \u00e4sthetische Weiterentwicklung des Lycan-Modells mit neuer Grafik, neuem hochabriebfestem Futter und neuer Sohle aus hochhaftender FriXion Blue-Mischung, perfekt zum Laufen auf weichen und schlammigen Untergr\u00fcnden. Dieses Trailrunning-Modell ist dank der hohen D\u00e4mpfung und des Befestigungssystems f\u00fcr abnehmbare Spikes AT Grip Spike \u00e4u\u00dferst vielseitig. Das Obermaterial besteht aus atmungsaktivem Mesh mit abriebfesten Mikrofaser-Verst\u00e4rkungen f\u00fcr Schutz und Leichtigkeit. Die breite Passform bietet maximalen Komfort. Die eingespritzte Zwischensohle garantiert optimale D\u00e4mpfung und allgemeinen Komfort.      <\/p>\n<p>Obermaterial: atmungsaktives Mesh mit abriebfesten Mikrofaser-Verst\u00e4rkungen + TPU-Schutzkappe<br \/>\nFutter: hochabriebfestes Mesh<br \/>\nEinlegesohle: Ortholite\u00ae Mountain Running Ergonomic 4 mm<br \/>\nZwischensohle: EVA f\u00fcr optimale D\u00e4mpfung<br \/>\nSohle: FriXion\u00ae Blue mit Impact Brake-System<br \/>\nGewicht: 270 g (halbes Paar)<br \/>\nDrop: 7 mm<\/p>\n","protected":false},"excerpt":{"rendered":"<p>Ein perfekter Trailrunning-Schuh f\u00fcr Mittelstreckenl\u00e4ufe, Training und Skyrunning-Wettk\u00e4mpfe. Bequem und komfortabel, ideal f\u00fcr alle Off-Road-Laufbegeisterten. LYCAN II ist ein perfekter<\/p>\n","protected":false},"featured_media":101625,"template":"","meta":{"_seopress_robots_primary_cat":"none","_seopress_titles_title":"","_seopress_titles_desc":"","_seopress_robots_index":""},"product_brand":[3649],"product_cat":[1430,1419,175],"product_tag":[],"class_list":{"0":"post-476091","1":"product","2":"type-product","3":"status-publish","4":"has-post-thumbnail","6":"product_brand-la-sportiva-de","7":"product_cat-damen-schuhe","8":"product_cat-freizeitschuhe","9":"product_cat-schuhe","10":"sws-gruppo-no-gruppo-de","11":"sws-categoria-sito-de","12":"sws-gruppo-iva-iva81-de","14":"first","15":"instock","16":"shipping-taxable","17":"purchasable","18":"product-type-variable"},"_links":{"self":[{"href":"https:\/\/lucacastelli.com\/de\/wp-json\/wp\/v2\/product\/476091","targetHints":{"allow":["GET"]}}],"collection":[{"href":"https:\/\/lucacastelli.com\/de\/wp-json\/wp\/v2\/product"}],"about":[{"href":"https:\/\/lucacastelli.com\/de\/wp-json\/wp\/v2\/types\/product"}],"wp:featuredmedia":[{"embeddable":true,"href":"https:\/\/lucacastelli.com\/de\/wp-json\/wp\/v2\/media\/101625"}],"wp:attachment":[{"href":"https:\/\/lucacastelli.com\/de\/wp-json\/wp\/v2\/media?parent=476091"}],"wp:term":[{"taxonomy":"product_brand","embeddable":true,"href":"https:\/\/lucacastelli.com\/de\/wp-json\/wp\/v2\/product_brand?post=476091"},{"taxonomy":"product_cat","embeddable":true,"href":"https:\/\/lucacastelli.com\/de\/wp-json\/wp\/v2\/product_cat?post=476091"},{"taxonomy":"product_tag","embeddable":true,"href":"https:\/\/lucacastelli.com\/de\/wp-json\/wp\/v2\/product_tag?post=476091"}],"curies":[{"name":"wp","href":"https:\/\/api.w.org\/{rel}","templated":true}]}}