{"id":476074,"date":"2024-06-18T13:37:16","date_gmt":"2024-06-18T11:37:16","guid":{"rendered":"https:\/\/lucacastelli.com\/prodotto\/la-sportiva-akasha-frau\/"},"modified":"2024-06-18T13:37:16","modified_gmt":"2024-06-18T11:37:16","slug":"la-sportiva-akasha-frau","status":"publish","type":"product","link":"https:\/\/lucacastelli.com\/de\/produkt\/la-sportiva-akasha-frau\/","title":{"rendered":"LA SPORTIVA AKASHA Frau"},"content":{"rendered":"<p>Hyperged\u00e4mpfter Ausdauerschuh f\u00fcr Bergl\u00e4ufe, entwickelt f\u00fcr lange Strecken, Ultra-Marathons, Ultra-Trails und ausgedehnte Workouts.<br \/>\nAkasha, ein Wort aus dem Sanskrit, das die Leichtigkeit des Seins bezeichnet, ist der am st\u00e4rksten ged\u00e4mpfte Schuh der La Sportiva Mountain Running-Kollektion: f\u00fcr Ausdauerwettk\u00e4mpfe, ideal f\u00fcr Langstreckenl\u00e4ufe, Ultra-Marathons, Ultra-Trails und f\u00fcr l\u00e4ngeres Training.<br \/>\nDer Komfort wird durch die D\u00e4mpfung dank des orthop\u00e4dischen Cushion Platform-Einsatzes\u2122, des gro\u00dfen Innenvolumens und des weichen, atmungsaktiven und umh\u00fcllenden Obermaterials mit Slip-on-Konstruktion gew\u00e4hrleistet, das Kompressionspunkte w\u00e4hrend des Laufs vermeidet. Die aktiven vorderen Verst\u00e4rkungen Dynamic ProTechTion sorgen f\u00fcr Schutz und Struktur, indem sie der Bewegung des Fu\u00dfes dynamisch und ohne Belastung\u2122 folgen.<br \/>\nDie FriXion XT Bi-Mesh-Sohle ist mit dem exklusiven Trail Rocker-System\u2122 ausgestattet, das die nat\u00fcrliche Unterst\u00fctzung des Fu\u00dfes &#8220;\u00e4u\u00dfere Ferse &#8211; innere Zehe&#8221; w\u00e4hrend des Laufs beg\u00fcnstigt.<br \/>\nAkasha: der Code des Ultral\u00e4ufers, der sich in Schutz, Komfort und D\u00e4mpfung ausdr\u00fcckt <\/p>\n<p>Weiches, eng anliegendes und superatmungsaktives Slip-On-Obermaterial mit socken\u00e4hnlicher Konstruktion, die Kompressionspunkte vermeidet, f\u00fcr maximalen Komfort.<br \/>\n+ Gro\u00dfes Volumen f\u00fcr den l\u00e4ngeren Einsatz bei Ausdauerrennen<br \/>\n+ Active ProTechTion\u2122 Verst\u00e4rkungen vorne: bieten Schutz und Struktur, indem sie der Bewegung des Fu\u00dfes dynamisch und ohne Belastung folgen.<br \/>\n+ Zus\u00e4tzliche D\u00e4mpfung dank der orthop\u00e4dischen Cushion Platform-Einlage\u2122.<br \/>\n+ Sohle mit dem exklusiven Trail Rocker-System\u2122, das die nat\u00fcrliche Unterst\u00fctzung des Fu\u00dfes &#8220;\u00e4u\u00dfere Ferse &#8211; innere Spitze&#8221; w\u00e4hrend des Laufs beg\u00fcnstigt.<br \/>\n+6 mm<br \/>\n Gef\u00e4lle+Gewicht 330 Gramm<\/p>\n","protected":false},"excerpt":{"rendered":"<p>Hyperged\u00e4mpfter Ausdauerschuh f\u00fcr Bergl\u00e4ufe, entwickelt f\u00fcr lange Strecken, Ultra-Marathons, Ultra-Trails und ausgedehnte Workouts. Akasha, ein Wort aus dem Sanskrit, das<\/p>\n","protected":false},"featured_media":101477,"template":"","meta":{"_seopress_robots_primary_cat":"","_seopress_titles_title":"","_seopress_titles_desc":"","_seopress_robots_index":""},"product_brand":[3649],"product_cat":[1430,1419,175],"product_tag":[],"class_list":{"0":"post-476074","1":"product","2":"type-product","3":"status-publish","4":"has-post-thumbnail","6":"product_brand-la-sportiva-de","7":"product_cat-damen-schuhe","8":"product_cat-freizeitschuhe","9":"product_cat-schuhe","10":"sws-gruppo-no-gruppo","11":"sws-categoria-sito","12":"sws-gruppo-iva-iva81","14":"first","15":"instock","16":"shipping-taxable","17":"purchasable","18":"product-type-variable"},"_links":{"self":[{"href":"https:\/\/lucacastelli.com\/de\/wp-json\/wp\/v2\/product\/476074","targetHints":{"allow":["GET"]}}],"collection":[{"href":"https:\/\/lucacastelli.com\/de\/wp-json\/wp\/v2\/product"}],"about":[{"href":"https:\/\/lucacastelli.com\/de\/wp-json\/wp\/v2\/types\/product"}],"wp:featuredmedia":[{"embeddable":true,"href":"https:\/\/lucacastelli.com\/de\/wp-json\/wp\/v2\/media\/101477"}],"wp:attachment":[{"href":"https:\/\/lucacastelli.com\/de\/wp-json\/wp\/v2\/media?parent=476074"}],"wp:term":[{"taxonomy":"product_brand","embeddable":true,"href":"https:\/\/lucacastelli.com\/de\/wp-json\/wp\/v2\/product_brand?post=476074"},{"taxonomy":"product_cat","embeddable":true,"href":"https:\/\/lucacastelli.com\/de\/wp-json\/wp\/v2\/product_cat?post=476074"},{"taxonomy":"product_tag","embeddable":true,"href":"https:\/\/lucacastelli.com\/de\/wp-json\/wp\/v2\/product_tag?post=476074"}],"curies":[{"name":"wp","href":"https:\/\/api.w.org\/{rel}","templated":true}]}}