{"id":476039,"date":"2024-06-18T13:21:44","date_gmt":"2024-06-18T11:21:44","guid":{"rendered":"https:\/\/lucacastelli.com\/prodotto\/la-sportiva-akasha\/"},"modified":"2024-06-18T13:21:44","modified_gmt":"2024-06-18T11:21:44","slug":"la-sportiva-akasha","status":"publish","type":"product","link":"https:\/\/lucacastelli.com\/de\/produkt\/la-sportiva-akasha\/","title":{"rendered":"LA SPORTIVA Akasha"},"content":{"rendered":"<p>Supergepolsterter Ausdauer-Berglaufschuh f\u00fcr lange Distanzen, Ultramarathons, Ultra-Trails und lange Workouts.<\/p>\n<p>Akasha, ein Sanskrit-Begriff, der die Leichtigkeit des \u00c4thers beschreibt, ist der Schuh der La Sportiva Running-Kollektion mit verbesserter D\u00e4mpfung: f\u00fcr Ausdauerwettk\u00e4mpfe, perfekt f\u00fcr lange Distanzen, Ultramarathons, Ultra-Trails und mehrst\u00fcndige Workouts. Die bequeme Passform ist auf mehrere Technologien zur\u00fcckzuf\u00fchren: D\u00e4mpfung dank des Cushion Platform-Fu\u00dfbetteinsatzes\u2122, breite Passform, weiches, umh\u00fcllendes und atmungsaktives Obermaterial mit Slip-On-Struktur, um Druckstellen w\u00e4hrend des Laufs zu vermeiden. Die innovativen und aktiven Dynamic ProTechTion-Frontverst\u00e4rkungen\u2122 bieten Schutz und Struktur, die den Bewegungen des Fu\u00dfes uneingeschr\u00e4nkt folgen, w\u00e4hrend die FriXion XT Dual-Gummimischungssohle mit dem exklusiven Trail Rocker-System\u2122 ausgestattet ist, das der nat\u00fcrlichen Bewegung &#8220;\u00e4u\u00dfere Ferse &#8211; innere Zehe&#8221; w\u00e4hrend des Laufs folgt. Akasha: Der Kodex des Ultral\u00e4ufers dr\u00fcckt sich in Schutz, Komfort und D\u00e4mpfung aus.   <\/p>\n<p>TECHNISCHE DATEN<br \/>\nObermaterial: Perforiertes AirMesh + PU-Leder auf der R\u00fcckseite und DynamicProTechTion\u2122 auf der Vorderseite.<br \/>\nFutter: rutschfestes Mesh.<br \/>\nZwischensohle: Eingespritztes Mesh und Cushion Platform\u2122.<br \/>\nFu\u00dfbett: Ortholite Mountain Running.<br \/>\nSohle: FriXion XT Dual Compound mit Trail Rocker\u2122 System.<br \/>\nTropfen: 6 mm<br \/>\nGewicht: 310 g halbes Paar<\/p>\n","protected":false},"excerpt":{"rendered":"<p>Supergepolsterter Ausdauer-Berglaufschuh f\u00fcr lange Distanzen, Ultramarathons, Ultra-Trails und lange Workouts. Akasha, ein Sanskrit-Begriff, der die Leichtigkeit des \u00c4thers beschreibt, ist<\/p>\n","protected":false},"featured_media":101472,"template":"","meta":{"_seopress_robots_primary_cat":"","_seopress_titles_title":"","_seopress_titles_desc":"","_seopress_robots_index":""},"product_brand":[3649],"product_cat":[1419,1431,175],"product_tag":[],"class_list":{"0":"post-476039","1":"product","2":"type-product","3":"status-publish","4":"has-post-thumbnail","6":"product_brand-la-sportiva-de","7":"product_cat-freizeitschuhe","8":"product_cat-herrenschuhe","9":"product_cat-schuhe","10":"sws-gruppo-no-gruppo","11":"sws-categoria-sito","12":"sws-gruppo-iva-iva81","14":"first","15":"onbackorder","16":"shipping-taxable","17":"purchasable","18":"product-type-variable"},"_links":{"self":[{"href":"https:\/\/lucacastelli.com\/de\/wp-json\/wp\/v2\/product\/476039","targetHints":{"allow":["GET"]}}],"collection":[{"href":"https:\/\/lucacastelli.com\/de\/wp-json\/wp\/v2\/product"}],"about":[{"href":"https:\/\/lucacastelli.com\/de\/wp-json\/wp\/v2\/types\/product"}],"wp:featuredmedia":[{"embeddable":true,"href":"https:\/\/lucacastelli.com\/de\/wp-json\/wp\/v2\/media\/101472"}],"wp:attachment":[{"href":"https:\/\/lucacastelli.com\/de\/wp-json\/wp\/v2\/media?parent=476039"}],"wp:term":[{"taxonomy":"product_brand","embeddable":true,"href":"https:\/\/lucacastelli.com\/de\/wp-json\/wp\/v2\/product_brand?post=476039"},{"taxonomy":"product_cat","embeddable":true,"href":"https:\/\/lucacastelli.com\/de\/wp-json\/wp\/v2\/product_cat?post=476039"},{"taxonomy":"product_tag","embeddable":true,"href":"https:\/\/lucacastelli.com\/de\/wp-json\/wp\/v2\/product_tag?post=476039"}],"curies":[{"name":"wp","href":"https:\/\/api.w.org\/{rel}","templated":true}]}}