{"id":476018,"date":"2024-06-18T12:50:35","date_gmt":"2024-06-18T10:50:35","guid":{"rendered":"https:\/\/lucacastelli.com\/prodotto\/la-sportiva-ultra-raptor-ii-damen-gtx\/"},"modified":"2024-06-18T12:50:35","modified_gmt":"2024-06-18T10:50:35","slug":"la-sportiva-ultra-raptor-ii-damen-gtx","status":"publish","type":"product","link":"https:\/\/lucacastelli.com\/de\/produkt\/la-sportiva-ultra-raptor-ii-damen-gtx\/","title":{"rendered":"LA SPORTIVA Ultra Raptor II Damen GTX"},"content":{"rendered":"<p>\u00c4sthetische Neuinterpretation mit GORE-TEX Extended Comfort Membranen des beliebten Ultra Raptor-Modells, einem Trail-Laufschuh, der f\u00fcr lange Strecken im Gel\u00e4nde und ausgedehnte Trainingseinheiten auch in den Wintermonaten konzipiert wurde.<\/p>\n<p>Eine feminine Version mit GORE-TEX Extended Comfort-Membranen des beliebten Ultra Raptor-Modells, ein Trail-Laufschuh, der f\u00fcr lange Strecken im Gel\u00e4nde und ausgedehnte Trainingseinheiten auch in den Wintermonaten konzipiert wurde. Das GORE-TEX-Membranfutter erm\u00f6glicht den Transport von Schwei\u00df, verhindert aber das Eindringen von Wasser, was diesen Schuh ideal f\u00fcr das Laufen im Winter macht. Der stabilisierende hintere Einsatz an der Ferse erm\u00f6glicht eine perfekte Kontrolle im Cross-Country-Bereich. Das Schn\u00fcrsystem ist durch \u00d6sen, die an das interne elastische Gewebe gen\u00e4ht sind, und Hartplastikverst\u00e4rkungen am \u00e4u\u00dferen Mesh in das Obermaterial integriert: Dieses System erm\u00f6glicht es, die Spannung der Schn\u00fcrung auf das Obermaterial zu verteilen, um maximalen Komfort zu gew\u00e4hrleisten. Den Ultra Raptor II GTX gibt es auch in einer Wide-Fit-Komfortvariante f\u00fcr Sportler mit breiteren F\u00fc\u00dfen. Das Ergebnis ist ein leichter und technischer Schuh, der mehrere Stunden getragen werden kann und sich perfekt f\u00fcr das Laufen im Gel\u00e4nde auf jedem Gel\u00e4nde eignet.     <\/p>\n<p>Obermaterial: abriebfestes Mesh mit Mikrofaser-Verst\u00e4rkungsstreifen und Anti-Scheuer-Schicht<br \/>\nFutter: GORE-TEX Extended Comfort<br \/>\nFu\u00dfbett: Ortholite\u00ae Hybrid Hiking Zwischensohle<br \/>\n: Memlex Eva f\u00fcr optimale<br \/>\nD\u00e4mpfung Au\u00dfensohle: FriXion\u00ae White mit IBS und integrierten, schlagfesten<br \/>\nZehenschutzkappen aus Gummi Gewicht: 335 g (halbes Paar)<\/p>\n","protected":false},"excerpt":{"rendered":"<p>\u00c4sthetische Neuinterpretation mit GORE-TEX Extended Comfort Membranen des beliebten Ultra Raptor-Modells, einem Trail-Laufschuh, der f\u00fcr lange Strecken im Gel\u00e4nde und<\/p>\n","protected":false},"featured_media":101462,"template":"","meta":{"_seopress_robots_primary_cat":"","_seopress_titles_title":"","_seopress_titles_desc":"","_seopress_robots_index":""},"product_brand":[3419],"product_cat":[28,568,575],"product_tag":[],"class_list":{"0":"post-476018","1":"product","2":"type-product","3":"status-publish","4":"has-post-thumbnail","6":"product_brand-la-sportiva","7":"product_cat-calzature","8":"product_cat-calzature-per-il-tempo-libero","9":"product_cat-calzature-da-donna","10":"sws-gruppo-no-gruppo","11":"sws-categoria-sito","12":"sws-gruppo-iva-iva81","14":"first","15":"instock","16":"shipping-taxable","17":"purchasable","18":"product-type-variable"},"_links":{"self":[{"href":"https:\/\/lucacastelli.com\/de\/wp-json\/wp\/v2\/product\/476018","targetHints":{"allow":["GET"]}}],"collection":[{"href":"https:\/\/lucacastelli.com\/de\/wp-json\/wp\/v2\/product"}],"about":[{"href":"https:\/\/lucacastelli.com\/de\/wp-json\/wp\/v2\/types\/product"}],"wp:featuredmedia":[{"embeddable":true,"href":"https:\/\/lucacastelli.com\/de\/wp-json\/wp\/v2\/media\/101462"}],"wp:attachment":[{"href":"https:\/\/lucacastelli.com\/de\/wp-json\/wp\/v2\/media?parent=476018"}],"wp:term":[{"taxonomy":"product_brand","embeddable":true,"href":"https:\/\/lucacastelli.com\/de\/wp-json\/wp\/v2\/product_brand?post=476018"},{"taxonomy":"product_cat","embeddable":true,"href":"https:\/\/lucacastelli.com\/de\/wp-json\/wp\/v2\/product_cat?post=476018"},{"taxonomy":"product_tag","embeddable":true,"href":"https:\/\/lucacastelli.com\/de\/wp-json\/wp\/v2\/product_tag?post=476018"}],"curies":[{"name":"wp","href":"https:\/\/api.w.org\/{rel}","templated":true}]}}