{"id":476001,"date":"2024-06-17T19:34:31","date_gmt":"2024-06-17T17:34:31","guid":{"rendered":"https:\/\/lucacastelli.com\/prodotto\/la-sportiva-ultra-raptor-ii-mid-leder-damen-gtx\/"},"modified":"2024-06-17T19:34:31","modified_gmt":"2024-06-17T17:34:31","slug":"la-sportiva-ultra-raptor-ii-mid-leder-damen-gtx","status":"publish","type":"product","link":"https:\/\/lucacastelli.com\/de\/produkt\/la-sportiva-ultra-raptor-ii-mid-leder-damen-gtx\/","title":{"rendered":"LA SPORTIVA Ultra Raptor II Mid Leder Damen GTX"},"content":{"rendered":"<p>Eine Version mit einem Obermaterial aus Nubukleder des Ultra Raptor II Mid-Modells, ideal f\u00fcr schnelles Wandern und Ausfl\u00fcge mit leichten Lasten. Wasserdicht und atmungsaktiv dank der GORE-TEX Extended Comfort Membran. <\/p>\n<p>Ultra Raptor II Mid Leather GTX ist die Version mit Lederobermaterial des Ultra Raptor II Mid Modells, es ist ideal f\u00fcr schnelles Wandern und Ausfl\u00fcge mit leichten Lasten. Das Obermaterial besteht aus Nubukleder, das mit Kompressionslinien verst\u00e4rkt ist, die die Umh\u00fcllung des Fu\u00dfes und eine hohe Stabilit\u00e4t garantieren. Abriebfest und atmungsaktiv, perfekt f\u00fcr den Einsatz beim Wandern. Wasserdicht und atmungsaktiv dank der GORE-TEX Extended Comfort Membran. Der weiche &#8220;Comfort Collar&#8221; sch\u00fctzt den Kn\u00f6chel vor dem Eindringen von Steinen oder Schlamm und integriert den Easy-Fit-Spoiler f\u00fcr maximale Passform. Die hintere stabilisierende Ferse erm\u00f6glicht eine perfekte Kontrolle bei Traversen. Ultra Raptor II Mid Leather GTX ist auch in einer Wide-Fit-Komfortversion erh\u00e4ltlich, die f\u00fcr Wanderer mit breitem Fu\u00df gedacht ist. Das Ergebnis ist ein Schuh, der viele Stunden am St\u00fcck getragen werden kann und f\u00fcr den Offroad-Einsatz auf jedem Gel\u00e4nde geeignet ist.       <\/p>\n<p>TECH INFO<br \/>\nObermaterial: Nubukleder<br \/>\nFutter: GORE-TEX Extended Comfort<br \/>\nFu\u00dfbett: Ortholite Mountain Running<br \/>\nZwischensohle: Memlex Eva mit sto\u00dfd\u00e4mpfender<br \/>\nInjektion Au\u00dfensohle: FriXion Blue aus hochabriebfester Mischung, Impact Brake System und integrierter<br \/>\nsto\u00dffester Zehenkappe aus Gummi Gewicht: 370 g \/ 1\/2 pa<br \/>\nTropfen: 9 mm<\/p>\n","protected":false},"excerpt":{"rendered":"<p>Eine Version mit einem Obermaterial aus Nubukleder des Ultra Raptor II Mid-Modells, ideal f\u00fcr schnelles Wandern und Ausfl\u00fcge mit leichten<\/p>\n","protected":false},"featured_media":99870,"template":"","meta":{"_seopress_robots_primary_cat":"","_seopress_titles_title":"","_seopress_titles_desc":"","_seopress_robots_index":""},"product_brand":[3419],"product_cat":[28,796,568,575],"product_tag":[],"class_list":{"0":"post-476001","1":"product","2":"type-product","3":"status-publish","4":"has-post-thumbnail","6":"product_brand-la-sportiva","7":"product_cat-calzature","8":"product_cat-calzature-da-lavoro","9":"product_cat-calzature-per-il-tempo-libero","10":"product_cat-calzature-da-donna","12":"first","13":"instock","14":"shipping-taxable","15":"purchasable","16":"product-type-variable"},"_links":{"self":[{"href":"https:\/\/lucacastelli.com\/de\/wp-json\/wp\/v2\/product\/476001","targetHints":{"allow":["GET"]}}],"collection":[{"href":"https:\/\/lucacastelli.com\/de\/wp-json\/wp\/v2\/product"}],"about":[{"href":"https:\/\/lucacastelli.com\/de\/wp-json\/wp\/v2\/types\/product"}],"wp:featuredmedia":[{"embeddable":true,"href":"https:\/\/lucacastelli.com\/de\/wp-json\/wp\/v2\/media\/99870"}],"wp:attachment":[{"href":"https:\/\/lucacastelli.com\/de\/wp-json\/wp\/v2\/media?parent=476001"}],"wp:term":[{"taxonomy":"product_brand","embeddable":true,"href":"https:\/\/lucacastelli.com\/de\/wp-json\/wp\/v2\/product_brand?post=476001"},{"taxonomy":"product_cat","embeddable":true,"href":"https:\/\/lucacastelli.com\/de\/wp-json\/wp\/v2\/product_cat?post=476001"},{"taxonomy":"product_tag","embeddable":true,"href":"https:\/\/lucacastelli.com\/de\/wp-json\/wp\/v2\/product_tag?post=476001"}],"curies":[{"name":"wp","href":"https:\/\/api.w.org\/{rel}","templated":true}]}}