{"id":475984,"date":"2026-04-14T18:00:09","date_gmt":"2026-04-14T16:00:09","guid":{"rendered":"https:\/\/lucacastelli.com\/prodotto\/la-sportiva-ultra-raptor-ii-leder-damen-gtx\/"},"modified":"2026-04-15T07:19:38","modified_gmt":"2026-04-15T05:19:38","slug":"la-sportiva-ultra-raptor-ii-leder-damen-gtx","status":"publish","type":"product","link":"https:\/\/lucacastelli.com\/de\/produkt\/la-sportiva-ultra-raptor-ii-leder-damen-gtx\/","title":{"rendered":"LA SPORTIVA Ultra Raptor II Leather Woman GTX"},"content":{"rendered":"<p>Version 2.0 des ber\u00fchmten Ultra Raptor-Modells mit Nubukleder-Obermaterial, ideal f\u00fcr Offroad-Gel\u00e4nde und Bergwanderungen auch \u00fcber lange Distanzen. Atmungsaktiv und wasserdicht wie ein Trekkingschuh dank GORE-TEX Extended Comfort Membran. <\/p>\n<p>Der Ultra Raptor II Leather GTX ist die Version 2.0 mit Leder-Obermaterial des ber\u00fchmten Ultra Raptor-Modells, perfekt f\u00fcr den Einsatz im Gel\u00e4nde und Bergwanderungen auf langen Strecken. Dank der GORE-TEX Extended Comfort Membran ist er atmungsaktiv und wasserdicht wie ein Wanderschuh. Das Obermaterial aus Nubukleder ist mit Kompressionslinien verst\u00e4rkt, die eine optimale Passform und hohe Stabilit\u00e4t garantieren. Er bietet maximale Abriebfestigkeit sowie Atmungsaktivit\u00e4t und ist ideal zum Wandern. Der Ultra Raptor II Leather GTX ist auch in der Wide-Fit-Komfortversion f\u00fcr Wanderer mit breiten F\u00fc\u00dfen erh\u00e4ltlich. Das Ergebnis ist ein Schuh, der viele Stunden hintereinander getragen werden kann und f\u00fcr den Offroad-Einsatz in jedem Gel\u00e4nde geeignet ist. Raptorize yourself, once again.      <\/p>\n<p>TECHNISCHE INFOS<br \/>\nObermaterial: Nubukleder<br \/>\nFutter: GORE-TEX Extended Comfort<br \/>\nFussbett: Ortholite Mountain Running<br \/>\nZwischensohle: Memlex Eva mit d\u00e4mpfender Einspritzung<br \/>\nSohle: FriXion\u2122 Blue aus hochabriebfester Mischung, Impact Brake System und integrierter sto\u00dffester Gummikappe<br \/>\nSprengung: 9 mm<br \/>\nGewicht: 350 g \/ \u00bd Paar<\/p>\n","protected":false},"excerpt":{"rendered":"<p>Version 2.0 des ber\u00fchmten Ultra Raptor-Modells mit Nubukleder-Obermaterial, ideal f\u00fcr Offroad-Gel\u00e4nde und Bergwanderungen auch \u00fcber lange Distanzen. Atmungsaktiv und wasserdicht<\/p>\n","protected":false},"featured_media":101421,"template":"","meta":{"_seopress_robots_primary_cat":"none","_seopress_titles_title":"","_seopress_titles_desc":"","_seopress_robots_index":""},"product_brand":[3649],"product_cat":[1430,1419,175],"product_tag":[],"class_list":{"0":"post-475984","1":"product","2":"type-product","3":"status-publish","4":"has-post-thumbnail","6":"product_brand-la-sportiva-de","7":"product_cat-damen-schuhe","8":"product_cat-freizeitschuhe","9":"product_cat-schuhe","10":"sws-gruppo-no-gruppo-de","11":"sws-categoria-sito-de","12":"sws-gruppo-iva-iva81-de","14":"first","15":"instock","16":"sale","17":"shipping-taxable","18":"purchasable","19":"product-type-variable","20":"has-default-attributes"},"_links":{"self":[{"href":"https:\/\/lucacastelli.com\/de\/wp-json\/wp\/v2\/product\/475984","targetHints":{"allow":["GET"]}}],"collection":[{"href":"https:\/\/lucacastelli.com\/de\/wp-json\/wp\/v2\/product"}],"about":[{"href":"https:\/\/lucacastelli.com\/de\/wp-json\/wp\/v2\/types\/product"}],"wp:featuredmedia":[{"embeddable":true,"href":"https:\/\/lucacastelli.com\/de\/wp-json\/wp\/v2\/media\/101421"}],"wp:attachment":[{"href":"https:\/\/lucacastelli.com\/de\/wp-json\/wp\/v2\/media?parent=475984"}],"wp:term":[{"taxonomy":"product_brand","embeddable":true,"href":"https:\/\/lucacastelli.com\/de\/wp-json\/wp\/v2\/product_brand?post=475984"},{"taxonomy":"product_cat","embeddable":true,"href":"https:\/\/lucacastelli.com\/de\/wp-json\/wp\/v2\/product_cat?post=475984"},{"taxonomy":"product_tag","embeddable":true,"href":"https:\/\/lucacastelli.com\/de\/wp-json\/wp\/v2\/product_tag?post=475984"}],"curies":[{"name":"wp","href":"https:\/\/api.w.org\/{rel}","templated":true}]}}