{"id":475922,"date":"2026-04-14T18:10:43","date_gmt":"2026-04-14T16:10:43","guid":{"rendered":"https:\/\/lucacastelli.com\/prodotto\/la-sportiva-ultra-raptor-ii-mid-damen-gtx\/"},"modified":"2026-04-15T07:20:00","modified_gmt":"2026-04-15T05:20:00","slug":"la-sportiva-ultra-raptor-ii-mid-damen-gtx","status":"publish","type":"product","link":"https:\/\/lucacastelli.com\/de\/produkt\/la-sportiva-ultra-raptor-ii-mid-damen-gtx\/","title":{"rendered":"La Sportiva Ultra Raptor II Mid Woman GTX"},"content":{"rendered":"<p>Mid-Cut-Version der Ikone Ultra Raptor Running, ideal f\u00fcr schnelle Wanderungen mit leichtem Gep\u00e4ck. Wasserdicht und atmungsaktiv dank GORE-TEX Extended Comfort Membran. <\/p>\n<p>Der Ultra Raptor Mid II GTX ist die Mid-Cut-Version der Ikone Ultra Raptor Mountain Running, ideal f\u00fcr schnelle Wanderungen mit leichtem Gep\u00e4ck. Wasserdicht und atmungsaktiv dank GORE-TEX Extended Comfort Membran. Der weiche Comfort Collar sch\u00fctzt den Kn\u00f6chel vor dem Eindringen von Steinen oder Schlamm und integriert einen Easy-Fit-Spoiler f\u00fcr maximalen Einstiegskomfort. Das Obermaterial besteht aus atmungsaktivem und abriebfestem Mesh-Gewebe, perfekt f\u00fcr den Einsatz unter allen Bedingungen. Der hintere Stabilisator an der Ferse erm\u00f6glicht eine perfekte Kontrolle bei Querungen. Optimale Volumenregulierung und Halt des Fusses dank spezieller Schn\u00fcrelemente: Die Schlaufen sind auf der Innenseite des Obermaterials vern\u00e4ht und aussen mit einem Hochfrequenz-TPU-Skelett verst\u00e4rkt, was eine gleichm\u00e4ssige Verteilung der Zugkraft \u00fcber das gesamte Obermaterial erm\u00f6glicht. Der Ultra Raptor Mid II GTX ist auch in der Wide-Fit-Komfortversion f\u00fcr breitere F\u00fcsse erh\u00e4ltlich. Das Ergebnis ist ein mittelhoher Trekkingschuh, der \u00fcber viele Stunden hinweg getragen werden kann und f\u00fcr den Offroad-Einsatz in jedem Gel\u00e4nde geeignet ist. Raptor-Aufstieg, einmal mehr.        <\/p>\n<p>TECHNISCHE INFOS<br \/>\nObermaterial: Abriebfestes Mesh mit Mikrofaser-Verst\u00e4rkungsstreifen und abriebfester Beschichtung.<br \/>\nFutter: GORE-TEX Extended Comfort<br \/>\nFussbett: Ortholite Mountain Running<br \/>\nZwischensohle: Memlex EVA, eingespritzt und d\u00e4mpfend<br \/>\nSohle: Ultra-griffige FriXion White mit Impact Brake System und integrierter stossfester Gummikappe<br \/>\nSprengung: 9 mm<br \/>\nGewicht: 395 g (1\/2 Paar)<\/p>\n","protected":false},"excerpt":{"rendered":"<p>Mid-Cut-Version der Ikone Ultra Raptor Running, ideal f\u00fcr schnelle Wanderungen mit leichtem Gep\u00e4ck. Wasserdicht und atmungsaktiv dank GORE-TEX Extended Comfort<\/p>\n","protected":false},"featured_media":101406,"template":"","meta":{"_seopress_robots_primary_cat":"none","_seopress_titles_title":"","_seopress_titles_desc":"","_seopress_robots_index":""},"product_brand":[3649],"product_cat":[1430,1419,175],"product_tag":[],"class_list":{"0":"post-475922","1":"product","2":"type-product","3":"status-publish","4":"has-post-thumbnail","6":"product_brand-la-sportiva-de","7":"product_cat-damen-schuhe","8":"product_cat-freizeitschuhe","9":"product_cat-schuhe","10":"sws-gruppo-no-gruppo-de","11":"sws-categoria-sito-de","12":"sws-gruppo-iva-iva81-de","14":"first","15":"instock","16":"sale","17":"shipping-taxable","18":"purchasable","19":"product-type-variable","20":"has-default-attributes"},"_links":{"self":[{"href":"https:\/\/lucacastelli.com\/de\/wp-json\/wp\/v2\/product\/475922","targetHints":{"allow":["GET"]}}],"collection":[{"href":"https:\/\/lucacastelli.com\/de\/wp-json\/wp\/v2\/product"}],"about":[{"href":"https:\/\/lucacastelli.com\/de\/wp-json\/wp\/v2\/types\/product"}],"wp:featuredmedia":[{"embeddable":true,"href":"https:\/\/lucacastelli.com\/de\/wp-json\/wp\/v2\/media\/101406"}],"wp:attachment":[{"href":"https:\/\/lucacastelli.com\/de\/wp-json\/wp\/v2\/media?parent=475922"}],"wp:term":[{"taxonomy":"product_brand","embeddable":true,"href":"https:\/\/lucacastelli.com\/de\/wp-json\/wp\/v2\/product_brand?post=475922"},{"taxonomy":"product_cat","embeddable":true,"href":"https:\/\/lucacastelli.com\/de\/wp-json\/wp\/v2\/product_cat?post=475922"},{"taxonomy":"product_tag","embeddable":true,"href":"https:\/\/lucacastelli.com\/de\/wp-json\/wp\/v2\/product_tag?post=475922"}],"curies":[{"name":"wp","href":"https:\/\/api.w.org\/{rel}","templated":true}]}}