{"id":475891,"date":"2024-06-15T15:58:18","date_gmt":"2024-06-15T13:58:18","guid":{"rendered":"https:\/\/lucacastelli.com\/prodotto\/la-sportiva-trango-alp-evo-damen-gtx-taupe-safari\/"},"modified":"2024-06-15T15:58:18","modified_gmt":"2024-06-15T13:58:18","slug":"la-sportiva-trango-alp-evo-damen-gtx-taupe-safari","status":"publish","type":"product","link":"https:\/\/lucacastelli.com\/de\/produkt\/la-sportiva-trango-alp-evo-damen-gtx-taupe-safari\/","title":{"rendered":"LA SPORTIVA Trango Alp EVO Damen GTX &#8211; Taupe\/Safari"},"content":{"rendered":"<p>Trango Alp Evo GORE-TEX Woman ist der robuste und bequeme Stiefel f\u00fcr Aktivit\u00e4ten wie alpines Wandern und anspruchsvolles Trekking auch mit schweren Lasten.<\/p>\n<p>Klare \u00e4sthetische Details, Volumenbegrenzung f\u00fcr maximale Mobilit\u00e4t und allgemeiner Komfort des Schuhs sind die hervorstechenden St\u00e4rken eines Crossover-Produkts zwischen Bergsteigen und Rucksacktouren. Der minimalistische Look wird dank der internen Injektionstechnologie SubSkin Injection\u2122 erreicht, bei der es sich um eine strukturelle subkutane Rippe handelt, die die Verwendung unn\u00f6tiger N\u00e4hte vermeidet, eine L\u00f6sung, die ein hohes Ma\u00df an Komfort und globaler Wasserabweisung erreicht. Das GORE-TEX Performance Comfort Futter garantiert zudem Wasserdichtigkeit und Atmungsaktivit\u00e4t. Die Sohle mit unterschiedlich dicken Stollen arbeitet in Synergie mit der Zwischensohle aus Polyurethan und weichem EVA und sorgt f\u00fcr eine hervorragende Gesamtd\u00e4mpfung. Trango Alp Evo GTX ist eine ausgezeichnete Wahl f\u00fcr diejenigen, die ein langlebiges, halb steigeisenfestes Produkt ben\u00f6tigen.    <\/p>\n<p>Obermaterial: Wasserabweisendes 2,2 mm Water-Perwanger\u00ae Leder + SubSkin Injektionsfutter\u2122<br \/>\n: GORE-TEX Performance Comfort.<br \/>\nEinlegesohle: 5 mm hochdichtes Nylon mit gr\u00f6\u00dferer Dicke im mittleren<br \/>\nBereich Sohle: La Sportiva &#8220;Cube&#8221; von Vibram mit Impact Brake System-Stollen an der Ferse und Kletterzone an der Spitze<br \/>\nGewicht: 665 g (halbes Paar, Gr\u00f6\u00dfe 38)<br \/>\nZwischensohle: Anti-Schock-Polyurethan im Zehen- und Fersenbereich + EVA im Mittelteil und im Ferseneinsatz + TP-Steigeiseneins\u00e4tze<\/p>\n","protected":false},"excerpt":{"rendered":"<p>Trango Alp Evo GORE-TEX Woman ist der robuste und bequeme Stiefel f\u00fcr Aktivit\u00e4ten wie alpines Wandern und anspruchsvolles Trekking auch<\/p>\n","protected":false},"featured_media":101378,"template":"","meta":{"_seopress_robots_primary_cat":"","_seopress_titles_title":"","_seopress_titles_desc":"","_seopress_robots_index":""},"product_brand":[3649],"product_cat":[1430,1419,175],"product_tag":[],"class_list":{"0":"post-475891","1":"product","2":"type-product","3":"status-publish","4":"has-post-thumbnail","6":"product_brand-la-sportiva-de","7":"product_cat-damen-schuhe","8":"product_cat-freizeitschuhe","9":"product_cat-schuhe","10":"sws-gruppo-no-gruppo-de","11":"sws-categoria-sito-de","12":"sws-gruppo-iva-iva81-de","14":"first","15":"instock","16":"shipping-taxable","17":"purchasable","18":"product-type-variable"},"_links":{"self":[{"href":"https:\/\/lucacastelli.com\/de\/wp-json\/wp\/v2\/product\/475891","targetHints":{"allow":["GET"]}}],"collection":[{"href":"https:\/\/lucacastelli.com\/de\/wp-json\/wp\/v2\/product"}],"about":[{"href":"https:\/\/lucacastelli.com\/de\/wp-json\/wp\/v2\/types\/product"}],"wp:featuredmedia":[{"embeddable":true,"href":"https:\/\/lucacastelli.com\/de\/wp-json\/wp\/v2\/media\/101378"}],"wp:attachment":[{"href":"https:\/\/lucacastelli.com\/de\/wp-json\/wp\/v2\/media?parent=475891"}],"wp:term":[{"taxonomy":"product_brand","embeddable":true,"href":"https:\/\/lucacastelli.com\/de\/wp-json\/wp\/v2\/product_brand?post=475891"},{"taxonomy":"product_cat","embeddable":true,"href":"https:\/\/lucacastelli.com\/de\/wp-json\/wp\/v2\/product_cat?post=475891"},{"taxonomy":"product_tag","embeddable":true,"href":"https:\/\/lucacastelli.com\/de\/wp-json\/wp\/v2\/product_tag?post=475891"}],"curies":[{"name":"wp","href":"https:\/\/api.w.org\/{rel}","templated":true}]}}