{"id":475721,"date":"2024-02-28T15:08:55","date_gmt":"2024-02-28T14:08:55","guid":{"rendered":"https:\/\/lucacastelli.com\/prodotto\/la-sportiva-tx4-evo-mid-damen-gtx\/"},"modified":"2024-02-28T15:08:55","modified_gmt":"2024-02-28T14:08:55","slug":"la-sportiva-tx4-evo-mid-damen-gtx","status":"publish","type":"product","link":"https:\/\/lucacastelli.com\/de\/produkt\/la-sportiva-tx4-evo-mid-damen-gtx\/","title":{"rendered":"La Sportiva TX4 Evo Mid Damen GTX"},"content":{"rendered":"<p>Der TX4 Evo Mid GTX ist die mittelhohe Version des legend\u00e4ren Lederschuhs, der entwickelt wurde, um auch auf unwegsamstem Gel\u00e4nde maximale Stabilit\u00e4t und Grip zu gew\u00e4hrleisten. Er ist ideal f\u00fcr technische Zug\u00e4nge auf allen Arten von Gel\u00e4nde und bietet dank der Materialien, aus denen das Obermaterial besteht, und des gro\u00dfen Innenvolumens einen unvergleichlichen Komfort. Die GORE-TEX Extended Comfort Membran macht den Schuh auch bei l\u00e4ngerem Gebrauch wasserdicht und atmungsaktiv. Das Profil mit Vibram\u00ae MegaGrip-Mischung und der patentierten Impact Brake System-Blockstruktur\u2122 erm\u00f6glicht Ihnen immer maximale Stabilit\u00e4t bei der Abfahrt und eine perfekte Traktionskontrolle bergauf. Die gro\u00dfe Climbing Zone an der Spitze garantiert Pr\u00e4zision und guten Grip beim Klettern und bei den heikelsten Passagen. Die spezielle Zwischensohle mit patentierter Resole Platform-Einlage\u2122 erm\u00f6glicht es Ihnen, den TX4 Evo Mid GTX neu zu besohlen, ohne seine technischen und komfortablen Eigenschaften zu beeintr\u00e4chtigen.      <\/p>\n<p>Flex Zone am Kn\u00f6chel, um maximale Beweglichkeit und Kontrolle beim Anziehen des Gewichts<br \/>\n zu gew\u00e4hrleisten + Resole-Plattform\u2122: Das Sohlenpaket ist f\u00fcr eine einfache und schnelle Neubesohlung konzipiert, indem die Lauffl\u00e4che durch Originalkomponenten ersetzt wird, die von La Sportiva geliefert wurden<\/p>\n<p>TECHNISCHE INFOS<br \/>\nNEU<br \/>\nGr\u00f6\u00dfe: 36 &#8211; 42 (+ 1\/2) Gewicht: 380 g (halbes Paar)<br \/>\n37G DAMEN<br \/>\n900322<br \/>\nCARBON \/ KIRSCHTOMATE<br \/>\n900411<br \/>\nCARBON \/ FR\u00dcHLING<br \/>\n644322<br \/>\nMOONLIGHT \/ KIRSCHTOMATE<br \/>\nObermaterial: Wildleder + Schutzkante<br \/>\nZehenschutzkappe aus Gummi und Gummi<br \/>\nFutter: GORE-TEX Extended Comfort<br \/>\nFu\u00dfbett: Ortholite\u00ae Hybrid Approach 4mm<br \/>\nZwischensohle: Kompressions-EVA<br \/>\nSonne: Vibram\u00ae MegaGrip mit IBS<br \/>\nPatente: Resole-Plattform\u2122 &#8211;<br \/>\nAufprall-Bremssystem\u2122<\/p>\n","protected":false},"excerpt":{"rendered":"<p>Der TX4 Evo Mid GTX ist die mittelhohe Version des legend\u00e4ren Lederschuhs, der entwickelt wurde, um auch auf unwegsamstem Gel\u00e4nde<\/p>\n","protected":false},"featured_media":101196,"template":"","meta":{"_seopress_robots_primary_cat":"","_seopress_titles_title":"","_seopress_titles_desc":"","_seopress_robots_index":""},"product_brand":[3649],"product_cat":[1430,1419,175],"product_tag":[],"class_list":{"0":"post-475721","1":"product","2":"type-product","3":"status-publish","4":"has-post-thumbnail","6":"product_brand-la-sportiva-de","7":"product_cat-damen-schuhe","8":"product_cat-freizeitschuhe","9":"product_cat-schuhe","10":"sws-gruppo-no-gruppo-de","11":"sws-categoria-sito-de","12":"sws-gruppo-iva-iva81-de","14":"first","15":"instock","16":"shipping-taxable","17":"purchasable","18":"product-type-variable"},"_links":{"self":[{"href":"https:\/\/lucacastelli.com\/de\/wp-json\/wp\/v2\/product\/475721","targetHints":{"allow":["GET"]}}],"collection":[{"href":"https:\/\/lucacastelli.com\/de\/wp-json\/wp\/v2\/product"}],"about":[{"href":"https:\/\/lucacastelli.com\/de\/wp-json\/wp\/v2\/types\/product"}],"wp:featuredmedia":[{"embeddable":true,"href":"https:\/\/lucacastelli.com\/de\/wp-json\/wp\/v2\/media\/101196"}],"wp:attachment":[{"href":"https:\/\/lucacastelli.com\/de\/wp-json\/wp\/v2\/media?parent=475721"}],"wp:term":[{"taxonomy":"product_brand","embeddable":true,"href":"https:\/\/lucacastelli.com\/de\/wp-json\/wp\/v2\/product_brand?post=475721"},{"taxonomy":"product_cat","embeddable":true,"href":"https:\/\/lucacastelli.com\/de\/wp-json\/wp\/v2\/product_cat?post=475721"},{"taxonomy":"product_tag","embeddable":true,"href":"https:\/\/lucacastelli.com\/de\/wp-json\/wp\/v2\/product_tag?post=475721"}],"curies":[{"name":"wp","href":"https:\/\/api.w.org\/{rel}","templated":true}]}}