{"id":475692,"date":"2026-03-10T10:20:30","date_gmt":"2026-03-10T09:20:30","guid":{"rendered":"https:\/\/lucacastelli.com\/prodotto\/la-sportiva-spire-gtx\/"},"modified":"2024-02-28T12:20:30","modified_gmt":"2024-02-28T11:20:30","slug":"la-sportiva-spire-gtx","status":"publish","type":"product","link":"https:\/\/lucacastelli.com\/de\/produkt\/la-sportiva-spire-gtx\/","title":{"rendered":"La Sportiva Spire GTX"},"content":{"rendered":"<p>Spire ist der schnelle Wanderschuh der neuen Generation f\u00fcr schnelles Wandern. Er \u00fcbernimmt L\u00f6sungen, die Teil der Berg-DNA von La Sportiva sind, indem er sie mit Technologien und Konzepten kombiniert, die aus dem Mountain Running abgeleitet wurden, um dank der neuen GORE-TEX SURROUND-Technologie\u00ae ein vielseitiges, wasserdichtes und super atmungsaktives Produkt zu erhalten: eine exklusive Technologie, die dank der gr\u00f6\u00dferen Bel\u00fcftungsfl\u00e4che, die das Obermaterial, die Einlegesohle und die seitlich perforierte EVA- und TPU-Zwischensohle umfasst, eine vollst\u00e4ndige Atmungsaktivit\u00e4t erm\u00f6glicht. Die entlang des Profils der Zwischensohle sichtbaren Bel\u00fcftungskan\u00e4le sind durch ein sehr widerstandsf\u00e4higes monofilamentes Nylonnetz gesch\u00fctzt, um das Eindringen von Kieselsteinen und Verunreinigungen zu verhindern. Das niedrig geschnittene Obermaterial besteht aus einer Nano-Cells 2.0-Struktur\u2122, die aus super atmungsaktiven Zellen besteht, die in Synergie mit der GORE-TEX SURROUND-Membran\u00ae f\u00fcr eine beispiellos erh\u00f6hte Atmungsaktivit\u00e4t sorgen. Im unteren Teil des Schuhs ist das Stability Control System\u2122 integriert, ein Anti-Torsions-Stabilisierungssystem, das die Bel\u00fcftungsl\u00f6cher der GORE-TEX SURROUND-Technologie\u00ae integriert. Das Profil besteht aus Vibram XS Trek-Mischung f\u00fcr hervorragenden Grip auf hartem, weichem und schlammigem Gel\u00e4nde. Atmungsaktivit\u00e4t und 360-Grad-Komfort.      <\/p>\n<p>Obermaterial:<br \/>\n Hohe Abriebfestigkeit und Atmungsaktivit\u00e4t Mesh mit Nano Cell 2.0-Struktur und TechLite PU-Zehenkappe und Ferse<\/p>\n<p>Futter:<br \/>\n GORE-TEX SURROUND\u00ae<\/p>\n<p>Zwischensohle:<br \/>\n Sto\u00dfd\u00e4mpfendes Kompressions-EVA mit TPU-Seitenw\u00e4nden und GORE-TEX SURROUND-Bel\u00fcftungskan\u00e4len\u00ae<\/p>\n<p>Fu\u00dfbett:<br \/>\n Ortholite Mountain Hiking 5mm<\/p>\n<p>Sohle:<br \/>\n Vibram XS Trek mit Impact Break System<\/p>\n<p>Gr\u00f6\u00dfen:<br \/>\n 38 \u2013 47,5 inkl. halber Gr\u00f6\u00dfen<\/p>\n<p>Gewicht:<br \/>\n 430 g im halben Paar Gr\u00f6\u00dfe 42<\/p>\n","protected":false},"excerpt":{"rendered":"<p>Spire ist der schnelle Wanderschuh der neuen Generation f\u00fcr schnelles Wandern. Er \u00fcbernimmt L\u00f6sungen, die Teil der Berg-DNA von La<\/p>\n","protected":false},"featured_media":101055,"template":"","meta":{"_seopress_robots_primary_cat":"","_seopress_titles_title":"","_seopress_titles_desc":"","_seopress_robots_index":""},"product_brand":[3649],"product_cat":[1430,1419,175],"product_tag":[],"class_list":{"0":"post-475692","1":"product","2":"type-product","3":"status-publish","4":"has-post-thumbnail","6":"product_brand-la-sportiva-de","7":"product_cat-damen-schuhe","8":"product_cat-freizeitschuhe","9":"product_cat-schuhe","11":"first","12":"instock","13":"sale","14":"shipping-taxable","15":"purchasable","16":"product-type-variable"},"_links":{"self":[{"href":"https:\/\/lucacastelli.com\/de\/wp-json\/wp\/v2\/product\/475692","targetHints":{"allow":["GET"]}}],"collection":[{"href":"https:\/\/lucacastelli.com\/de\/wp-json\/wp\/v2\/product"}],"about":[{"href":"https:\/\/lucacastelli.com\/de\/wp-json\/wp\/v2\/types\/product"}],"wp:featuredmedia":[{"embeddable":true,"href":"https:\/\/lucacastelli.com\/de\/wp-json\/wp\/v2\/media\/101055"}],"wp:attachment":[{"href":"https:\/\/lucacastelli.com\/de\/wp-json\/wp\/v2\/media?parent=475692"}],"wp:term":[{"taxonomy":"product_brand","embeddable":true,"href":"https:\/\/lucacastelli.com\/de\/wp-json\/wp\/v2\/product_brand?post=475692"},{"taxonomy":"product_cat","embeddable":true,"href":"https:\/\/lucacastelli.com\/de\/wp-json\/wp\/v2\/product_cat?post=475692"},{"taxonomy":"product_tag","embeddable":true,"href":"https:\/\/lucacastelli.com\/de\/wp-json\/wp\/v2\/product_tag?post=475692"}],"curies":[{"name":"wp","href":"https:\/\/api.w.org\/{rel}","templated":true}]}}