{"id":475643,"date":"2024-02-23T16:04:36","date_gmt":"2024-02-23T15:04:36","guid":{"rendered":"https:\/\/lucacastelli.com\/prodotto\/la-sportiva-tx4-evo\/"},"modified":"2025-12-25T16:49:26","modified_gmt":"2025-12-25T15:49:26","slug":"la-sportiva-tx4-evo","status":"publish","type":"product","link":"https:\/\/lucacastelli.com\/de\/produkt\/la-sportiva-tx4-evo\/","title":{"rendered":"LA SPORTIVA TX4 EVO"},"content":{"rendered":"<p>TX4 Evo ist der Lederschuh, der entwickelt wurde, um auch auf unwegsamstem Gel\u00e4nde maximale Stabilit\u00e4t und Grip zu gew\u00e4hrleisten. Er ist ideal f\u00fcr technische Zustiege und leichte Kletterpassagen und bietet dank der Materialien, aus denen das Obermaterial besteht, und des gro\u00dfen Innenvolumens einen unvergleichlichen Komfort. Das Profil mit Vibram\u00ae MegaGrip-Mischung und der patentierten Impact Brake System-Blockstruktur\u2122 erm\u00f6glicht Ihnen immer maximale Stabilit\u00e4t bei der Abfahrt und eine perfekte Traktionskontrolle bergauf. Die gro\u00dfe Climbing Zone an der Spitze garantiert Pr\u00e4zision und guten Grip beim Klettern und bei den heikelsten Passagen. Die spezielle Zwischensohle mit patentierter Resole Platform-Einlage\u2122 erm\u00f6glicht eine Neubesohlung des TX4 Evo, ohne die technischen und komfortablen Eigenschaften zu beeintr\u00e4chtigen. Wenn Sie Ihre Schuhe neu besohlen, verl\u00e4ngern Sie<br \/>\nihren Lebenszyklus und vermeiden Sie somit Abfall.     <\/p>\n<p>PLUS<br \/>\n+ Vom Klettern abgeleitetes Schn\u00fcrsystem f\u00fcr eine optimale<br \/>\n Volumenanpassung+ Schutzgewebe an der medialen Vorderseite des Keilabsatzes, um ihn vor Abrieb<br \/>\n zu sch\u00fctzen+ Resole-Plattform\u2122: Das Sohlenpaket ist f\u00fcr eine einfache und schnelle Neubesohlung konzipiert, indem die Lauffl\u00e4che durch Originalkomponenten von La Sportiva ersetzt wird<\/p>\n<p>TECHNISCHE INFOS<\/p>\n<p>Obermaterial: Wildleder + sch\u00fctzende Gummikante und sch\u00fctzende Zehenkappe aus Gummi<br \/>\nFutter: Mesh<br \/>\nFu\u00dfbett: Ortholite\u00ae Hybrid Approach 4mm<br \/>\nZwischensohle: Kompression<br \/>\nEVA Sohle: Vibram\u00ae MegaGrip mit IBS<br \/>\nPatente: Resole Platform\u2122 &#8211; Impact Brake System\u2122<\/p>\n","protected":false},"excerpt":{"rendered":"<p>TX4 Evo ist der Lederschuh, der entwickelt wurde, um auch auf unwegsamstem Gel\u00e4nde maximale Stabilit\u00e4t und Grip zu gew\u00e4hrleisten. Er<\/p>\n","protected":false},"featured_media":786789,"template":"","meta":{"_seopress_robots_primary_cat":"","_seopress_titles_title":"","_seopress_titles_desc":"","_seopress_robots_index":""},"product_brand":[3419],"product_cat":[28,568,569],"product_tag":[],"class_list":{"0":"post-475643","1":"product","2":"type-product","3":"status-publish","4":"has-post-thumbnail","6":"product_brand-la-sportiva","7":"product_cat-calzature","8":"product_cat-calzature-per-il-tempo-libero","9":"product_cat-calzature-da-uomo","11":"first","12":"instock","13":"shipping-taxable","14":"purchasable","15":"product-type-variable"},"_links":{"self":[{"href":"https:\/\/lucacastelli.com\/de\/wp-json\/wp\/v2\/product\/475643","targetHints":{"allow":["GET"]}}],"collection":[{"href":"https:\/\/lucacastelli.com\/de\/wp-json\/wp\/v2\/product"}],"about":[{"href":"https:\/\/lucacastelli.com\/de\/wp-json\/wp\/v2\/types\/product"}],"wp:featuredmedia":[{"embeddable":true,"href":"https:\/\/lucacastelli.com\/de\/wp-json\/wp\/v2\/media\/786789"}],"wp:attachment":[{"href":"https:\/\/lucacastelli.com\/de\/wp-json\/wp\/v2\/media?parent=475643"}],"wp:term":[{"taxonomy":"product_brand","embeddable":true,"href":"https:\/\/lucacastelli.com\/de\/wp-json\/wp\/v2\/product_brand?post=475643"},{"taxonomy":"product_cat","embeddable":true,"href":"https:\/\/lucacastelli.com\/de\/wp-json\/wp\/v2\/product_cat?post=475643"},{"taxonomy":"product_tag","embeddable":true,"href":"https:\/\/lucacastelli.com\/de\/wp-json\/wp\/v2\/product_tag?post=475643"}],"curies":[{"name":"wp","href":"https:\/\/api.w.org\/{rel}","templated":true}]}}