{"id":475615,"date":"2026-02-09T08:01:42","date_gmt":"2026-02-09T07:01:42","guid":{"rendered":"https:\/\/lucacastelli.com\/prodotto\/la-sportiva-karakorum-trek-gtx\/"},"modified":"2026-04-18T15:43:44","modified_gmt":"2026-04-18T13:43:44","slug":"la-sportiva-karakorum-trek-gtx","status":"publish","type":"product","link":"https:\/\/lucacastelli.com\/de\/produkt\/la-sportiva-karakorum-trek-gtx\/","title":{"rendered":"LA SPORTIVA Karakorum Trek GTX"},"content":{"rendered":"<p>Ideal f\u00fcr Backpacking und ausgedehnte Trekkingtouren.<\/p>\n<p>Schaft aus der Mountain-Linie von La Sportiva mit 3D Flex System im Kn\u00f6chelbereich f\u00fcr maximale Bewegungsfreiheit bei voller Stabilit\u00e4t. Gore-Tex\u00ae-Futter f\u00fcr Wasserdichtigkeit und Atmungsaktivit\u00e4t; mikropor\u00f6se Zwischensohle f\u00fcr maximale Leichtigkeit; Vibram\u00ae-Sohle mit Impact Brake System f\u00fcr optimale D\u00e4mpfung, Traktion und Bremskraft auf unwegsamem Gel\u00e4nde. <\/p>\n<p>Obermaterial: Idro-Perwanger\u00ae Leder 2,8 mm<\/p>\n<p>Futter: Gore-Tex\u00ae Performance Comfort.<\/p>\n<p>Brandsohle: 8 mm hochdichtes Nylon mit Antitorsionseinlage<\/p>\n<p>Sohle: Vibram\u00ae mit Impact Brake System Trek.<\/p>\n<p>Patente: Eingetragenes Design.<\/p>\n<p>Gr\u00f6\u00dfen: 38 \u2013 48 (inkl. halbe Gr\u00f6\u00dfen)<\/p>\n<p>Gewicht: 1.600 g (pro Paar, Gr\u00f6\u00dfe 42)<\/p>\n","protected":false},"excerpt":{"rendered":"<p>Ideal f\u00fcr Backpacking und ausgedehnte Trekkingtouren. Schaft aus der Mountain-Linie von La Sportiva mit 3D Flex System im Kn\u00f6chelbereich f\u00fcr<\/p>\n","protected":false},"featured_media":718733,"template":"","meta":{"_seopress_robots_primary_cat":"none","_seopress_titles_title":"","_seopress_titles_desc":"","_seopress_robots_index":""},"product_brand":[3649],"product_cat":[175,1419,1431],"product_tag":[],"class_list":{"0":"post-475615","1":"product","2":"type-product","3":"status-publish","4":"has-post-thumbnail","6":"product_brand-la-sportiva-de","7":"product_cat-schuhe","8":"product_cat-freizeitschuhe","9":"product_cat-herrenschuhe","10":"sws-gruppo-abb-libero-de","11":"sws-conto-ricavi-merci-rivendita-abbigliamento-de","12":"sws-gruppo-iva-iva81-de","14":"first","15":"instock","16":"sale","17":"shipping-taxable","18":"purchasable","19":"product-type-variable","20":"has-default-attributes"},"_links":{"self":[{"href":"https:\/\/lucacastelli.com\/de\/wp-json\/wp\/v2\/product\/475615","targetHints":{"allow":["GET"]}}],"collection":[{"href":"https:\/\/lucacastelli.com\/de\/wp-json\/wp\/v2\/product"}],"about":[{"href":"https:\/\/lucacastelli.com\/de\/wp-json\/wp\/v2\/types\/product"}],"wp:featuredmedia":[{"embeddable":true,"href":"https:\/\/lucacastelli.com\/de\/wp-json\/wp\/v2\/media\/718733"}],"wp:attachment":[{"href":"https:\/\/lucacastelli.com\/de\/wp-json\/wp\/v2\/media?parent=475615"}],"wp:term":[{"taxonomy":"product_brand","embeddable":true,"href":"https:\/\/lucacastelli.com\/de\/wp-json\/wp\/v2\/product_brand?post=475615"},{"taxonomy":"product_cat","embeddable":true,"href":"https:\/\/lucacastelli.com\/de\/wp-json\/wp\/v2\/product_cat?post=475615"},{"taxonomy":"product_tag","embeddable":true,"href":"https:\/\/lucacastelli.com\/de\/wp-json\/wp\/v2\/product_tag?post=475615"}],"curies":[{"name":"wp","href":"https:\/\/api.w.org\/{rel}","templated":true}]}}