{"id":475570,"date":"2023-11-23T16:17:00","date_gmt":"2023-11-23T15:17:00","guid":{"rendered":"https:\/\/lucacastelli.com\/prodotto\/la-sportiva-bushido-ii-jr-gtx\/"},"modified":"2026-04-14T03:29:51","modified_gmt":"2026-04-14T01:29:51","slug":"la-sportiva-bushido-ii-jr-gtx","status":"publish","type":"product","link":"https:\/\/lucacastelli.com\/de\/produkt\/la-sportiva-bushido-ii-jr-gtx\/","title":{"rendered":"La Sportiva Bushido II JR GTX"},"content":{"rendered":"<p>Junior-Version des ikonischen Bushido-Modells. Schuh f\u00fcr die Kleinsten bei ihren L\u00e4ufen und Abenteuern, garantiert Wasserdichtigkeit, Halt und Schutz. <\/p>\n<p>Obermaterial:<br \/>\nAtmungsaktives Air Mesh + Verst\u00e4rkungen aus thermoplastischem Film<br \/>\nFutter:<br \/>\nGore-Tex\u00ae Extended Comfort<br \/>\nEinlegesohle:<br \/>\nOrtholite\u00ae Hybrid Kids 4 mm<br \/>\nZwischensohle:<br \/>\nD\u00e4mpfende EVA-Kompressionszwischensohle<br \/>\nSohle:<br \/>\nFriXion\u00ae Blue-Gummimischung mit Impact Brake System<br \/>\n:<br \/>\nObermaterial<br \/>\nGore-Tex\u00ae Extended Comfort:<br \/>\nFu\u00dfbett<br \/>\nOrtholite\u00ae Hybrid Kids 4 mm:<br \/>\nZwischensohle<br \/>\nD\u00e4mpfende EVA-Kompressionszwischensohle:<br \/>\nSohle<\/p>\n<p>+ Schnellschn\u00fcrung mit Quick-Lace-System<br \/>\n+ Gore-Tex\u00ae Extended Comfort-Membran<br \/>\n+ TPU-Applikationen f\u00fcr Schutz und Langlebigkeit<br \/>\n+ Sohle mit langlebiger FriXion\u00ae Blue-Gummimischung und Impact Brake System f\u00fcr bessere Sto\u00dfd\u00e4mpfung und Traktion<\/p>\n","protected":false},"excerpt":{"rendered":"<p>Junior-Version des ikonischen Bushido-Modells. Schuh f\u00fcr die Kleinsten bei ihren L\u00e4ufen und Abenteuern, garantiert Wasserdichtigkeit, Halt und Schutz. Obermaterial: Atmungsaktives<\/p>\n","protected":false},"featured_media":100631,"template":"","meta":{"_seopress_robots_primary_cat":"none","_seopress_titles_title":"","_seopress_titles_desc":"","_seopress_robots_index":""},"product_brand":[3649],"product_cat":[1419,1425,175],"product_tag":[],"class_list":{"0":"post-475570","1":"product","2":"type-product","3":"status-publish","4":"has-post-thumbnail","6":"product_brand-la-sportiva-de","7":"product_cat-freizeitschuhe","8":"product_cat-kinderschuhe","9":"product_cat-schuhe","11":"first","12":"instock","13":"sale","14":"shipping-taxable","15":"purchasable","16":"product-type-variable"},"_links":{"self":[{"href":"https:\/\/lucacastelli.com\/de\/wp-json\/wp\/v2\/product\/475570","targetHints":{"allow":["GET"]}}],"collection":[{"href":"https:\/\/lucacastelli.com\/de\/wp-json\/wp\/v2\/product"}],"about":[{"href":"https:\/\/lucacastelli.com\/de\/wp-json\/wp\/v2\/types\/product"}],"wp:featuredmedia":[{"embeddable":true,"href":"https:\/\/lucacastelli.com\/de\/wp-json\/wp\/v2\/media\/100631"}],"wp:attachment":[{"href":"https:\/\/lucacastelli.com\/de\/wp-json\/wp\/v2\/media?parent=475570"}],"wp:term":[{"taxonomy":"product_brand","embeddable":true,"href":"https:\/\/lucacastelli.com\/de\/wp-json\/wp\/v2\/product_brand?post=475570"},{"taxonomy":"product_cat","embeddable":true,"href":"https:\/\/lucacastelli.com\/de\/wp-json\/wp\/v2\/product_cat?post=475570"},{"taxonomy":"product_tag","embeddable":true,"href":"https:\/\/lucacastelli.com\/de\/wp-json\/wp\/v2\/product_tag?post=475570"}],"curies":[{"name":"wp","href":"https:\/\/api.w.org\/{rel}","templated":true}]}}