{"id":475483,"date":"2023-09-18T11:54:06","date_gmt":"2023-09-18T09:54:06","guid":{"rendered":"https:\/\/lucacastelli.com\/prodotto\/la-sportiva-jackal-ii-gtx\/"},"modified":"2023-09-18T11:54:06","modified_gmt":"2023-09-18T09:54:06","slug":"la-sportiva-jackal-ii-gtx","status":"publish","type":"product","link":"https:\/\/lucacastelli.com\/de\/produkt\/la-sportiva-jackal-ii-gtx\/","title":{"rendered":"La Sportiva Jackal II GTX"},"content":{"rendered":"<p>Version II des Modells, das der Welt der ULTRA-Rennen und des Langstreckentrainings gewidmet ist und sich dank der innovativen INFINITOO-Technologie\u2122 mit hoher Energier\u00fcckgabe durch eine au\u00dfergew\u00f6hnliche D\u00e4mpfung auszeichnet. Neue Obermaterialien mit umweltfreundlichem Inhalt und neue Konstruktionen f\u00fcr Ferse und Zunge, die Griffigkeit, Umh\u00fcllung und Atmungsaktivit\u00e4t gew\u00e4hrleisten und gleichzeitig das Gewicht erheblich reduzieren. <\/p>\n<p>BESCHREIBUNG<br \/>\nVersion II des Modells, das der Welt des ULTRA-Rennens und des Langstreckentrainings gewidmet ist und sich dank der innovativen INFINITOO-Technologie\u2122 mit hoher Energier\u00fcckgabe durch eine au\u00dfergew\u00f6hnliche D\u00e4mpfung auszeichnet. Neue Obermaterialien mit umweltfreundlichem Inhalt und neue Konstruktionen f\u00fcr Ferse und Zunge, die Griffigkeit, Umh\u00fcllung und Atmungsaktivit\u00e4t gew\u00e4hrleisten und gleichzeitig das Gewicht erheblich reduzieren. <\/p>\n<p>OBERMATERIAL: Sandwich-Mesh aus recyceltem Material + thermoklebende TPU-Verst\u00e4rkungen + Seitenteile aus Single-Grat-Nylon<br \/>\nFUTTER: Abriebfestes Mesh aus recyceltem<br \/>\nMaterial EINLEGESOHLE: Ortholite\u00ae Hybrid Mountain Running\u00ae Ergonomisch 4 mm<br \/>\nZWISCHENSOHLE: Aus EVA mit Infinitoo\u2122 Technology-Eins\u00e4tzen + hochdichter EVA-Felsschutz + zus\u00e4tzliche D\u00e4mpfungsschicht interne<br \/>\nPlattform SOHLE: FriXion\u00ae Red Bi-Compound mit seitlichen<br \/>\nIBS-Stollen GEWICHT:  275 gr (1\/2 Paar)<br \/>\nSPRENGUNG: 7 mm<br \/>\nABSATZ: 29 mm<br \/>\nZEHE: 22 mm<br \/>\nLAUFH\u00d6HE: 3,5 mm<\/p>\n","protected":false},"excerpt":{"rendered":"<p>Version II des Modells, das der Welt der ULTRA-Rennen und des Langstreckentrainings gewidmet ist und sich dank der innovativen INFINITOO-Technologie\u2122<\/p>\n","protected":false},"featured_media":100425,"template":"","meta":{"_seopress_robots_primary_cat":"","_seopress_titles_title":"","_seopress_titles_desc":"","_seopress_robots_index":""},"product_brand":[3419],"product_cat":[28,568,569],"product_tag":[],"class_list":{"0":"post-475483","1":"product","2":"type-product","3":"status-publish","4":"has-post-thumbnail","6":"product_brand-la-sportiva","7":"product_cat-calzature","8":"product_cat-calzature-per-il-tempo-libero","9":"product_cat-calzature-da-uomo","11":"first","12":"instock","13":"shipping-taxable","14":"purchasable","15":"product-type-variable"},"_links":{"self":[{"href":"https:\/\/lucacastelli.com\/de\/wp-json\/wp\/v2\/product\/475483","targetHints":{"allow":["GET"]}}],"collection":[{"href":"https:\/\/lucacastelli.com\/de\/wp-json\/wp\/v2\/product"}],"about":[{"href":"https:\/\/lucacastelli.com\/de\/wp-json\/wp\/v2\/types\/product"}],"wp:featuredmedia":[{"embeddable":true,"href":"https:\/\/lucacastelli.com\/de\/wp-json\/wp\/v2\/media\/100425"}],"wp:attachment":[{"href":"https:\/\/lucacastelli.com\/de\/wp-json\/wp\/v2\/media?parent=475483"}],"wp:term":[{"taxonomy":"product_brand","embeddable":true,"href":"https:\/\/lucacastelli.com\/de\/wp-json\/wp\/v2\/product_brand?post=475483"},{"taxonomy":"product_cat","embeddable":true,"href":"https:\/\/lucacastelli.com\/de\/wp-json\/wp\/v2\/product_cat?post=475483"},{"taxonomy":"product_tag","embeddable":true,"href":"https:\/\/lucacastelli.com\/de\/wp-json\/wp\/v2\/product_tag?post=475483"}],"curies":[{"name":"wp","href":"https:\/\/api.w.org\/{rel}","templated":true}]}}