{"id":475482,"date":"2026-02-09T08:43:40","date_gmt":"2026-02-09T07:43:40","guid":{"rendered":"https:\/\/lucacastelli.com\/prodotto\/la-sportiva-karakorum-trek-damen-gtx\/"},"modified":"2026-04-11T19:57:45","modified_gmt":"2026-04-11T17:57:45","slug":"la-sportiva-karakorum-trek-damen-gtx","status":"publish","type":"product","link":"https:\/\/lucacastelli.com\/de\/produkt\/la-sportiva-karakorum-trek-damen-gtx\/","title":{"rendered":"LA SPORTIVA Karakorum Trek Woman GTX"},"content":{"rendered":"<p>Der Karakorum Trek Woman GTX ist ein robuster Lederstiefel. Er eignet sich f\u00fcr traditionelles Bergsteigen und anspruchsvolle Wanderungen, bei denen manchmal Steigeisen erforderlich sind. Er ist ein zuverl\u00e4ssiger und vielseitiger Begleiter in den Bergen.  <\/p>\n<p>Der erh\u00f6hte Schaft mit zwei Haken verbessert den Kn\u00f6chelschutz und bietet mehr Stabilit\u00e4t. Er besteht aus einem einzigen St\u00fcck 2,8 mm Leder mit wasserabweisender Behandlung. Das GORE-TEX\u00ae-Futter macht den Stiefel wasserdicht und atmungsaktiv. Die rutschfeste Vibram\u00ae-Sohle mit Impact Brake System absorbiert St\u00f6\u00dfe und erm\u00f6glicht komfortables Absteigen auf unebenem Gel\u00e4nde.   <\/p>\n","protected":false},"excerpt":{"rendered":"<p>Der Karakorum Trek Woman GTX ist ein robuster Lederstiefel. Er eignet sich f\u00fcr traditionelles Bergsteigen und anspruchsvolle Wanderungen, bei denen<\/p>\n","protected":false},"featured_media":718750,"template":"","meta":{"_seopress_robots_primary_cat":"none","_seopress_titles_title":"","_seopress_titles_desc":"","_seopress_robots_index":""},"product_brand":[3649],"product_cat":[175,1419,1430],"product_tag":[],"class_list":{"0":"post-475482","1":"product","2":"type-product","3":"status-publish","4":"has-post-thumbnail","6":"product_brand-la-sportiva-de","7":"product_cat-schuhe","8":"product_cat-freizeitschuhe","9":"product_cat-damen-schuhe","10":"sws-gruppo-abb-libero-de","11":"sws-conto-ricavi-merci-rivendita-abbigliamento-de","12":"sws-gruppo-iva-iva81-de","14":"first","15":"instock","16":"sale","17":"shipping-taxable","18":"purchasable","19":"product-type-variable","20":"has-default-attributes"},"_links":{"self":[{"href":"https:\/\/lucacastelli.com\/de\/wp-json\/wp\/v2\/product\/475482","targetHints":{"allow":["GET"]}}],"collection":[{"href":"https:\/\/lucacastelli.com\/de\/wp-json\/wp\/v2\/product"}],"about":[{"href":"https:\/\/lucacastelli.com\/de\/wp-json\/wp\/v2\/types\/product"}],"wp:featuredmedia":[{"embeddable":true,"href":"https:\/\/lucacastelli.com\/de\/wp-json\/wp\/v2\/media\/718750"}],"wp:attachment":[{"href":"https:\/\/lucacastelli.com\/de\/wp-json\/wp\/v2\/media?parent=475482"}],"wp:term":[{"taxonomy":"product_brand","embeddable":true,"href":"https:\/\/lucacastelli.com\/de\/wp-json\/wp\/v2\/product_brand?post=475482"},{"taxonomy":"product_cat","embeddable":true,"href":"https:\/\/lucacastelli.com\/de\/wp-json\/wp\/v2\/product_cat?post=475482"},{"taxonomy":"product_tag","embeddable":true,"href":"https:\/\/lucacastelli.com\/de\/wp-json\/wp\/v2\/product_tag?post=475482"}],"curies":[{"name":"wp","href":"https:\/\/api.w.org\/{rel}","templated":true}]}}