{"id":475255,"date":"2023-02-23T10:12:12","date_gmt":"2023-02-23T09:12:12","guid":{"rendered":"https:\/\/lucacastelli.com\/prodotto\/la-sportiva-ultra-raptor-ii-jr-gtx\/"},"modified":"2023-02-23T10:12:12","modified_gmt":"2023-02-23T09:12:12","slug":"la-sportiva-ultra-raptor-ii-jr-gtx","status":"publish","type":"product","link":"https:\/\/lucacastelli.com\/de\/produkt\/la-sportiva-ultra-raptor-ii-jr-gtx\/","title":{"rendered":"LA SPORTIVA Ultra Raptor II JR GTX"},"content":{"rendered":"<p>Ultra Raptor II Junior GTX ist der wasserdichte und atmungsaktive GORE-TEX-Membranschuh f\u00fcr das Wandern und f\u00fcr die Kleinen. Perfekt f\u00fcr den t\u00e4glichen Gebrauch und das Laufen\/Gehen auf unbefestigtem Gel\u00e4nde. Das Obermaterial besteht aus atmungsaktivem Mesh mit thermoklebender Mikrofaserverst\u00e4rkung und abriebfestem Rand, um Leichtigkeit und maximalen Aufprallschutz zu gew\u00e4hrleisten. Die Ortholite\u00ae Hybrid Einlegesohle besteht aus recycelten Komponenten aus dem Produktionszyklus und jedes Material des Schuhs ist veganfreundlich. Die FriXion\u00ae Blue Compound-Sohle erm\u00f6glicht hervorragenden Grip und Haltbarkeit. Unseren kleinen Velociraptoren gewidmet.     <\/p>\n<p>Obermaterial:<br \/>\n Atmungsaktives Mesh mit thermoklebenden Mikrofaserverst\u00e4rkungen und abriebfestem Rand.<\/p>\n<p>Futter:<br \/>\n rutschfestes Mesh<\/p>\n<p>Fu\u00dfbett:<br \/>\nOtholite\u00ae Hybrid Kid&#8217;s<\/p>\n<p>Zwischensohle:<br \/>\n Leichtes und d\u00e4mpfendes Memlex EVA<\/p>\n<p>Sohle:<br \/>\n Frixion\u00ae Blue<\/p>\n<p>Gr\u00f6\u00dfen:<br \/>\n27-38<\/p>\n<p>Gewicht:<br \/>\n 215 g (ein halbes Paar)<\/p>\n","protected":false},"excerpt":{"rendered":"<p>Ultra Raptor II Junior GTX ist der wasserdichte und atmungsaktive GORE-TEX-Membranschuh f\u00fcr das Wandern und f\u00fcr die Kleinen. Perfekt f\u00fcr<\/p>\n","protected":false},"featured_media":86363,"template":"","meta":{"_seopress_robots_primary_cat":"","_seopress_titles_title":"","_seopress_titles_desc":"","_seopress_robots_index":""},"product_brand":[3649],"product_cat":[1419,1425,175],"product_tag":[],"class_list":{"0":"post-475255","1":"product","2":"type-product","3":"status-publish","4":"has-post-thumbnail","6":"product_brand-la-sportiva-de","7":"product_cat-freizeitschuhe","8":"product_cat-kinderschuhe","9":"product_cat-schuhe","11":"first","12":"instock","13":"shipping-taxable","14":"purchasable","15":"product-type-variable"},"_links":{"self":[{"href":"https:\/\/lucacastelli.com\/de\/wp-json\/wp\/v2\/product\/475255","targetHints":{"allow":["GET"]}}],"collection":[{"href":"https:\/\/lucacastelli.com\/de\/wp-json\/wp\/v2\/product"}],"about":[{"href":"https:\/\/lucacastelli.com\/de\/wp-json\/wp\/v2\/types\/product"}],"wp:featuredmedia":[{"embeddable":true,"href":"https:\/\/lucacastelli.com\/de\/wp-json\/wp\/v2\/media\/86363"}],"wp:attachment":[{"href":"https:\/\/lucacastelli.com\/de\/wp-json\/wp\/v2\/media?parent=475255"}],"wp:term":[{"taxonomy":"product_brand","embeddable":true,"href":"https:\/\/lucacastelli.com\/de\/wp-json\/wp\/v2\/product_brand?post=475255"},{"taxonomy":"product_cat","embeddable":true,"href":"https:\/\/lucacastelli.com\/de\/wp-json\/wp\/v2\/product_cat?post=475255"},{"taxonomy":"product_tag","embeddable":true,"href":"https:\/\/lucacastelli.com\/de\/wp-json\/wp\/v2\/product_tag?post=475255"}],"curies":[{"name":"wp","href":"https:\/\/api.w.org\/{rel}","templated":true}]}}