{"id":475162,"date":"2022-11-29T08:45:34","date_gmt":"2022-11-29T07:45:34","guid":{"rendered":"https:\/\/lucacastelli.com\/prodotto\/la-sportiva-tx2-evo\/"},"modified":"2022-11-29T08:45:34","modified_gmt":"2022-11-29T07:45:34","slug":"la-sportiva-tx2-evo","status":"publish","type":"product","link":"https:\/\/lucacastelli.com\/de\/produkt\/la-sportiva-tx2-evo\/","title":{"rendered":"LA SPORTIVA TX2 Evo"},"content":{"rendered":"<p>Der leichteste Schuh der Traverse X Zustiegsserie: Er erf\u00fcllt die Anforderungen an Grip, Schutz, minimales Volumen und Leichtigkeit, die bei technischen Zustiegen und Mehrseill\u00e4ngenrouten erforderlich sind. Es verwendet ein Sohlenpaket mit 100 % wiederbesohlbarem Profil, das seinen Lebenszyklus verdoppelt und recycelte Materialien verwendet, um die Umwelt weniger zu belasten. <\/p>\n<p>BESCHREIBUNG<br \/>\nDer TX2 Evo ist der leichteste Schuh der Traverse X-Serie von Zustiegsschuhen: Er erf\u00fcllt die Anforderungen an Grip, Schutz, minimales Volumen und Leichtigkeit, die bei technischen Zustiegen und Mehrseill\u00e4ngenrouten erforderlich sind. Es verwendet ein zu 100 % l\u00f6sbares Profilsohlenpaket, das seinen Lebenszyklus verdoppelt und recycelte Materialien verwendet, um die Umweltbelastung zu verringern. Das Sohlenpaket wurde f\u00fcr eine schnelle und einfache L\u00f6sung entwickelt, wobei die Lauffl\u00e4che ausschlie\u00dflich bei autorisierten La Sportiva-L\u00f6sern ausgetauscht wird. Das Obermaterial ist nahtlos und sehr eng anliegend, dank der integrierten Zunge, die L\u00fccken beseitigt und den Fu\u00df f\u00fcr maximalen Komfort und Schutz umschlie\u00dft. Das Gewebe, das f\u00fcr das Obermaterial, die Schn\u00fcrsenkel, das Ortholite\u00ae Hybrid Approach-Fu\u00dfbett und einen Teil der Zwischensohle EVA verwendet wird, besteht ebenfalls aus recycelten und veganen Materialien. Vibram\u00ae IdroGrip-Sohle mit Kletterbereich f\u00fcr maximalen Grip in technischem Gel\u00e4nde. TX2 Evo: erneuern, wiederverwenden, neu besohlen.      <\/p>\n<p>Obermaterial:<br \/>\n Strick mit recyceltem Garn mit differenzierter Elastizit\u00e4t, Tech-Lite \u2122 PU Zehen- und Fersenschutz, integrierte Zunge.<\/p>\n<p>Futter:<br \/>\n Rutschfestes Mesh<\/p>\n<p>Fu\u00dfbett:<br \/>\nOrtholite\u00ae Hybrid Approach 4 mm<\/p>\n<p>Zwischensohle: Recyceltes Kompressions-EVA + Resole-Plattformeinsatz,<br \/>\n um die Probleml\u00f6sung zu erleichtern<\/p>\n<p>Sohle:<br \/>\n Vibram\u00ae Idrogrip<\/p>\n<p>Patente:<br \/>\n C2 &#8211; Combo Cord \u2122 und Schn\u00fcrung, die sich um die Ferse wickelt, abgeleitet vom Mythos-Klettermodell.<\/p>\n<p>Gr\u00f6\u00dfen:<br \/>\n37-471\/2 +1\/2<\/p>\n<p>Gewicht:<br \/>\n 290 g (ein halbes Paar)<\/p>\n","protected":false},"excerpt":{"rendered":"<p>Der leichteste Schuh der Traverse X Zustiegsserie: Er erf\u00fcllt die Anforderungen an Grip, Schutz, minimales Volumen und Leichtigkeit, die bei<\/p>\n","protected":false},"featured_media":84600,"template":"","meta":{"_seopress_robots_primary_cat":"","_seopress_titles_title":"","_seopress_titles_desc":"","_seopress_robots_index":""},"product_brand":[3419],"product_cat":[28,568,569],"product_tag":[],"class_list":{"0":"post-475162","1":"product","2":"type-product","3":"status-publish","4":"has-post-thumbnail","6":"product_brand-la-sportiva","7":"product_cat-calzature","8":"product_cat-calzature-per-il-tempo-libero","9":"product_cat-calzature-da-uomo","11":"first","12":"outofstock","13":"shipping-taxable","14":"product-type-variable"},"_links":{"self":[{"href":"https:\/\/lucacastelli.com\/de\/wp-json\/wp\/v2\/product\/475162","targetHints":{"allow":["GET"]}}],"collection":[{"href":"https:\/\/lucacastelli.com\/de\/wp-json\/wp\/v2\/product"}],"about":[{"href":"https:\/\/lucacastelli.com\/de\/wp-json\/wp\/v2\/types\/product"}],"wp:featuredmedia":[{"embeddable":true,"href":"https:\/\/lucacastelli.com\/de\/wp-json\/wp\/v2\/media\/84600"}],"wp:attachment":[{"href":"https:\/\/lucacastelli.com\/de\/wp-json\/wp\/v2\/media?parent=475162"}],"wp:term":[{"taxonomy":"product_brand","embeddable":true,"href":"https:\/\/lucacastelli.com\/de\/wp-json\/wp\/v2\/product_brand?post=475162"},{"taxonomy":"product_cat","embeddable":true,"href":"https:\/\/lucacastelli.com\/de\/wp-json\/wp\/v2\/product_cat?post=475162"},{"taxonomy":"product_tag","embeddable":true,"href":"https:\/\/lucacastelli.com\/de\/wp-json\/wp\/v2\/product_tag?post=475162"}],"curies":[{"name":"wp","href":"https:\/\/api.w.org\/{rel}","templated":true}]}}