{"id":474950,"date":"2023-05-24T06:43:01","date_gmt":"2023-05-24T04:43:01","guid":{"rendered":"https:\/\/lucacastelli.com\/prodotto\/la-sportiva-bushido-ii-damen\/"},"modified":"2026-04-16T09:53:47","modified_gmt":"2026-04-16T07:53:47","slug":"la-sportiva-bushido-ii-damen","status":"publish","type":"product","link":"https:\/\/lucacastelli.com\/de\/produkt\/la-sportiva-bushido-ii-damen\/","title":{"rendered":"LA SPORTIVA Bushido II Woman"},"content":{"rendered":"<p>Technischer und \u00e4sthetischer State of the Art in der Welt der Mountain-Running-Schuhe. Bushido II ist der Wettkampfschuh f\u00fcr Skyraces: superleicht, griffig, aggressiv und konzipiert, um perfekte Stabilit\u00e4t beim Auftreten auf allen Arten von Off-Road-Gel\u00e4nde zu garantieren. <\/p>\n<p>BESCHREIBUNG:<br \/>\nTechnische\/\u00e4sthetische Weiterentwicklung von Bushido, dem Wettkampfschuh f\u00fcr Skyrunning: superleicht, griffig, aggressiv und konzipiert, um perfekte Stabilit\u00e4t beim Auftreten auf allen Arten von Off-Road-Gel\u00e4nde zu garantieren. Dank der STB-Control-Konstruktion umschlie\u00dft das seitlich am Obermaterial angebrachte TPU-Skelett die Zwischensohle im medialen Bereich und stabilisiert den Schuh. Diese L\u00f6sung erm\u00f6glicht eine engere Passform und eine h\u00f6here Gesamtstabilit\u00e4t durch das synergetische Zusammenspiel von Obermaterial und Zwischensohle sowie eine Gewichtsreduzierung, da schwere Stabilizer-Eins\u00e4tze im mittleren Bereich des Schuhs vermieden werden. Die Sohle aus zwei FriXion-Red-Mischungen weist unterschiedliche Auftrittsfl\u00e4chen auf: Die abgerundete Form der \u00e4u\u00dferen Stollen, die seitlich hochgezogen sind und die Zwischensohle ber\u00fchren, schafft einen graduellen Auftrittswinkel mit dem Untergrund und erh\u00e4lt die Stabilit\u00e4t auch bei extremen Fu\u00dfverdrehungen. Dies erm\u00f6glicht sicheres Laufen auch auf technischstem Gel\u00e4nde mit Wurzeln, Steinen und \u00c4sten. Maximale Unterst\u00fctzung und Umschlie\u00dfung im medialen Fu\u00dfbereich, Bewegungsfreiheit und Komfort im Zehenbereich. Das Ergebnis ist ein Schuh, der im typischen La-Sportiva-Stil neue L\u00f6sungen f\u00fcr die Anforderungen anspruchsvollster L\u00e4ufer bietet und die Spielregeln mit einer noch nie dagewesenen Konstruktion f\u00fcr Trail-Running-Schuhe neu schreibt. Bushido II: der neue Weg des Trail Runners.       <\/p>\n<p>Obermaterial:<br \/>\natmungsaktives Air Mesh, Verst\u00e4rkungen aus thermoplastischem Film, mediales TPU-HF-Skelett auf Rip-Stop-Paneelen<\/p>\n<p>Futter:<br \/>\natmungsaktives rutschfestes Mesh<\/p>\n<p>Zwischensohle:<br \/>\nKompressions-EVA und Stability Control System<\/p>\n<p>Sohle:<br \/>\n Frixion Rot<\/p>\n<p>Einlegesohle:<br \/>\nOrtholite Ergonomic 4 mm<\/p>\n<p>Drop:<br \/>\n6<br \/>\nD\u00e4mpfung:<\/p>\n<p>7 Gewicht:<br \/>\n 295 g (halbes Paar, Gr\u00f6\u00dfe 38)<\/p>\n<p>Gr\u00f6\u00dfen:<br \/>\n36\u201343 (inkl. halbe Gr\u00f6\u00dfen)<\/p>\n","protected":false},"excerpt":{"rendered":"<p>Technischer und \u00e4sthetischer State of the Art in der Welt der Mountain-Running-Schuhe. Bushido II ist der Wettkampfschuh f\u00fcr Skyraces: superleicht,<\/p>\n","protected":false},"featured_media":91269,"template":"","meta":{"_seopress_robots_primary_cat":"none","_seopress_titles_title":"","_seopress_titles_desc":"","_seopress_robots_index":""},"product_brand":[3649],"product_cat":[1430,1419,175],"product_tag":[],"class_list":{"0":"post-474950","1":"product","2":"type-product","3":"status-publish","4":"has-post-thumbnail","6":"product_brand-la-sportiva-de","7":"product_cat-damen-schuhe","8":"product_cat-freizeitschuhe","9":"product_cat-schuhe","11":"first","12":"instock","13":"shipping-taxable","14":"purchasable","15":"product-type-variable"},"_links":{"self":[{"href":"https:\/\/lucacastelli.com\/de\/wp-json\/wp\/v2\/product\/474950","targetHints":{"allow":["GET"]}}],"collection":[{"href":"https:\/\/lucacastelli.com\/de\/wp-json\/wp\/v2\/product"}],"about":[{"href":"https:\/\/lucacastelli.com\/de\/wp-json\/wp\/v2\/types\/product"}],"wp:featuredmedia":[{"embeddable":true,"href":"https:\/\/lucacastelli.com\/de\/wp-json\/wp\/v2\/media\/91269"}],"wp:attachment":[{"href":"https:\/\/lucacastelli.com\/de\/wp-json\/wp\/v2\/media?parent=474950"}],"wp:term":[{"taxonomy":"product_brand","embeddable":true,"href":"https:\/\/lucacastelli.com\/de\/wp-json\/wp\/v2\/product_brand?post=474950"},{"taxonomy":"product_cat","embeddable":true,"href":"https:\/\/lucacastelli.com\/de\/wp-json\/wp\/v2\/product_cat?post=474950"},{"taxonomy":"product_tag","embeddable":true,"href":"https:\/\/lucacastelli.com\/de\/wp-json\/wp\/v2\/product_tag?post=474950"}],"curies":[{"name":"wp","href":"https:\/\/api.w.org\/{rel}","templated":true}]}}