{"id":474949,"date":"2026-03-04T06:36:18","date_gmt":"2026-03-04T05:36:18","guid":{"rendered":"https:\/\/lucacastelli.com\/prodotto\/la-sportiva-nepal-evo-gtx-gelb\/"},"modified":"2026-04-04T15:46:13","modified_gmt":"2026-04-04T13:46:13","slug":"la-sportiva-nepal-evo-gtx-gelb","status":"publish","type":"product","link":"https:\/\/lucacastelli.com\/de\/produkt\/la-sportiva-nepal-evo-gtx-gelb\/","title":{"rendered":"LA SPORTIVA Nepal Evo GTX Yellow"},"content":{"rendered":"<p>Die Verwendung des Gore-Tex\u00ae Duratherm\u00ae Laminat-Thermofutters macht ihn vollst\u00e4ndig wasserdicht und atmungsaktiv. Schaftschnitt mit \u201e3D Flex System\u201c-Gelenk, kombiniert mit einem anatomischen, elastischen Schneeschutz hinten und integrierter Stretch-Gamasche. Neue, umschlie\u00dfende und komfortable Passform. HP3-Zwischensohle mit differenzierten St\u00e4rken und d\u00e4mpfenden PU-Eins\u00e4tzen im Fersen- und Ballenbereich. Exklusive Sohle mit innovativer Impact Brake System-Technologie. Die herausnehmbare Zunge mit integriertem Bel\u00fcftungssystem erm\u00f6glicht eine individuelle Passformregulierung f\u00fcr jeden Fu\u00df. Die EZ OUT-Zugschlaufe (patentiert) erleichtert das L\u00f6sen der Schn\u00fcrung. Au\u00dfergew\u00f6hnlich geringes Gewicht.       <\/p>\n<p>Obermaterial: Wasserabweisendes Idro-Perwanger\u00ae Leder 3+ mm<\/p>\n<p>Futter: Gore-Tex\u00ae Insulated Comfort<\/p>\n<p>Brandsohle: Isolierendes Ibi-Thermo 9 mm<\/p>\n<p>Sohle: Vibram\u00ae Impact Brake System, wiederbesohlbar. Voll steigeisenfest <\/p>\n<p>Patente: Eingetragenes Design<\/p>\n<p>Gr\u00f6\u00dfen: 37 \u2013 48 (einschlie\u00dflich halber Gr\u00f6\u00dfen)<\/p>\n<p>Gewicht: 2.050 g (pro Paar, Gr\u00f6\u00dfe 42)<\/p>\n","protected":false},"excerpt":{"rendered":"<p>Die Verwendung des Gore-Tex\u00ae Duratherm\u00ae Laminat-Thermofutters macht ihn vollst\u00e4ndig wasserdicht und atmungsaktiv. Schaftschnitt mit \u201e3D Flex System\u201c-Gelenk, kombiniert mit einem<\/p>\n","protected":false},"featured_media":91961,"template":"","meta":{"_seopress_robots_primary_cat":"none","_seopress_titles_title":"","_seopress_titles_desc":"","_seopress_robots_index":""},"product_brand":[3649],"product_cat":[1419,1431,175],"product_tag":[],"class_list":{"0":"post-474949","1":"product","2":"type-product","3":"status-publish","4":"has-post-thumbnail","6":"product_brand-la-sportiva-de","7":"product_cat-freizeitschuhe","8":"product_cat-herrenschuhe","9":"product_cat-schuhe","11":"first","12":"instock","13":"shipping-taxable","14":"purchasable","15":"product-type-variable","16":"has-default-attributes"},"_links":{"self":[{"href":"https:\/\/lucacastelli.com\/de\/wp-json\/wp\/v2\/product\/474949","targetHints":{"allow":["GET"]}}],"collection":[{"href":"https:\/\/lucacastelli.com\/de\/wp-json\/wp\/v2\/product"}],"about":[{"href":"https:\/\/lucacastelli.com\/de\/wp-json\/wp\/v2\/types\/product"}],"wp:featuredmedia":[{"embeddable":true,"href":"https:\/\/lucacastelli.com\/de\/wp-json\/wp\/v2\/media\/91961"}],"wp:attachment":[{"href":"https:\/\/lucacastelli.com\/de\/wp-json\/wp\/v2\/media?parent=474949"}],"wp:term":[{"taxonomy":"product_brand","embeddable":true,"href":"https:\/\/lucacastelli.com\/de\/wp-json\/wp\/v2\/product_brand?post=474949"},{"taxonomy":"product_cat","embeddable":true,"href":"https:\/\/lucacastelli.com\/de\/wp-json\/wp\/v2\/product_cat?post=474949"},{"taxonomy":"product_tag","embeddable":true,"href":"https:\/\/lucacastelli.com\/de\/wp-json\/wp\/v2\/product_tag?post=474949"}],"curies":[{"name":"wp","href":"https:\/\/api.w.org\/{rel}","templated":true}]}}