{"id":474883,"date":"2026-03-04T16:17:11","date_gmt":"2026-03-04T15:17:11","guid":{"rendered":"https:\/\/lucacastelli.com\/prodotto\/la-sportiva-nepal-top-arbeit\/"},"modified":"2026-04-10T23:24:02","modified_gmt":"2026-04-10T21:24:02","slug":"la-sportiva-nepal-top-arbeit","status":"publish","type":"product","link":"https:\/\/lucacastelli.com\/de\/produkt\/la-sportiva-nepal-top-arbeit\/","title":{"rendered":"LA SPORTIVA Nepal Top Work"},"content":{"rendered":"<p>Wir freuen uns, Ihnen exklusiv f\u00fcr das Tessin den neuen Arbeitsstiefel Nepal Top Work pr\u00e4sentieren zu d\u00fcrfen.<br \/>\nIm Vergleich zum Modell Nepal Top verf\u00fcgt er \u00fcber einen widerstandsf\u00e4higeren Kleber.<br \/>\nIdeal f\u00fcr Felsr\u00e4umungen und Forstarbeiten.<\/p>\n<p>Obermaterial: Wasserabweisendes Idro-Perwanger\u00ae Leder 3+ mm<\/p>\n<p>Futter: Leder<\/p>\n<p>Brandsohle: 6 mm Ibi Thermo<\/p>\n<p>Sohle: Vibram<\/p>\n<p>Patente: Eingetragenes Design.<\/p>\n<p>Gr\u00f6\u00dfen: 37 \u2013 48 (einschlie\u00dflich halber Gr\u00f6\u00dfen)<\/p>\n<p>Gewicht: 2.100 g (pro Paar, Gr\u00f6\u00dfe 42)<\/p>\n","protected":false},"excerpt":{"rendered":"<p>Wir freuen uns, Ihnen exklusiv f\u00fcr das Tessin den neuen Arbeitsstiefel Nepal Top Work pr\u00e4sentieren zu d\u00fcrfen. Im Vergleich zum<\/p>\n","protected":false},"featured_media":767309,"template":"","meta":{"_seopress_robots_primary_cat":"none","_seopress_titles_title":"","_seopress_titles_desc":"","_seopress_robots_index":""},"product_brand":[3649],"product_cat":[1424,175],"product_tag":[],"class_list":{"0":"post-474883","1":"product","2":"type-product","3":"status-publish","4":"has-post-thumbnail","6":"product_brand-la-sportiva-de","7":"product_cat-arbeitsschuhe","8":"product_cat-schuhe","10":"first","11":"instock","12":"shipping-taxable","13":"purchasable","14":"product-type-variable","15":"has-default-attributes"},"_links":{"self":[{"href":"https:\/\/lucacastelli.com\/de\/wp-json\/wp\/v2\/product\/474883","targetHints":{"allow":["GET"]}}],"collection":[{"href":"https:\/\/lucacastelli.com\/de\/wp-json\/wp\/v2\/product"}],"about":[{"href":"https:\/\/lucacastelli.com\/de\/wp-json\/wp\/v2\/types\/product"}],"wp:featuredmedia":[{"embeddable":true,"href":"https:\/\/lucacastelli.com\/de\/wp-json\/wp\/v2\/media\/767309"}],"wp:attachment":[{"href":"https:\/\/lucacastelli.com\/de\/wp-json\/wp\/v2\/media?parent=474883"}],"wp:term":[{"taxonomy":"product_brand","embeddable":true,"href":"https:\/\/lucacastelli.com\/de\/wp-json\/wp\/v2\/product_brand?post=474883"},{"taxonomy":"product_cat","embeddable":true,"href":"https:\/\/lucacastelli.com\/de\/wp-json\/wp\/v2\/product_cat?post=474883"},{"taxonomy":"product_tag","embeddable":true,"href":"https:\/\/lucacastelli.com\/de\/wp-json\/wp\/v2\/product_tag?post=474883"}],"curies":[{"name":"wp","href":"https:\/\/api.w.org\/{rel}","templated":true}]}}