{"id":474869,"date":"2026-04-02T14:16:50","date_gmt":"2026-04-02T12:16:50","guid":{"rendered":"https:\/\/lucacastelli.com\/?post_type=product&#038;p=474869"},"modified":"2026-04-13T22:04:42","modified_gmt":"2026-04-13T20:04:42","slug":"la-sportiva-tx4-r-damen","status":"publish","type":"product","link":"https:\/\/lucacastelli.com\/de\/produkt\/la-sportiva-tx4-r-damen\/","title":{"rendered":"LA SPORTIVA TX4 R Woman"},"content":{"rendered":"<p>02Der TX4 R Woman von La Sportiva ist eine Sonderedition des ikonischen Modells TX4 \u2013 ein Zustiegsschuh f\u00fcr Damen, der durch Komfort, technische Finessen und Vielseitigkeit besticht.<\/p>\n<p>Der TX 4 R Woman besticht durch seinen Vintage-Look mit klassischen Logos, dem legend\u00e4ren Slogan \u201eClimbing on the Moon\u201c und historischen Farben aus der goldenen \u00c4ra des Kletterns. Diese Schuhe sind eine echte Hommage an die Urspr\u00fcnge von La Sportiva. <\/p>\n<p>Dieser Schuh eignet sich ideal f\u00fcr Zustiege und Klettersteige.<br \/>\nDer TX 4 R Woman verf\u00fcgt \u00fcber ein tief angesetztes Schn\u00fcrsystem, das vom Kletterschuh Mythos abgeleitet wurde. Es umschliesst den Fuss optimal f\u00fcr hohe Pr\u00e4zision und erstklassigen Komfort.<\/p>\n<p>Die Vibram Megagrip-Sohle garantiert Halt auf jedem Untergrund, selbst in technischem und nassem Gel\u00e4nde. Das Obermaterial aus Leder ist hochwertig verarbeitet und sorgt f\u00fcr Langlebigkeit.<br \/>\nDank der Resole Platform-Technologie ist die Wiederbesohlung bei diesem Modell besonders einfach und schnell durch den Austausch der Laufsohle m\u00f6glich.<br \/>\nDas<br \/>\nImpact Brake System von La Sportiva: Dieses intelligente Stollen-Positionierungssystem maximiert den Bodenkontakt, d\u00e4mpft den Aufprall und verbessert die Traktion bergauf sowie den Grip bergab.   <\/p>\n<p>Der TX 4 R Woman ist ein vielseitiger Vintage-Schuh f\u00fcr alle, die Abwechslung zwischen Zustieg und Klettersteig suchen.1002<\/p>\n","protected":false},"excerpt":{"rendered":"<p>02Der TX4 R Woman von La Sportiva ist eine Sonderedition des ikonischen Modells TX4 \u2013 ein Zustiegsschuh f\u00fcr Damen, der<\/p>\n","protected":false},"featured_media":90311,"template":"","meta":{"_seopress_robots_primary_cat":"none","_seopress_titles_title":"","_seopress_titles_desc":"","_seopress_robots_index":""},"product_brand":[3649],"product_cat":[175,1419,1430],"product_tag":[],"class_list":{"0":"post-474869","1":"product","2":"type-product","3":"status-publish","4":"has-post-thumbnail","6":"product_brand-la-sportiva-de","7":"product_cat-schuhe","8":"product_cat-freizeitschuhe","9":"product_cat-damen-schuhe","10":"sws-gruppo-abb-libero-de","11":"sws-conto-ricavi-merci-rivendita-abbigliamento-de","12":"sws-gruppo-iva-iva81-de","14":"first","15":"instock","16":"sale","17":"shipping-taxable","18":"purchasable","19":"product-type-variable","20":"has-default-attributes"},"_links":{"self":[{"href":"https:\/\/lucacastelli.com\/de\/wp-json\/wp\/v2\/product\/474869","targetHints":{"allow":["GET"]}}],"collection":[{"href":"https:\/\/lucacastelli.com\/de\/wp-json\/wp\/v2\/product"}],"about":[{"href":"https:\/\/lucacastelli.com\/de\/wp-json\/wp\/v2\/types\/product"}],"wp:featuredmedia":[{"embeddable":true,"href":"https:\/\/lucacastelli.com\/de\/wp-json\/wp\/v2\/media\/90311"}],"wp:attachment":[{"href":"https:\/\/lucacastelli.com\/de\/wp-json\/wp\/v2\/media?parent=474869"}],"wp:term":[{"taxonomy":"product_brand","embeddable":true,"href":"https:\/\/lucacastelli.com\/de\/wp-json\/wp\/v2\/product_brand?post=474869"},{"taxonomy":"product_cat","embeddable":true,"href":"https:\/\/lucacastelli.com\/de\/wp-json\/wp\/v2\/product_cat?post=474869"},{"taxonomy":"product_tag","embeddable":true,"href":"https:\/\/lucacastelli.com\/de\/wp-json\/wp\/v2\/product_tag?post=474869"}],"curies":[{"name":"wp","href":"https:\/\/api.w.org\/{rel}","templated":true}]}}