{"id":474858,"date":"2023-07-02T08:32:42","date_gmt":"2023-07-02T06:32:42","guid":{"rendered":"https:\/\/lucacastelli.com\/prodotto\/fuel-akku-kompakt-bohrschrauber-m12fdd2-0\/"},"modified":"2023-07-02T08:32:42","modified_gmt":"2023-07-02T06:32:42","slug":"fuel-akku-kompakt-bohrschrauber-m12fdd2-0","status":"publish","type":"product","link":"https:\/\/lucacastelli.com\/de\/produkt\/fuel-akku-kompakt-bohrschrauber-m12fdd2-0\/","title":{"rendered":"FUEL\u2122 Akku-Kompakt-Bohrschrauber M12FDD2-0"},"content":{"rendered":"<p>Extrem kompaktes Design mit einer L\u00e4nge von nur 152 mm f\u00fcr einfachen Zugang auf engstem<br \/>\nRaum 45 Nm Drehmoment &#8211; hervorragendes Leistungs-zu-Gr\u00f6\u00dfe-Verh\u00e4ltnis<br \/>\n13 mm Metall-Schnellspannfutter f\u00fcr schnellen und einfachen Anbauger\u00e4tewechsel<br \/>\nMechanische Kupplung mit 13 Positionen<br \/>\nIn der Batterie integrierte Kraftstoffanzeige, G\u00fcrtelclip und LED-Licht<br \/>\nDie DNA unserer FUEL-Plattform\u2122 definiert das Gleichgewicht der Batterietechnologien neu.<br \/>\nDer b\u00fcrstenlose MILWAUKEE\u00ae POWERSTATE-Motor\u2122, die REDLITHIUM-Batterietechnologie\u2122 und die elektronische REDLINK PLUS-Intelligenz\u2122 sorgen f\u00fcr \u00fcberlegene Leistung, lange Lebensdauer und Haltbarkeit.<br \/>\nFlexibles Batteriesystem: Funktioniert mit allen MILWAUKEE\u00ae M12\u2122 Batterien.<\/p>\n<p>Technische<br \/>\nDaten Holzschrauben bis (MM) 8<br \/>\nMax. Bohren \u00d8 in Holz (MM) 35<br \/>\nMax. Bohren \u00d8 in Stahl (MM) 13<br \/>\nMaximale Spindelleistung (MM) 13<br \/>\nMaximales Drehmoment (NM) 45<br \/>\nDrehzahlstufe 1 (OMW\/MIN) 0 &#8211; 450<br \/>\nDrehzahlstufe 2 (OMW\/MIN) 0 &#8211; 1.550  <\/p>\n<p>Lieferumfang<br \/>\nKarton<br \/>\nLieferung ohne Akkus und Ladeger\u00e4t<\/p>\n","protected":false},"excerpt":{"rendered":"<p>Extrem kompaktes Design mit einer L\u00e4nge von nur 152 mm f\u00fcr einfachen Zugang auf engstem Raum 45 Nm Drehmoment &#8211;<\/p>\n","protected":false},"featured_media":56922,"template":"","meta":{"_seopress_robots_primary_cat":"","_seopress_titles_title":"","_seopress_titles_desc":"","_seopress_robots_index":""},"product_brand":[3656],"product_cat":[1454,1553,169],"product_tag":[],"class_list":{"0":"post-474858","1":"product","2":"type-product","3":"status-publish","4":"has-post-thumbnail","6":"product_brand-milwaukee-de","7":"product_cat-andere-gerate","8":"product_cat-bohrer-und-schraubendreher","9":"product_cat-maschinen","11":"first","12":"onbackorder","13":"shipping-taxable","14":"purchasable","15":"product-type-simple"},"_links":{"self":[{"href":"https:\/\/lucacastelli.com\/de\/wp-json\/wp\/v2\/product\/474858","targetHints":{"allow":["GET"]}}],"collection":[{"href":"https:\/\/lucacastelli.com\/de\/wp-json\/wp\/v2\/product"}],"about":[{"href":"https:\/\/lucacastelli.com\/de\/wp-json\/wp\/v2\/types\/product"}],"wp:featuredmedia":[{"embeddable":true,"href":"https:\/\/lucacastelli.com\/de\/wp-json\/wp\/v2\/media\/56922"}],"wp:attachment":[{"href":"https:\/\/lucacastelli.com\/de\/wp-json\/wp\/v2\/media?parent=474858"}],"wp:term":[{"taxonomy":"product_brand","embeddable":true,"href":"https:\/\/lucacastelli.com\/de\/wp-json\/wp\/v2\/product_brand?post=474858"},{"taxonomy":"product_cat","embeddable":true,"href":"https:\/\/lucacastelli.com\/de\/wp-json\/wp\/v2\/product_cat?post=474858"},{"taxonomy":"product_tag","embeddable":true,"href":"https:\/\/lucacastelli.com\/de\/wp-json\/wp\/v2\/product_tag?post=474858"}],"curies":[{"name":"wp","href":"https:\/\/api.w.org\/{rel}","templated":true}]}}