{"id":474852,"date":"2023-07-02T08:32:17","date_gmt":"2023-07-02T06:32:17","guid":{"rendered":"https:\/\/lucacastelli.com\/prodotto\/fuel-akku-kompakt-bohrschrauber-mit-schnellwechselbohrfutter-m12fddx-0\/"},"modified":"2023-07-02T08:32:17","modified_gmt":"2023-07-02T06:32:17","slug":"fuel-akku-kompakt-bohrschrauber-mit-schnellwechselbohrfutter-m12fddx-0","status":"publish","type":"product","link":"https:\/\/lucacastelli.com\/de\/produkt\/fuel-akku-kompakt-bohrschrauber-mit-schnellwechselbohrfutter-m12fddx-0\/","title":{"rendered":"FUEL\u2122 Akku-Kompakt-Bohrschrauber mit Schnellwechselbohrfutter M12FDDX-0"},"content":{"rendered":"<p>Funktionen:<\/p>\n<p>Wechselkopfsystem mit vier verschiedenen Aufs\u00e4tzen f\u00fcr die unterschiedlichsten Anwendungen (nur das 10 mm Metallfutter ist im Lieferumfang enthalten!).<br \/>\nDurch den 1\/4&#8243;-Sechskantantrieb unter der Spindel kann die L\u00e4nge auf 130 mm reduziert werden, wenn der Schraubvorgang dies erfordert.<br \/>\nSehr handliches Werkzeug f\u00fcr maximale Pr\u00e4zision und Kontrolle<br \/>\nPOWERSTATE\u2122 b\u00fcrstenloser Motor f\u00fcr ein maximales Drehmoment von 34 Nm<br \/>\nMagnetischer<br \/>\nBithalter Die REDLINK PLUS-Elektronik\u2122 bietet einen fortschrittlichen digitalen \u00dcberlastungsschutz sowohl f\u00fcr die Maschine als auch f\u00fcr die Batterie und h\u00e4lt die Leistung unter Last<br \/>\nkonstant Die REDLITHIUM-Batterie\u2122 bietet ein perfekt kalibriertes Design, eine fortschrittliche Elektronik und eine verlustfreie Leistungsentfaltung.  f\u00fcr eine lange Lebensdauer und hohe Festigkeit.<br \/>\n100% kompatibel mit der MILWAUKEE\u00ae M12-Produktreihe\u2122.<\/p>\n<p>Technische Daten:<\/p>\n<p>Akku: Lithium-Ionen<br \/>\nSpannbereich der Spindel (mm): 10<br \/>\nDrehzahlstufen: 2<br \/>\nGewicht ohne Akku (kg): 0,7<br \/>\nHolzschrauben (mm): 10<br \/>\nLeerlaufdrehzahl im 1. Gang (min-\u00b9): 0 &#8211; 400<br \/>\nLeerlaufdrehzahl im 2. Gang (min-\u00b9): 0 &#8211; 1600<br \/>\nMaximaler Bohrdurchmesser in Holz (mm) Bohrdurchmesser in Holz (mm):  28<br \/>\nMaximaler Bohrdurchmesser in Stahl Maximaler Bohrdurchmesser in Stahl (mm): 10<br \/>\nMaximales Drehmoment (Nm): 34 Drehmoment (Nm): 34<br \/>\nSpannung (V): 12<\/p>\n<p>Lieferumfang:<\/p>\n<p>10mm Metall<br \/>\nBohrfutter ohne Batterien, ohne Ladeger\u00e4t, ohne Koffer<\/p>\n","protected":false},"excerpt":{"rendered":"<p>Funktionen: Wechselkopfsystem mit vier verschiedenen Aufs\u00e4tzen f\u00fcr die unterschiedlichsten Anwendungen (nur das 10 mm Metallfutter ist im Lieferumfang enthalten!). Durch<\/p>\n","protected":false},"featured_media":56917,"template":"","meta":{"_seopress_robots_primary_cat":"","_seopress_titles_title":"","_seopress_titles_desc":"","_seopress_robots_index":""},"product_brand":[3656],"product_cat":[1454,1553,169],"product_tag":[],"class_list":{"0":"post-474852","1":"product","2":"type-product","3":"status-publish","4":"has-post-thumbnail","6":"product_brand-milwaukee-de","7":"product_cat-andere-gerate","8":"product_cat-bohrer-und-schraubendreher","9":"product_cat-maschinen","11":"first","12":"onbackorder","13":"shipping-taxable","14":"purchasable","15":"product-type-simple"},"_links":{"self":[{"href":"https:\/\/lucacastelli.com\/de\/wp-json\/wp\/v2\/product\/474852","targetHints":{"allow":["GET"]}}],"collection":[{"href":"https:\/\/lucacastelli.com\/de\/wp-json\/wp\/v2\/product"}],"about":[{"href":"https:\/\/lucacastelli.com\/de\/wp-json\/wp\/v2\/types\/product"}],"wp:featuredmedia":[{"embeddable":true,"href":"https:\/\/lucacastelli.com\/de\/wp-json\/wp\/v2\/media\/56917"}],"wp:attachment":[{"href":"https:\/\/lucacastelli.com\/de\/wp-json\/wp\/v2\/media?parent=474852"}],"wp:term":[{"taxonomy":"product_brand","embeddable":true,"href":"https:\/\/lucacastelli.com\/de\/wp-json\/wp\/v2\/product_brand?post=474852"},{"taxonomy":"product_cat","embeddable":true,"href":"https:\/\/lucacastelli.com\/de\/wp-json\/wp\/v2\/product_cat?post=474852"},{"taxonomy":"product_tag","embeddable":true,"href":"https:\/\/lucacastelli.com\/de\/wp-json\/wp\/v2\/product_tag?post=474852"}],"curies":[{"name":"wp","href":"https:\/\/api.w.org\/{rel}","templated":true}]}}