{"id":474843,"date":"2023-07-02T07:55:18","date_gmt":"2023-07-02T05:55:18","guid":{"rendered":"https:\/\/lucacastelli.com\/prodotto\/fuel-akku-bohrhammer-m12ch-402x\/"},"modified":"2023-07-02T07:55:18","modified_gmt":"2023-07-02T05:55:18","slug":"fuel-akku-bohrhammer-m12ch-402x","status":"publish","type":"product","link":"https:\/\/lucacastelli.com\/de\/produkt\/fuel-akku-bohrhammer-m12ch-402x\/","title":{"rendered":"FUEL\u2122 Akku-Bohrhammer M12CH-402X"},"content":{"rendered":"<p>12 V b\u00fcrstenloser Akku-Bohrhammer mit 1,1 J Schlagenergie<br \/>\nGeringe Vibrationswerte von nur 4,4 m\/s\u00b2<br \/>\nBohren Sie bis zu 60 L\u00f6cher in Beton (6 x 50 mm) mit einer<br \/>\nAkkuladung POWERSTATE\u2122 Brushless-Motor f\u00fcr h\u00e4rteste<br \/>\nEins\u00e4tze Die REDLINK PLUS-Elektronik\u2122 bietet einen fortschrittlichen digitalen \u00dcberlastschutz f\u00fcr Maschine und Akku und h\u00e4lt die Leistung unter Last<br \/>\n konstantDer REDLITHIUM-ION-Akku\u2122 bietet ein perfekt kalibriertes Design, eine fortschrittliche Elektronik und eine verlustfreie Stromversorgung f\u00fcr eine l\u00e4ngere Lebensdauer als die Vorg\u00e4ngermodelle.<br \/>\nMit Schlaganschlag nur zum Bohren<br \/>\nOptimiert f\u00fcr Bohrdurchmesser von 6 mm bis 10 mm<br \/>\nKlemmhalsdurchmesser von 43 mm &#8211; kompatibel mit dem Batterie-Extraktionssystem M12 DE<br \/>\nSystem 100% kompatibel mit Milwaukee\u00ae M12 Produktreihe<\/p>\n<p>Technische Daten:<\/p>\n<p>Lithium-Ionen-Akku<br \/>\nBatteriekapazit\u00e4t (Ah) 4,0<br \/>\nAnzahl der mitgelieferten Batterien 2<br \/>\nLieferung in HD-Box<br \/>\nGewicht mit Akku (kg) 1,9<br \/>\nLadeger\u00e4t (Ladezeit) 80 min<br \/>\nDrehzahl bei Last (min-1) 0 &#8211; 6575<br \/>\nLeerlaufdrehzahl (min-1) 0 &#8211; 900<br \/>\nMaximaler Durchmesser des Bohrers in Beton (mm) Bohrdurchmesser in Beton (mm) 13<br \/>\nMaximaler Bohrdurchmesser in Holz Bohrdurchmesser in Holz (mm) 13<br \/>\nMaximaler Bohrdurchmesser in Stahl Bohrdurchmesser in Stahl (mm) 10<br \/>\nOptimiert f\u00fcr Bohrdurchmesser [mm] \u00f8 5,5 &#8211; 12<br \/>\nSto\u00dfenergie (EPTA) (J) 1,1<br \/>\nSpannung (V) 12<br \/>\nVibrationen beim Bohren in Beton (m\/s\u00b2) 4.4<\/p>\n<p>Lieferumfang:<br \/>\n 2 x 4,0Ah Akku, Ladeger\u00e4t. HD-Box <\/p>\n","protected":false},"excerpt":{"rendered":"<p>12 V b\u00fcrstenloser Akku-Bohrhammer mit 1,1 J Schlagenergie Geringe Vibrationswerte von nur 4,4 m\/s\u00b2 Bohren Sie bis zu 60 L\u00f6cher<\/p>\n","protected":false},"featured_media":56902,"template":"","meta":{"_seopress_robots_primary_cat":"","_seopress_titles_title":"","_seopress_titles_desc":"","_seopress_robots_index":""},"product_brand":[3656],"product_cat":[1454,1553,169],"product_tag":[],"class_list":{"0":"post-474843","1":"product","2":"type-product","3":"status-publish","4":"has-post-thumbnail","6":"product_brand-milwaukee-de","7":"product_cat-andere-gerate","8":"product_cat-bohrer-und-schraubendreher","9":"product_cat-maschinen","11":"first","12":"onbackorder","13":"shipping-taxable","14":"purchasable","15":"product-type-simple"},"_links":{"self":[{"href":"https:\/\/lucacastelli.com\/de\/wp-json\/wp\/v2\/product\/474843","targetHints":{"allow":["GET"]}}],"collection":[{"href":"https:\/\/lucacastelli.com\/de\/wp-json\/wp\/v2\/product"}],"about":[{"href":"https:\/\/lucacastelli.com\/de\/wp-json\/wp\/v2\/types\/product"}],"wp:featuredmedia":[{"embeddable":true,"href":"https:\/\/lucacastelli.com\/de\/wp-json\/wp\/v2\/media\/56902"}],"wp:attachment":[{"href":"https:\/\/lucacastelli.com\/de\/wp-json\/wp\/v2\/media?parent=474843"}],"wp:term":[{"taxonomy":"product_brand","embeddable":true,"href":"https:\/\/lucacastelli.com\/de\/wp-json\/wp\/v2\/product_brand?post=474843"},{"taxonomy":"product_cat","embeddable":true,"href":"https:\/\/lucacastelli.com\/de\/wp-json\/wp\/v2\/product_cat?post=474843"},{"taxonomy":"product_tag","embeddable":true,"href":"https:\/\/lucacastelli.com\/de\/wp-json\/wp\/v2\/product_tag?post=474843"}],"curies":[{"name":"wp","href":"https:\/\/api.w.org\/{rel}","templated":true}]}}