{"id":474833,"date":"2023-07-01T18:04:22","date_gmt":"2023-07-01T16:04:22","guid":{"rendered":"https:\/\/lucacastelli.com\/prodotto\/akku-schlagschrauber-3-8-vierkant-m12biw38-0\/"},"modified":"2023-07-01T18:04:22","modified_gmt":"2023-07-01T16:04:22","slug":"akku-schlagschrauber-3-8-vierkant-m12biw38-0","status":"publish","type":"product","link":"https:\/\/lucacastelli.com\/de\/produkt\/akku-schlagschrauber-3-8-vierkant-m12biw38-0\/","title":{"rendered":"Akku-Schlagschrauber 3\/8 \u0301 \u0301 Vierkant M12BIW38-0"},"content":{"rendered":"<p>Akku-Schlagschrauber mit einer L\u00e4nge von nur 165 mm<br \/>\nREDLINK-Elektronik\u2122 &#8211; \u00dcberlastschutz in Maschine und Akku sorgt f\u00fcr eine lange Lebensdauer<br \/>\nRobustes Getriebegeh\u00e4use aus Metall f\u00fcr lange Lebensdauer und hohe Anspr\u00fcche<br \/>\n3\/8&#8243; Vierkantantrieb mit Sprengring<br \/>\nOptimierter Griff f\u00fcr bessere Ergonomie und Griffigkeit<br \/>\nEinzelzellen\u00fcberwachung f\u00fcr optimale Lebensdauer und lange Akkulaufzeit<br \/>\nBatterieladeanzeige und LED-Beleuchtung des Arbeitsbereichs<br \/>\nDer REDLITHIUM-ION-Akku\u2122 bietet ein perfekt kalibriertes Design, fortschrittliche Elektronik und verlustfreie Leistungsabgabe f\u00fcr eine l\u00e4ngere Lebensdauer und hohe Festigkeit.<br \/>\n100% kompatibel mit Milwaukee\u00ae M12-Produktreihe\u2122<br \/>\nTechnische Daten:<\/p>\n<p>Li-Ionen-Akku Li-Ion<br \/>\nAnzahl der mitgelieferten Akkus 0<br \/>\nArtikelnummer 4933441985<br \/>\nGewicht mit Akku (kg) 1,0<br \/>\nLadeger\u00e4t (Ladezeit) &#8211;<br \/>\nLeerlaufdrehzahl (min-1) 0 &#8211; 2500<br \/>\nMaximales Drehmoment (Nm) Drehmoment (Nm) 135<br \/>\nSchlagdrehzahl (min-1) 0 &#8211; 3300<br \/>\nSpannung (V) 12  <\/p>\n<p>Lieferumfang:<br \/>\n ohne Akku, ohne Ladeger\u00e4t<\/p>\n","protected":false},"excerpt":{"rendered":"<p>Akku-Schlagschrauber mit einer L\u00e4nge von nur 165 mm REDLINK-Elektronik\u2122 &#8211; \u00dcberlastschutz in Maschine und Akku sorgt f\u00fcr eine lange Lebensdauer<\/p>\n","protected":false},"featured_media":56877,"template":"","meta":{"_seopress_robots_primary_cat":"","_seopress_titles_title":"","_seopress_titles_desc":"","_seopress_robots_index":""},"product_brand":[3407],"product_cat":[29,514,549],"product_tag":[],"class_list":{"0":"post-474833","1":"product","2":"type-product","3":"status-publish","4":"has-post-thumbnail","6":"product_brand-milwaukee","7":"product_cat-macchinari","8":"product_cat-altri-dispositivi","9":"product_cat-trapani-e-avvitatori","11":"first","12":"onbackorder","13":"shipping-taxable","14":"purchasable","15":"product-type-simple"},"_links":{"self":[{"href":"https:\/\/lucacastelli.com\/de\/wp-json\/wp\/v2\/product\/474833","targetHints":{"allow":["GET"]}}],"collection":[{"href":"https:\/\/lucacastelli.com\/de\/wp-json\/wp\/v2\/product"}],"about":[{"href":"https:\/\/lucacastelli.com\/de\/wp-json\/wp\/v2\/types\/product"}],"wp:featuredmedia":[{"embeddable":true,"href":"https:\/\/lucacastelli.com\/de\/wp-json\/wp\/v2\/media\/56877"}],"wp:attachment":[{"href":"https:\/\/lucacastelli.com\/de\/wp-json\/wp\/v2\/media?parent=474833"}],"wp:term":[{"taxonomy":"product_brand","embeddable":true,"href":"https:\/\/lucacastelli.com\/de\/wp-json\/wp\/v2\/product_brand?post=474833"},{"taxonomy":"product_cat","embeddable":true,"href":"https:\/\/lucacastelli.com\/de\/wp-json\/wp\/v2\/product_cat?post=474833"},{"taxonomy":"product_tag","embeddable":true,"href":"https:\/\/lucacastelli.com\/de\/wp-json\/wp\/v2\/product_tag?post=474833"}],"curies":[{"name":"wp","href":"https:\/\/api.w.org\/{rel}","templated":true}]}}