{"id":474827,"date":"2023-07-01T17:39:16","date_gmt":"2023-07-01T15:39:16","guid":{"rendered":"https:\/\/lucacastelli.com\/prodotto\/akku-kompaktschrauber-m12cd-0\/"},"modified":"2023-07-01T17:39:16","modified_gmt":"2023-07-01T15:39:16","slug":"akku-kompaktschrauber-m12cd-0","status":"publish","type":"product","link":"https:\/\/lucacastelli.com\/de\/produkt\/akku-kompaktschrauber-m12cd-0\/","title":{"rendered":"Akku-Kompaktschrauber M12CD-0"},"content":{"rendered":"<p>POWERSTATE\u2122 Brushless-Motor f\u00fcr h\u00e4rteste Eins\u00e4tze.<br \/>\nDie REDLINK PLUS-Elektronik\u2122 bietet einen fortschrittlichen digitalen \u00dcberlastschutz f\u00fcr Maschine und Akku und h\u00e4lt die Leistung unter Last konstant.<br \/>\nDer REDLITHIUM-ION-Akku\u2122 bietet ein perfekt kalibriertes Design, eine fortschrittliche Elektronik und eine verlustfreie Leistungsentfaltung f\u00fcr eine l\u00e4ngere Lebensdauer und eine hohe Lebensdauer.<br \/>\nEinzelzellen\u00fcberwachung zur Optimierung der Batterielebensdauer und Verl\u00e4ngerung der Batterielaufzeit<br \/>\nDirekte Befestigung mit 1\/4&#8243;<br \/>\n SechskantbitBatterieladeanzeigeLED-Arbeitsplatzbeleuchtung<\/p>\n<p>100% kompatibel mit Milwaukee M12<br \/>\nProduktreihe Technische Daten:<\/p>\n<p>Lithium-Ionen-Akku<br \/>\nAnzahl der mitgelieferten Akkus 0<br \/>\nArtikelnummer 4933440450<br \/>\nGewicht mit Akku (kg) 1,2<br \/>\nHolzschrauben (mm) 8<br \/>\nLadeger\u00e4t (Ladezeit) &#8211;<br \/>\nLeerlaufdrehzahl im 1. Gang (min-1) 0 &#8211; 450<br \/>\nLeerlaufdrehzahl im 2. Gang (min-1) 0 &#8211; 1700<br \/>\nMaximaler Durchmesser des Bohrers in Holz (mm) Durchmesser des Bohrers in Holz (mm) 25<br \/>\nMaximaler Bohrdurchmesser in Stahl Maximaler Bohrdurchmesser in Stahl (mm) 10<br \/>\nMaximales Drehmoment Drehmoment (Nm) 37<br \/>\nMax. Bohren Holz\u00a6 Stahl [mm] Berechnet 25\/ 10<br \/>\nSpannung (V) 12<\/p>\n<p>Lieferumfang:<br \/>\n ohne Akku, ohne Ladeger\u00e4t, ohne Koffer<\/p>\n","protected":false},"excerpt":{"rendered":"<p>POWERSTATE\u2122 Brushless-Motor f\u00fcr h\u00e4rteste Eins\u00e4tze. Die REDLINK PLUS-Elektronik\u2122 bietet einen fortschrittlichen digitalen \u00dcberlastschutz f\u00fcr Maschine und Akku und h\u00e4lt die<\/p>\n","protected":false},"featured_media":56862,"template":"","meta":{"_seopress_robots_primary_cat":"","_seopress_titles_title":"","_seopress_titles_desc":"","_seopress_robots_index":""},"product_brand":[3656],"product_cat":[1454,1553,169],"product_tag":[],"class_list":{"0":"post-474827","1":"product","2":"type-product","3":"status-publish","4":"has-post-thumbnail","6":"product_brand-milwaukee-de","7":"product_cat-andere-gerate","8":"product_cat-bohrer-und-schraubendreher","9":"product_cat-maschinen","11":"first","12":"onbackorder","13":"shipping-taxable","14":"purchasable","15":"product-type-simple"},"_links":{"self":[{"href":"https:\/\/lucacastelli.com\/de\/wp-json\/wp\/v2\/product\/474827","targetHints":{"allow":["GET"]}}],"collection":[{"href":"https:\/\/lucacastelli.com\/de\/wp-json\/wp\/v2\/product"}],"about":[{"href":"https:\/\/lucacastelli.com\/de\/wp-json\/wp\/v2\/types\/product"}],"wp:featuredmedia":[{"embeddable":true,"href":"https:\/\/lucacastelli.com\/de\/wp-json\/wp\/v2\/media\/56862"}],"wp:attachment":[{"href":"https:\/\/lucacastelli.com\/de\/wp-json\/wp\/v2\/media?parent=474827"}],"wp:term":[{"taxonomy":"product_brand","embeddable":true,"href":"https:\/\/lucacastelli.com\/de\/wp-json\/wp\/v2\/product_brand?post=474827"},{"taxonomy":"product_cat","embeddable":true,"href":"https:\/\/lucacastelli.com\/de\/wp-json\/wp\/v2\/product_cat?post=474827"},{"taxonomy":"product_tag","embeddable":true,"href":"https:\/\/lucacastelli.com\/de\/wp-json\/wp\/v2\/product_tag?post=474827"}],"curies":[{"name":"wp","href":"https:\/\/api.w.org\/{rel}","templated":true}]}}