{"id":474823,"date":"2023-07-01T18:03:20","date_gmt":"2023-07-01T16:03:20","guid":{"rendered":"https:\/\/lucacastelli.com\/prodotto\/akku-schlagschrauber-1-4-sechskant-m12bid-0\/"},"modified":"2023-07-01T18:03:20","modified_gmt":"2023-07-01T16:03:20","slug":"akku-schlagschrauber-1-4-sechskant-m12bid-0","status":"publish","type":"product","link":"https:\/\/lucacastelli.com\/de\/produkt\/akku-schlagschrauber-1-4-sechskant-m12bid-0\/","title":{"rendered":"Akku-Schlagschrauber 1\/4 Sechskant M12BID-0"},"content":{"rendered":"<p>Extrem handlicher Akku-Schlagschrauber mit einer L\u00e4nge von nur 165 mm, ideal f\u00fcr Arbeiten auf engstem Raum<br \/>\nREDLINK\u2122 electronics: \u00dcberlastschutz von Maschine und Akku sorgt f\u00fcr eine lange Lebensdauer.<br \/>\nVollmetall-Getriebegeh\u00e4use f\u00fcr lange Lebensdauer und hohe Belastbarkeit<br \/>\nStangengriff und Klappfunktion<br \/>\nOptimierter Griff f\u00fcr gute Ergonomie und Griffigkeit<br \/>\nEinzelzellen\u00fcberwachung f\u00fcr optimale Lebensdauer und lange Akkulaufzeit<br \/>\nLED-Beleuchtung des Arbeitsbereichs<br \/>\nDer REDLITHIUM-ION-Akku\u2122 bietet ein perfekt kalibriertes Design, eine fortschrittliche Elektronik und eine verlustfreie Stromversorgung f\u00fcr eine l\u00e4ngere Lebensdauer und l\u00e4ngere Laufzeit als die Vorg\u00e4ngermodelle<br \/>\n100% kompatibel mit Milwaukee\u00ae M12-Produktreihe\u2122<br \/>\nTechnische Daten:<\/p>\n<p>Lithium-Ionen-Akku<br \/>\nAnzahl der mitgelieferten Batterien 0<br \/>\nArtikelnummer 4933441955<br \/>\nGewicht mit Akku (kg) 1,0<br \/>\nLadeger\u00e4t (Ladezeit) &#8211;<br \/>\nMindestdrehzahl (min-1) 0 &#8211; 2500<br \/>\nMaximales Drehmoment (Nm) 112 Drehmoment (Nm) 112<br \/>\nSchlagdrehzahl (min-1) 0 &#8211; 3300<br \/>\nSpannung (V) 12<\/p>\n<p>Lieferumfang:<br \/>\n ohne Akku, ohne Ladeger\u00e4t<\/p>\n","protected":false},"excerpt":{"rendered":"<p>Extrem handlicher Akku-Schlagschrauber mit einer L\u00e4nge von nur 165 mm, ideal f\u00fcr Arbeiten auf engstem Raum REDLINK\u2122 electronics: \u00dcberlastschutz von<\/p>\n","protected":false},"featured_media":56867,"template":"","meta":{"_seopress_robots_primary_cat":"","_seopress_titles_title":"","_seopress_titles_desc":"","_seopress_robots_index":""},"product_brand":[3407],"product_cat":[29,514,549],"product_tag":[],"class_list":{"0":"post-474823","1":"product","2":"type-product","3":"status-publish","4":"has-post-thumbnail","6":"product_brand-milwaukee","7":"product_cat-macchinari","8":"product_cat-altri-dispositivi","9":"product_cat-trapani-e-avvitatori","11":"first","12":"onbackorder","13":"shipping-taxable","14":"purchasable","15":"product-type-simple"},"_links":{"self":[{"href":"https:\/\/lucacastelli.com\/de\/wp-json\/wp\/v2\/product\/474823","targetHints":{"allow":["GET"]}}],"collection":[{"href":"https:\/\/lucacastelli.com\/de\/wp-json\/wp\/v2\/product"}],"about":[{"href":"https:\/\/lucacastelli.com\/de\/wp-json\/wp\/v2\/types\/product"}],"wp:featuredmedia":[{"embeddable":true,"href":"https:\/\/lucacastelli.com\/de\/wp-json\/wp\/v2\/media\/56867"}],"wp:attachment":[{"href":"https:\/\/lucacastelli.com\/de\/wp-json\/wp\/v2\/media?parent=474823"}],"wp:term":[{"taxonomy":"product_brand","embeddable":true,"href":"https:\/\/lucacastelli.com\/de\/wp-json\/wp\/v2\/product_brand?post=474823"},{"taxonomy":"product_cat","embeddable":true,"href":"https:\/\/lucacastelli.com\/de\/wp-json\/wp\/v2\/product_cat?post=474823"},{"taxonomy":"product_tag","embeddable":true,"href":"https:\/\/lucacastelli.com\/de\/wp-json\/wp\/v2\/product_tag?post=474823"}],"curies":[{"name":"wp","href":"https:\/\/api.w.org\/{rel}","templated":true}]}}