{"id":474819,"date":"2023-07-01T17:26:14","date_gmt":"2023-07-01T15:26:14","guid":{"rendered":"https:\/\/lucacastelli.com\/prodotto\/akku-schlagschrauber-1-2-vierkant-m12biw12-202c\/"},"modified":"2023-07-01T17:26:14","modified_gmt":"2023-07-01T15:26:14","slug":"akku-schlagschrauber-1-2-vierkant-m12biw12-202c","status":"publish","type":"product","link":"https:\/\/lucacastelli.com\/de\/produkt\/akku-schlagschrauber-1-2-vierkant-m12biw12-202c\/","title":{"rendered":"Akku-Schlagschrauber 1\/2 \u0301 \u0301 Vierkant M12BIW12-202C"},"content":{"rendered":"<p>Technische Daten:<\/p>\n<p>Akku: Lithium-Ionen<br \/>\nAkkukapazit\u00e4t (Ah): 2,0<br \/>\nAnzahl der mitgelieferten Akkus: 2<br \/>\nGewicht mit Akku (kg): 1,0<br \/>\nLeerlaufdrehzahl (min-\u00b9): 0 &#8211; 2550<br \/>\nMaximales Drehmoment (Nm): 138 Drehmoment (Nm): 138<br \/>\nSchlagdrehzahl (min-\u00b9): 0 &#8211; 3400 0 &#8211; 3400<br \/>\nSpannung (V): 12 12<br \/>\nWerkzeugaufnahme: 1\/2&#8243; quadratisch<br \/>\nMerkmale:<\/p>\n<p>REDLINK-Elektronik\u2122 &#8211; \u00dcberlastschutz f\u00fcr eine lange Lebensdauer von Batterie, Motor und Getriebe.<br \/>\nRobustes Getriebegeh\u00e4use aus Metall f\u00fcr lange Lebensdauer und intensive Nutzung.<br \/>\n1\/2&#8243; Vierkantantrieb mit Sicherungsstift<br \/>\nOptimierter Griff f\u00fcr verbesserte Ergonomie und Griffigkeit<br \/>\nEinzelzellen\u00fcberwachung zur Optimierung der Akkulaufzeit<br \/>\nund Laufzeit Anzeige des Akkuladezustands und LED-Arbeitsplatzbeleuchtung<br \/>\nDie REDLITHIUM-Batterie\u2122 bietet ein perfekt abgestimmtes Design, eine fortschrittliche Elektronik und eine verlustfreie Stromversorgung f\u00fcr eine l\u00e4ngere Lebensdauer und l\u00e4ngere Haltbarkeit als die Vorg\u00e4ngermodelle<br \/>\n100% kompatibel mit der MILWAUKEE-M12-Produktreihe\u00ae\u2122.<br \/>\nLieferumfang:<\/p>\n<p>2 x M12 B2<br \/>\nAkkus C12 C<br \/>\nLadeger\u00e4t Tragetasche  <\/p>\n","protected":false},"excerpt":{"rendered":"<p>Technische Daten: Akku: Lithium-Ionen Akkukapazit\u00e4t (Ah): 2,0 Anzahl der mitgelieferten Akkus: 2 Gewicht mit Akku (kg): 1,0 Leerlaufdrehzahl (min-\u00b9): 0<\/p>\n","protected":false},"featured_media":56847,"template":"","meta":{"_seopress_robots_primary_cat":"","_seopress_titles_title":"","_seopress_titles_desc":"","_seopress_robots_index":""},"product_brand":[3407],"product_cat":[29,514,549],"product_tag":[],"class_list":{"0":"post-474819","1":"product","2":"type-product","3":"status-publish","4":"has-post-thumbnail","6":"product_brand-milwaukee","7":"product_cat-macchinari","8":"product_cat-altri-dispositivi","9":"product_cat-trapani-e-avvitatori","11":"first","12":"onbackorder","13":"shipping-taxable","14":"purchasable","15":"product-type-simple"},"_links":{"self":[{"href":"https:\/\/lucacastelli.com\/de\/wp-json\/wp\/v2\/product\/474819","targetHints":{"allow":["GET"]}}],"collection":[{"href":"https:\/\/lucacastelli.com\/de\/wp-json\/wp\/v2\/product"}],"about":[{"href":"https:\/\/lucacastelli.com\/de\/wp-json\/wp\/v2\/types\/product"}],"wp:featuredmedia":[{"embeddable":true,"href":"https:\/\/lucacastelli.com\/de\/wp-json\/wp\/v2\/media\/56847"}],"wp:attachment":[{"href":"https:\/\/lucacastelli.com\/de\/wp-json\/wp\/v2\/media?parent=474819"}],"wp:term":[{"taxonomy":"product_brand","embeddable":true,"href":"https:\/\/lucacastelli.com\/de\/wp-json\/wp\/v2\/product_brand?post=474819"},{"taxonomy":"product_cat","embeddable":true,"href":"https:\/\/lucacastelli.com\/de\/wp-json\/wp\/v2\/product_cat?post=474819"},{"taxonomy":"product_tag","embeddable":true,"href":"https:\/\/lucacastelli.com\/de\/wp-json\/wp\/v2\/product_tag?post=474819"}],"curies":[{"name":"wp","href":"https:\/\/api.w.org\/{rel}","templated":true}]}}