{"id":474813,"date":"2023-07-01T17:14:29","date_gmt":"2023-07-01T15:14:29","guid":{"rendered":"https:\/\/lucacastelli.com\/prodotto\/akku-schlagschrauber-1-2-vierkant-m12biw12-0\/"},"modified":"2023-07-01T17:14:29","modified_gmt":"2023-07-01T15:14:29","slug":"akku-schlagschrauber-1-2-vierkant-m12biw12-0","status":"publish","type":"product","link":"https:\/\/lucacastelli.com\/de\/produkt\/akku-schlagschrauber-1-2-vierkant-m12biw12-0\/","title":{"rendered":"Akku-Schlagschrauber 1\/2 \u0301 \u0301 Vierkant M12BIW12-0"},"content":{"rendered":"<p>Handlicher Akku-Schlagschrauber mit einer L\u00e4nge von nur 171 mm, ideal f\u00fcr Arbeiten auf engstem Raum<br \/>\nREDLINK\u2122 electronics &#8211; \u00dcberlastschutz f\u00fcr lange Batterie-, Motor- und Getriebelebensdauer<br \/>\nRobustes Getriebegeh\u00e4use aus Metall f\u00fcr lange Lebensdauer und intensive Nutzung<br \/>\n1\/2&#8221; Antrieb mit Sicherungsstift<br \/>\nOptimierter Griff f\u00fcr bessere Ergonomie und Griffigkeit<br \/>\nEinzelzellen\u00fcberwachung f\u00fcr optimale Lebensdauer und lange Batterielebensdauer<br \/>\nAkkuladeanzeige und LED-Arbeitsplatzbeleuchtung<br \/>\nDer REDLITHIUM-ION-Akku\u2122 bietet ein perfekt kalibriertes Design, eine fortschrittliche Elektronik und eine verlustfreie Stromversorgung f\u00fcr eine l\u00e4ngere Lebensdauer und einen l\u00e4ngeren Betrieb als die Vorg\u00e4ngermodelle<br \/>\n100% kompatibel mit Milwaukee\u00ae M12-Produktreihe\u2122<\/p>\n<p>Technische Daten:<\/p>\n<p>Lithium-Ionen-Akku<br \/>\nAnzahl der mitgelieferten Batterien 0<br \/>\nArtikelnummer 4933447134<br \/>\nGewicht mit Akku (kg) 1,0<br \/>\nLadeger\u00e4t (Ladezeit) &#8211;<br \/>\nMindestdrehzahl (min-1) 0 &#8211; 2550<br \/>\nMaximales Drehmoment (Nm) 138 Drehmoment (Nm) 138<br \/>\nSchlagdrehzahl (min-1) 0 &#8211; 3400<br \/>\nSpannung (V) 12<\/p>\n<p>Lieferumfang:<br \/>\n ohne Akku, ohne Ladeger\u00e4t<\/p>\n","protected":false},"excerpt":{"rendered":"<p>Handlicher Akku-Schlagschrauber mit einer L\u00e4nge von nur 171 mm, ideal f\u00fcr Arbeiten auf engstem Raum REDLINK\u2122 electronics &#8211; \u00dcberlastschutz f\u00fcr<\/p>\n","protected":false},"featured_media":56842,"template":"","meta":{"_seopress_robots_primary_cat":"","_seopress_titles_title":"","_seopress_titles_desc":"","_seopress_robots_index":""},"product_brand":[3407],"product_cat":[29,514,549],"product_tag":[],"class_list":{"0":"post-474813","1":"product","2":"type-product","3":"status-publish","4":"has-post-thumbnail","6":"product_brand-milwaukee","7":"product_cat-macchinari","8":"product_cat-altri-dispositivi","9":"product_cat-trapani-e-avvitatori","11":"first","12":"onbackorder","13":"shipping-taxable","14":"purchasable","15":"product-type-simple"},"_links":{"self":[{"href":"https:\/\/lucacastelli.com\/de\/wp-json\/wp\/v2\/product\/474813","targetHints":{"allow":["GET"]}}],"collection":[{"href":"https:\/\/lucacastelli.com\/de\/wp-json\/wp\/v2\/product"}],"about":[{"href":"https:\/\/lucacastelli.com\/de\/wp-json\/wp\/v2\/types\/product"}],"wp:featuredmedia":[{"embeddable":true,"href":"https:\/\/lucacastelli.com\/de\/wp-json\/wp\/v2\/media\/56842"}],"wp:attachment":[{"href":"https:\/\/lucacastelli.com\/de\/wp-json\/wp\/v2\/media?parent=474813"}],"wp:term":[{"taxonomy":"product_brand","embeddable":true,"href":"https:\/\/lucacastelli.com\/de\/wp-json\/wp\/v2\/product_brand?post=474813"},{"taxonomy":"product_cat","embeddable":true,"href":"https:\/\/lucacastelli.com\/de\/wp-json\/wp\/v2\/product_cat?post=474813"},{"taxonomy":"product_tag","embeddable":true,"href":"https:\/\/lucacastelli.com\/de\/wp-json\/wp\/v2\/product_tag?post=474813"}],"curies":[{"name":"wp","href":"https:\/\/api.w.org\/{rel}","templated":true}]}}