{"id":474805,"date":"2023-06-23T20:12:29","date_gmt":"2023-06-23T18:12:29","guid":{"rendered":"https:\/\/lucacastelli.com\/prodotto\/fuel-akku-nagler-m18ffn-502c\/"},"modified":"2025-08-01T00:00:17","modified_gmt":"2025-07-31T22:00:17","slug":"fuel-akku-nagler-m18ffn-502c","status":"publish","type":"product","link":"https:\/\/lucacastelli.com\/de\/produkt\/fuel-akku-nagler-m18ffn-502c\/","title":{"rendered":"FUEL\u2122 Akku Nagler M18FFN-502C"},"content":{"rendered":"<p>Leistungsstarker Nagler f\u00fcr einfaches Nageln in Harth\u00f6lzern<br \/>\nSchnelles Garen dank \u030bReady-to-Fire-Technologie<br \/>\nBen\u00f6tigt keine Gaskartuschen und ist wartungsarm &#8211; entwickelt f\u00fcr anspruchsvolle Anwender, die Wert auf Zuverl\u00e4ssigkeit und Langlebigkeit legen<br \/>\nZwei w\u00e4hlbare Modi: Einzelschuss und Kontaktklick<br \/>\nWerkzeuglose Tiefenverstellung f\u00fcr pr\u00e4zises<br \/>\nArbeiten Verhinderung von Trockenfeuer bei leerem<br \/>\nMagazin Bis zu 700 N\u00e4gel pro Ladung des 5,0 Ah REDLITHIUM\u2122 Akkus f\u00fcr hohe<br \/>\nProduktivit\u00e4t H\u00e4lt alle g\u00e4ngigen N\u00e4gel, die in ein 30\u00b0 oder 34\u00b0 Magazin passen.<br \/>\nEinfacher Zugang zum einfachen Entfernen von N\u00e4geln, die sich im Brennkanal verklemmt<br \/>\nhaben LED-Beleuchtung des Arbeitsbereichs<br \/>\n3 exklusive Milwaukee\u00ae: POWERSTATE\u2122 Brushless-Motor, REDLITHIUM\u2122EN-Batterien und REDLINK PLUS-Elektronik\u2122 f\u00fcr leistungsstarke Leistung, lange Lebensdauer und hohe Widerstandsf\u00e4higkeit.<br \/>\n100% kompatibel mit der MILWAUKEE-M18\u00ae\u2122 Produktreihe.<\/p>\n<p>Technische Daten:<\/p>\n<p>Akkuspannung: 18 V<br \/>\nLadewinkel: 30 &#8211; 34<br \/>\nMagazinkapazit\u00e4t: 51<br \/>\nNagel \u00d8: 2,9 &#8211; 3,32 mm<br \/>\nNageltyp: 50 &#8211; 90 mm<br \/>\nGewicht mit Akku: 5,1 kg<br \/>\nLieferumfang:<\/p>\n<p>2 x 5,0 Ah<br \/>\nAkkus M12-18 FC<br \/>\nAkkuladeger\u00e4t Case<\/p>\n","protected":false},"excerpt":{"rendered":"<p>Leistungsstarker Nagler f\u00fcr einfaches Nageln in Harth\u00f6lzern Schnelles Garen dank \u030bReady-to-Fire-Technologie Ben\u00f6tigt keine Gaskartuschen und ist wartungsarm &#8211; entwickelt f\u00fcr<\/p>\n","protected":false},"featured_media":56820,"template":"","meta":{"_seopress_robots_primary_cat":"","_seopress_titles_title":"","_seopress_titles_desc":"","_seopress_robots_index":""},"product_brand":[3656],"product_cat":[1454,169,1461],"product_tag":[],"class_list":{"0":"post-474805","1":"product","2":"type-product","3":"status-publish","4":"has-post-thumbnail","6":"product_brand-milwaukee-de","7":"product_cat-andere-gerate","8":"product_cat-maschinen","9":"product_cat-nagler","10":"sws-gruppo-macchinari","11":"sws-conto-ricavi-merci-rivendita-macchinari","12":"sws-gruppo-iva-iva81","14":"first","15":"instock","16":"shipping-taxable","17":"purchasable","18":"product-type-simple"},"_links":{"self":[{"href":"https:\/\/lucacastelli.com\/de\/wp-json\/wp\/v2\/product\/474805","targetHints":{"allow":["GET"]}}],"collection":[{"href":"https:\/\/lucacastelli.com\/de\/wp-json\/wp\/v2\/product"}],"about":[{"href":"https:\/\/lucacastelli.com\/de\/wp-json\/wp\/v2\/types\/product"}],"wp:featuredmedia":[{"embeddable":true,"href":"https:\/\/lucacastelli.com\/de\/wp-json\/wp\/v2\/media\/56820"}],"wp:attachment":[{"href":"https:\/\/lucacastelli.com\/de\/wp-json\/wp\/v2\/media?parent=474805"}],"wp:term":[{"taxonomy":"product_brand","embeddable":true,"href":"https:\/\/lucacastelli.com\/de\/wp-json\/wp\/v2\/product_brand?post=474805"},{"taxonomy":"product_cat","embeddable":true,"href":"https:\/\/lucacastelli.com\/de\/wp-json\/wp\/v2\/product_cat?post=474805"},{"taxonomy":"product_tag","embeddable":true,"href":"https:\/\/lucacastelli.com\/de\/wp-json\/wp\/v2\/product_tag?post=474805"}],"curies":[{"name":"wp","href":"https:\/\/api.w.org\/{rel}","templated":true}]}}