{"id":474797,"date":"2023-06-23T19:33:56","date_gmt":"2023-06-23T17:33:56","guid":{"rendered":"https:\/\/lucacastelli.com\/prodotto\/fuel-akku-stichsaege-m18fbjs-0x\/"},"modified":"2023-06-23T19:33:56","modified_gmt":"2023-06-23T17:33:56","slug":"fuel-akku-stichsaege-m18fbjs-0x","status":"publish","type":"product","link":"https:\/\/lucacastelli.com\/de\/produkt\/fuel-akku-stichsaege-m18fbjs-0x\/","title":{"rendered":"FUEL\u2122 Akku-Stichs\u00e4ge M18FBJS-0X"},"content":{"rendered":"<p>Der b\u00fcrstenlose POWERSTATE-Motor\u2122, der von Milwaukee\u00ae entwickelt und hergestellt wurde, f\u00fcr eine hohe Schnittleistung von bis zu 32 m in 19-mm-OSB-Platten mit einer einzigen 5,0-Ah-Akkuladung<br \/>\nDie REDLINK PLUS-Elektronik\u2122 bietet fortschrittlichen digitalen Schutz gegen \u00dcberlastung von Maschine und Batterie und h\u00e4lt die Leistung unter Last konstant.<br \/>\nDer REDLITHIUM-ION-Akku\u2122 bietet ein perfekt kalibriertes Design, fortschrittliche Elektronik und verlustfreie Leistungsentfaltung f\u00fcr l\u00e4ngere Standzeiten und l\u00e4ngere Haltbarkeit.<br \/>\nFIXTEC Klingenschnellwechselsystem f\u00fcr schnellen und werkzeuglosen Klingenwechsel<br \/>\n5-Wege-Pendelhubverstellung f\u00fcr hohe Schnittleistung<br \/>\nBeidh\u00e4ndiger Ein-\/Ausschalter erm\u00f6glicht den Einsatz in vielen verschiedenen Positionen<br \/>\n6 Geschwindigkeitsstufen mit Sanftanlauf<br \/>\n3500 H\u00fcbe pro Minute f\u00fcr saubere Schnitte und geringe Vibrationen<br \/>\nDie Sp\u00e4neblasfunktion sorgt f\u00fcr eine gut sichtbare Schnittlinie<br \/>\nLED-Beleuchtung des Arbeitsbereichs<br \/>\nGleitsohle aus Kunststoff zum Schutz der Oberfl\u00e4che des Materials<br \/>\nLieferung mit 1 Klinge, Staubabsaugadapter, Staubschutzhaube, Sp\u00e4neschutz, Kunststoff-Gleitplatte<br \/>\nSystem 100% kompatibel mit Milwaukee\u00ae M18\u2122 Produktreihe<\/p>\n<p>Technische Details:<br \/>\nAkku: Lithium-Ionen<br \/>\nAnzahl der mitgelieferten Akkus: 0<br \/>\nLieferumfang: HD-Box<br \/>\nGewicht mit Akku (kg): 2,8<br \/>\nHubl\u00e4nge (mm): 25<br \/>\nLadeger\u00e4t (Ladezeit): 59 min<br \/>\nHubgeschwindigkeit im Leerlauf (min-1): 800 &#8211; 3500<br \/>\nMax. Schnittleistung in Aluminium (mm): 19<br \/>\nMax. Schnitttiefe in Holz (mm) Schnitttiefe in Holz (mm):  100<br \/>\nmax.  Maximale Schnitttiefe in Stahl (mm): 10<br \/>\nNeigungsverstellung (\u00b0): 45<br \/>\nPendelhub: Ja<br \/>\nPendelhubeinstellungen: 4<br \/>\nSpannung (V): 18<br \/>\nLieferumfang:<br \/>\n 1x S\u00e4geblatt<\/p>\n<p>Staubabsaugadapter<br \/>\nStaubschutzh\u00fclle<br \/>\nChipschutz<br \/>\nLaufsohle<br \/>\naus Kunststoff HD<br \/>\nBox ohne Batterien, ohne Ladeger\u00e4t<\/p>\n","protected":false},"excerpt":{"rendered":"<p>Der b\u00fcrstenlose POWERSTATE-Motor\u2122, der von Milwaukee\u00ae entwickelt und hergestellt wurde, f\u00fcr eine hohe Schnittleistung von bis zu 32 m in<\/p>\n","protected":false},"featured_media":56797,"template":"","meta":{"_seopress_robots_primary_cat":"","_seopress_titles_title":"","_seopress_titles_desc":"","_seopress_robots_index":""},"product_brand":[3407],"product_cat":[29,514,535],"product_tag":[],"class_list":{"0":"post-474797","1":"product","2":"type-product","3":"status-publish","4":"has-post-thumbnail","6":"product_brand-milwaukee","7":"product_cat-macchinari","8":"product_cat-altri-dispositivi","9":"product_cat-spaccalegna-e-circolari","11":"first","12":"onbackorder","13":"shipping-taxable","14":"purchasable","15":"product-type-simple"},"_links":{"self":[{"href":"https:\/\/lucacastelli.com\/de\/wp-json\/wp\/v2\/product\/474797","targetHints":{"allow":["GET"]}}],"collection":[{"href":"https:\/\/lucacastelli.com\/de\/wp-json\/wp\/v2\/product"}],"about":[{"href":"https:\/\/lucacastelli.com\/de\/wp-json\/wp\/v2\/types\/product"}],"wp:featuredmedia":[{"embeddable":true,"href":"https:\/\/lucacastelli.com\/de\/wp-json\/wp\/v2\/media\/56797"}],"wp:attachment":[{"href":"https:\/\/lucacastelli.com\/de\/wp-json\/wp\/v2\/media?parent=474797"}],"wp:term":[{"taxonomy":"product_brand","embeddable":true,"href":"https:\/\/lucacastelli.com\/de\/wp-json\/wp\/v2\/product_brand?post=474797"},{"taxonomy":"product_cat","embeddable":true,"href":"https:\/\/lucacastelli.com\/de\/wp-json\/wp\/v2\/product_cat?post=474797"},{"taxonomy":"product_tag","embeddable":true,"href":"https:\/\/lucacastelli.com\/de\/wp-json\/wp\/v2\/product_tag?post=474797"}],"curies":[{"name":"wp","href":"https:\/\/api.w.org\/{rel}","templated":true}]}}