{"id":474791,"date":"2023-06-23T19:46:18","date_gmt":"2023-06-23T17:46:18","guid":{"rendered":"https:\/\/lucacastelli.com\/prodotto\/fuel-akku-winkelschleifer-m-bremse-m18fsag125xb-0x\/"},"modified":"2023-06-23T19:46:18","modified_gmt":"2023-06-23T17:46:18","slug":"fuel-akku-winkelschleifer-m-bremse-m18fsag125xb-0x","status":"publish","type":"product","link":"https:\/\/lucacastelli.com\/de\/produkt\/fuel-akku-winkelschleifer-m-bremse-m18fsag125xb-0x\/","title":{"rendered":"FUEL\u2122 Akku-Winkelschleifer m. Bremse M18FSAG125XB-0X"},"content":{"rendered":"<p>Kabelgebundene Leistung \u00e4hnlich der eines 1200-W-Winkelschleifers<br \/>\nReduzierte Getriebegr\u00f6\u00dfe und reduzierter Batterieeinbauwinkel f\u00fcr eine bessere Balance und verbesserte Ergonomie im Vergleich zum Vorg\u00e4ngermodell<br \/>\nRAPIDSTOP\u2122 f\u00fcr schnelles Bremsen von Scheiben in weniger als 2 Sekunden f\u00fcr hohen Anwenderschutz<br \/>\nVibrationsd\u00e4mpfender Seitengriff zur Reduzierung von Vibrationen<br \/>\nFIXTEC\u2122 Schnellwechselsystem f\u00fcr werkzeuglosen Scheibenwechsel<br \/>\nSchlankes Griffdesign<br \/>\nAustauschbare Staubschutzhaube verhindert das Eindringen von Schmutz und verl\u00e4ngert die Lebensdauer der Maschine<br \/>\n125 mm werkzeuglose Schutzhaube erm\u00f6glicht gro\u00dfe Schnittkapazit\u00e4ten<br \/>\nWiederanlaufschutz f\u00fcr hohen Anwenderschutz<br \/>\nDie neueste Generation des b\u00fcrstenlosen POWERSTATE-Motors\u2122, die REDLINK Plus-Elektronik\u2122 und die 12,0 Ah REDLITHIUM-HIGH-OUTPUT-Akkus\u2122\u2122 sorgen f\u00fcr starke Leistung, hohe Haltbarkeit und lange Laufzeit in den anspruchsvollsten Anwendungen<br \/>\n100% robust, kompatibel mit der MILWAUKEE-M18-Produktreihe\u00ae\u2122.<\/p>\n<p>Technische Daten:<\/p>\n<p>Batterie: Lithium-Ionen<br \/>\nBatteriekapazit\u00e4t (Ah): Keine Batterie im Lieferumfang enthalten<br \/>\nAntikollision: Ja<br \/>\nBremse: Ja<br \/>\nLeerlaufdrehzahl (min?\u00b9): 8500<br \/>\nMaximale Schnitttiefe (mm): 33 Schnitttiefe (mm): 33<br \/>\nSanftanlauf: Ja<br \/>\nSchalter: Schiebeschalter<br \/>\nTyp: Sperrschalter<br \/>\nScheibendurchmesser (mm): 125<br \/>\nSpannung (V): 18<br \/>\nSpindelgewinde: M14<br \/>\nWiederanlaufschutz:  Ja<\/p>\n<p>Serienausstattung:<\/p>\n<p>Austauschbarer<br \/>\nStaubschutz Schutzh\u00fclle, vibrationsd\u00e4mpfender<br \/>\nSeitengriff Flansch, Flanschmutter, Schraubenschl\u00fcssel<br \/>\nSchnellspanner<br \/>\nin HD-Box<br \/>\nohne Akku, ohne Ladeger\u00e4t<\/p>\n","protected":false},"excerpt":{"rendered":"<p>Kabelgebundene Leistung \u00e4hnlich der eines 1200-W-Winkelschleifers Reduzierte Getriebegr\u00f6\u00dfe und reduzierter Batterieeinbauwinkel f\u00fcr eine bessere Balance und verbesserte Ergonomie im Vergleich<\/p>\n","protected":false},"featured_media":56802,"template":"","meta":{"_seopress_robots_primary_cat":"","_seopress_titles_title":"","_seopress_titles_desc":"","_seopress_robots_index":""},"product_brand":[3407],"product_cat":[29,514,549],"product_tag":[],"class_list":{"0":"post-474791","1":"product","2":"type-product","3":"status-publish","4":"has-post-thumbnail","6":"product_brand-milwaukee","7":"product_cat-macchinari","8":"product_cat-altri-dispositivi","9":"product_cat-trapani-e-avvitatori","11":"first","12":"onbackorder","13":"shipping-taxable","14":"purchasable","15":"product-type-simple"},"_links":{"self":[{"href":"https:\/\/lucacastelli.com\/de\/wp-json\/wp\/v2\/product\/474791","targetHints":{"allow":["GET"]}}],"collection":[{"href":"https:\/\/lucacastelli.com\/de\/wp-json\/wp\/v2\/product"}],"about":[{"href":"https:\/\/lucacastelli.com\/de\/wp-json\/wp\/v2\/types\/product"}],"wp:featuredmedia":[{"embeddable":true,"href":"https:\/\/lucacastelli.com\/de\/wp-json\/wp\/v2\/media\/56802"}],"wp:attachment":[{"href":"https:\/\/lucacastelli.com\/de\/wp-json\/wp\/v2\/media?parent=474791"}],"wp:term":[{"taxonomy":"product_brand","embeddable":true,"href":"https:\/\/lucacastelli.com\/de\/wp-json\/wp\/v2\/product_brand?post=474791"},{"taxonomy":"product_cat","embeddable":true,"href":"https:\/\/lucacastelli.com\/de\/wp-json\/wp\/v2\/product_cat?post=474791"},{"taxonomy":"product_tag","embeddable":true,"href":"https:\/\/lucacastelli.com\/de\/wp-json\/wp\/v2\/product_tag?post=474791"}],"curies":[{"name":"wp","href":"https:\/\/api.w.org\/{rel}","templated":true}]}}