{"id":474782,"date":"2023-06-17T11:31:18","date_gmt":"2023-06-17T09:31:18","guid":{"rendered":"https:\/\/lucacastelli.com\/prodotto\/one-key-akku-schlagschrauber-3-4-vierkant-sprengring-m18onefhiwf34-0x\/"},"modified":"2026-04-17T23:58:15","modified_gmt":"2026-04-17T21:58:15","slug":"one-key-akku-schlagschrauber-3-4-vierkant-sprengring-m18onefhiwf34-0x","status":"publish","type":"product","link":"https:\/\/lucacastelli.com\/de\/produkt\/one-key-akku-schlagschrauber-3-4-vierkant-sprengring-m18onefhiwf34-0x\/","title":{"rendered":"ONE-KEY\u2122 Akku-Schlagschrauber 3\/4&#8243; Vierkant Sprengring M18ONEFHIWF34-0X"},"content":{"rendered":"<p>Leistungsstarkes Drehmoment von 1.627 Nm bei kompaktem Design: nur 213 mm L\u00e4nge<br \/>\n3\/4\u02dd-Sprengringaufnahme<br \/>\nDRIVE CONTROL\u2122 erm\u00f6glicht schnelles Umschalten zwischen 4 G\u00e4ngen mit unterschiedlichen Geschwindigkeits- und Drehmomenteinstellungen<br \/>\nIndividuelle Geschwindigkeits- und Drehmomentkontrolle<br \/>\nVollst\u00e4ndige Anpassung der Werkzeugeinstellungen \u00fcber die ONE-KEY\u2122-App, um das Werkzeug an Ihre Bed\u00fcrfnisse anzupassen.<br \/>\nONE-KEY\u2122 Tool-Tracker &amp; -Security bietet zudem die M\u00f6glichkeit, u. a. die zuletzt bekannte Position des Werkzeugs anzuzeigen.<br \/>\nStufe 4 &#8211; f\u00fcr eine optimale Mischung aus Leistung und Pr\u00e4zision beim L\u00f6sen von Schrauben<br \/>\n100 % kompatibel mit dem Milwaukee\u00ae M18\u2122-Produktsortiment<\/p>\n<p>Technische Daten:<br \/>\nAkku: Lithium-Ionen<br \/>\n3\/4&#8243;-Aufnahme<br \/>\nGewicht mit Akku 3,5 kg<br \/>\nLeerlaufdrehzahl (min-1): 0-900\/0-1300\/0-1800\/0-1800<br \/>\nMax. Drehmoment [Nm]: 1627<br \/>\nMax. L\u00f6semoment [Nm]: 2034<br \/>\nMax. Schraubendurchmesser: M33<br \/>\nSchlagzahl (min-1): 0-850\/0-1850\/0-2400\/0-2400<br \/>\nSpannung: 18 V<\/p>\n<p>Lieferumfang:<br \/>\n1 x HD-Box<br \/>\n1 x Akku-Schlagschrauber M18 ONEFHIWF34-0X<br \/>\nohne Akkus, ohne Ladeger\u00e4t<\/p>\n","protected":false},"excerpt":{"rendered":"<p>Leistungsstarkes Drehmoment von 1.627 Nm bei kompaktem Design: nur 213 mm L\u00e4nge 3\/4\u02dd-Sprengringaufnahme DRIVE CONTROL\u2122 erm\u00f6glicht schnelles Umschalten zwischen 4<\/p>\n","protected":false},"featured_media":56765,"template":"","meta":{"_seopress_robots_primary_cat":"none","_seopress_titles_title":"","_seopress_titles_desc":"","_seopress_robots_index":""},"product_brand":[3656],"product_cat":[1454,1553,169],"product_tag":[],"class_list":{"0":"post-474782","1":"product","2":"type-product","3":"status-publish","4":"has-post-thumbnail","6":"product_brand-milwaukee-de","7":"product_cat-andere-gerate","8":"product_cat-bohrer-und-schraubendreher","9":"product_cat-maschinen","10":"sws-gruppo-macchinari-de","11":"sws-conto-ricavi-merci-rivendita-macchinari-de","12":"sws-gruppo-iva-iva81-de","14":"first","15":"instock","16":"sale","17":"shipping-taxable","18":"purchasable","19":"product-type-simple"},"_links":{"self":[{"href":"https:\/\/lucacastelli.com\/de\/wp-json\/wp\/v2\/product\/474782","targetHints":{"allow":["GET"]}}],"collection":[{"href":"https:\/\/lucacastelli.com\/de\/wp-json\/wp\/v2\/product"}],"about":[{"href":"https:\/\/lucacastelli.com\/de\/wp-json\/wp\/v2\/types\/product"}],"wp:featuredmedia":[{"embeddable":true,"href":"https:\/\/lucacastelli.com\/de\/wp-json\/wp\/v2\/media\/56765"}],"wp:attachment":[{"href":"https:\/\/lucacastelli.com\/de\/wp-json\/wp\/v2\/media?parent=474782"}],"wp:term":[{"taxonomy":"product_brand","embeddable":true,"href":"https:\/\/lucacastelli.com\/de\/wp-json\/wp\/v2\/product_brand?post=474782"},{"taxonomy":"product_cat","embeddable":true,"href":"https:\/\/lucacastelli.com\/de\/wp-json\/wp\/v2\/product_cat?post=474782"},{"taxonomy":"product_tag","embeddable":true,"href":"https:\/\/lucacastelli.com\/de\/wp-json\/wp\/v2\/product_tag?post=474782"}],"curies":[{"name":"wp","href":"https:\/\/api.w.org\/{rel}","templated":true}]}}