{"id":474548,"date":"2023-07-02T16:05:25","date_gmt":"2023-07-02T14:05:25","guid":{"rendered":"https:\/\/lucacastelli.com\/prodotto\/fuel-akku-ratsche-3-8-lang-m12fir38lr-0\/"},"modified":"2023-07-02T16:05:25","modified_gmt":"2023-07-02T14:05:25","slug":"fuel-akku-ratsche-3-8-lang-m12fir38lr-0","status":"publish","type":"product","link":"https:\/\/lucacastelli.com\/de\/produkt\/fuel-akku-ratsche-3-8-lang-m12fir38lr-0\/","title":{"rendered":"FUEL\u2122 Akku-Ratsche 3\/8&#8243; lang M12FIR38LR-0"},"content":{"rendered":"<p>Mit einem maximalen Drehmoment von 75 Nm und einer Lebensdauer von 200 Minuten ist diese Knarre die ideale L\u00f6sung f\u00fcr eine Vielzahl von mechanischen Anwendungen.<br \/>\nDank der FUEL-Technologie\u2122 und hochwertiger Komponenten wird dem professionellen Anwender eine noch l\u00e4ngere Lebensdauer geboten<br \/>\nVerl\u00e4ngerter Ratschenhals von 81 mm L\u00e4nge f\u00fcr noch leichteres Arbeiten auf engstem<br \/>\nRaum Schmetterlingsschalter aus Metall f\u00fcr eine einfache und kontrollierte<br \/>\nBedienung Griff mit Softgrip-Pad f\u00fcr besseren Halt<br \/>\nLED-Beleuchtung und<br \/>\nBatterieladeanzeige Die REDLINK PLUS-Elektronik\u2122 bietet einen fortschrittlichen digitalen \u00dcberlastschutz sowohl f\u00fcr die Maschine als auch f\u00fcr den Akku,  Halten Sie die Leistung unter Last konstant.<br \/>\nDer REDLITHIUM\u2122 Lithium-Ionen-Akku bietet ein perfekt kalibriertes Design, eine fortschrittliche Elektronik und eine verlustfreie Stromversorgung f\u00fcr eine l\u00e4ngere Lebensdauer als die Vorg\u00e4ngermodelle.<br \/>\nLieferung mit 1\/4<br \/>\nAdapter 100% kompatibel mit der MILWAUKEE-M12\u00ae\u2122 Produktreihe.<br \/>\nTechnische Daten:  <\/p>\n<p>Lithium-Ionen-Akku<br \/>\nAnzahl der mitgelieferten Akkus 0<br \/>\nArtikelnummer 4933471500<br \/>\nGewicht mit Akku (kg) 1,4<br \/>\nL\u00e4nge (mm) 363<br \/>\nLeerlaufdrehzahl (min-1) 0 &#8211; 200<br \/>\nMaximales Drehmoment (Nm) Drehmoment (Nm) 75<br \/>\nH\u00f6he des Ratschenkopfes (mm) 19,3<br \/>\nSpannung (V) 12<br \/>\nSerienausstattung \/ Standardausr\u00fcstung 1\/4&#8243; Werkzeughalteradapter<br \/>\n3\/8&#8243; Vierkant<br \/>\nLieferumfang:<\/p>\n<p>Maschine im Karton<br \/>\nOhne Ladeger\u00e4t, ohne Batterien<br \/>\nAdapter 1\/4&#8243;<\/p>\n","protected":false},"excerpt":{"rendered":"<p>Mit einem maximalen Drehmoment von 75 Nm und einer Lebensdauer von 200 Minuten ist diese Knarre die ideale L\u00f6sung f\u00fcr<\/p>\n","protected":false},"featured_media":57042,"template":"","meta":{"_seopress_robots_primary_cat":"","_seopress_titles_title":"","_seopress_titles_desc":"","_seopress_robots_index":""},"product_brand":[3407],"product_cat":[29,514,549],"product_tag":[],"class_list":{"0":"post-474548","1":"product","2":"type-product","3":"status-publish","4":"has-post-thumbnail","6":"product_brand-milwaukee","7":"product_cat-macchinari","8":"product_cat-altri-dispositivi","9":"product_cat-trapani-e-avvitatori","11":"first","12":"onbackorder","13":"shipping-taxable","14":"purchasable","15":"product-type-simple"},"_links":{"self":[{"href":"https:\/\/lucacastelli.com\/de\/wp-json\/wp\/v2\/product\/474548","targetHints":{"allow":["GET"]}}],"collection":[{"href":"https:\/\/lucacastelli.com\/de\/wp-json\/wp\/v2\/product"}],"about":[{"href":"https:\/\/lucacastelli.com\/de\/wp-json\/wp\/v2\/types\/product"}],"wp:featuredmedia":[{"embeddable":true,"href":"https:\/\/lucacastelli.com\/de\/wp-json\/wp\/v2\/media\/57042"}],"wp:attachment":[{"href":"https:\/\/lucacastelli.com\/de\/wp-json\/wp\/v2\/media?parent=474548"}],"wp:term":[{"taxonomy":"product_brand","embeddable":true,"href":"https:\/\/lucacastelli.com\/de\/wp-json\/wp\/v2\/product_brand?post=474548"},{"taxonomy":"product_cat","embeddable":true,"href":"https:\/\/lucacastelli.com\/de\/wp-json\/wp\/v2\/product_cat?post=474548"},{"taxonomy":"product_tag","embeddable":true,"href":"https:\/\/lucacastelli.com\/de\/wp-json\/wp\/v2\/product_tag?post=474548"}],"curies":[{"name":"wp","href":"https:\/\/api.w.org\/{rel}","templated":true}]}}