{"id":474534,"date":"2023-07-02T15:51:17","date_gmt":"2023-07-02T13:51:17","guid":{"rendered":"https:\/\/lucacastelli.com\/prodotto\/fuel-akku-geradschleifer-abgewinkelt-m12fdga-422b\/"},"modified":"2023-07-02T15:51:17","modified_gmt":"2023-07-02T13:51:17","slug":"fuel-akku-geradschleifer-abgewinkelt-m12fdga-422b","status":"publish","type":"product","link":"https:\/\/lucacastelli.com\/de\/produkt\/fuel-akku-geradschleifer-abgewinkelt-m12fdga-422b\/","title":{"rendered":"FUEL\u2122 Akku-Geradschleifer, abgewinkelt M12FDGA-422B"},"content":{"rendered":"<p>Der erste Akku-Winkelschleifer mit einer Leistung, die mit der eines Druckluftwerkzeugs vergleichbar ist.<br \/>\nDie kompakte Bauweise (Gesamtl\u00e4nge 119 mm) erm\u00f6glicht einen einfachen Zugang zu schwer zug\u00e4nglichen Stellen und er\u00f6ffnet neue Anwendungsm\u00f6glichkeiten.<br \/>\n4-stufige Drehzahlverstellung und feinf\u00fchlige Drehzahlregelung f\u00fcr optimale<br \/>\nKontrolle F\u00fcr Schleifscheiben bis \u00f8 50 mm<br \/>\nLieferung mit 6 und 8 mm<br \/>\nSpannzangen 3 MILWAUKEE-exklusive\u00ae Technologien: POWERSTATE\u2122 Brushless-Motor, REDLITHIUM-ION-Akkus\u2122 und REDLINK PLUS-Elektronik\u2122 f\u00fcr kraftvolle Leistung, lange Lebensdauer und hohe Haltbarkeit.<br \/>\n100% kompatibel mit der MILWAUKEE\u00ae M12-Produktreihe\u2122.<br \/>\nTechnische Daten:<\/p>\n<p>Akku: Lithium-Ionen<br \/>\nGewicht mit Akku (kg): 1,0<br \/>\nLeerlaufdrehzahl (min-1): 0 &#8211; 10.000\/ 0 &#8211; 15.000\/ 0 &#8211; 20.000\/ 0 &#8211; 24.500<br \/>\nMaximaler Klemmdurchmesser (mm) Klemmdurchmesser (mm): 6 und 8<br \/>\nDurchmesser der Riemenscheibe (mm): 50<br \/>\nSpannung (V): 12<\/p>\n<p>Lieferumfang:<\/p>\n<p>1 x 2,0 Akku\/ 1 x 4,0 Ah<br \/>\nAkkuladeger\u00e4t C12 C<br \/>\nWerkzeugtasche<\/p>\n","protected":false},"excerpt":{"rendered":"<p>Der erste Akku-Winkelschleifer mit einer Leistung, die mit der eines Druckluftwerkzeugs vergleichbar ist. Die kompakte Bauweise (Gesamtl\u00e4nge 119 mm) erm\u00f6glicht<\/p>\n","protected":false},"featured_media":57022,"template":"","meta":{"_seopress_robots_primary_cat":"","_seopress_titles_title":"","_seopress_titles_desc":"","_seopress_robots_index":""},"product_brand":[3656],"product_cat":[1454,1548,169],"product_tag":[],"class_list":{"0":"post-474534","1":"product","2":"type-product","3":"status-publish","4":"has-post-thumbnail","6":"product_brand-milwaukee-de","7":"product_cat-andere-gerate","8":"product_cat-bursten","9":"product_cat-maschinen","11":"first","12":"onbackorder","13":"shipping-taxable","14":"purchasable","15":"product-type-simple"},"_links":{"self":[{"href":"https:\/\/lucacastelli.com\/de\/wp-json\/wp\/v2\/product\/474534","targetHints":{"allow":["GET"]}}],"collection":[{"href":"https:\/\/lucacastelli.com\/de\/wp-json\/wp\/v2\/product"}],"about":[{"href":"https:\/\/lucacastelli.com\/de\/wp-json\/wp\/v2\/types\/product"}],"wp:featuredmedia":[{"embeddable":true,"href":"https:\/\/lucacastelli.com\/de\/wp-json\/wp\/v2\/media\/57022"}],"wp:attachment":[{"href":"https:\/\/lucacastelli.com\/de\/wp-json\/wp\/v2\/media?parent=474534"}],"wp:term":[{"taxonomy":"product_brand","embeddable":true,"href":"https:\/\/lucacastelli.com\/de\/wp-json\/wp\/v2\/product_brand?post=474534"},{"taxonomy":"product_cat","embeddable":true,"href":"https:\/\/lucacastelli.com\/de\/wp-json\/wp\/v2\/product_cat?post=474534"},{"taxonomy":"product_tag","embeddable":true,"href":"https:\/\/lucacastelli.com\/de\/wp-json\/wp\/v2\/product_tag?post=474534"}],"curies":[{"name":"wp","href":"https:\/\/api.w.org\/{rel}","templated":true}]}}