{"id":474526,"date":"2023-07-02T15:13:06","date_gmt":"2023-07-02T13:13:06","guid":{"rendered":"https:\/\/lucacastelli.com\/prodotto\/akku-rohrreiniger-m12bdc8-0c\/"},"modified":"2023-07-02T15:13:06","modified_gmt":"2023-07-02T13:13:06","slug":"akku-rohrreiniger-m12bdc8-0c","status":"publish","type":"product","link":"https:\/\/lucacastelli.com\/de\/produkt\/akku-rohrreiniger-m12bdc8-0c\/","title":{"rendered":"Akku Rohrreiniger M12BDC8-0C"},"content":{"rendered":"<p>Extra leichte, kabellose<br \/>\nProfi-B\u00fcrste Vielseitige Einsatzm\u00f6glichkeiten<br \/>\nMaximale Flexibilit\u00e4t und Mobilit\u00e4t durch Akkubetrieb<br \/>\nStarke 8 mm Reinigungsspirale f\u00fcr Rohre bis 60 mm \u00f8. Kompatibel mit Standard-Reinigungsspiralen \u00f8 6 und 8 mm.<br \/>\nRobustes Spiralgeh\u00e4use sch\u00fctzt den Anwender und die Oberfl\u00e4che<br \/>\nEinfache Entnahme der Innentrommel f\u00fcr eine schnelle Reinigung<br \/>\nSchnellverstellung f\u00fcr manuellen Spiralvorschub<br \/>\nund -r\u00fccklauf LED-Beleuchtung des Arbeitsbereichs<br \/>\nREDLINK-Elektronik\u2122 &#8211; \u00dcberlastschutz von Maschine und Akku sorgt f\u00fcr eine lange Lebensdauer.<br \/>\nDer REDLITHIUM-ION-Akku\u2122 bietet ein perfekt kalibriertes Design, fortschrittliche Elektronik und verlustfreie Stromversorgung f\u00fcr eine l\u00e4ngere Lebensdauer und einen l\u00e4ngeren Service als die Vorg\u00e4ngermodelle<br \/>\n, die zu 100 % mit der Milwaukee\u00ae M12-Produktreihe kompatibel sind <\/p>\n<p>Technische Daten:<\/p>\n<p>Lithium-Ionen-Akku<br \/>\nFassungsverm\u00f6gen der Schaufel (l) 22,5<br \/>\nLieferung im Eimer<br \/>\nGewicht mit Akku (kg) 4,8<br \/>\nKabeldurchmesser (mm) 8<br \/>\nKabell\u00e4nge (m) 7,6<br \/>\nLeerlaufdrehzahl (min-1) 0 &#8211; 500<br \/>\nMaximaler Schlauchdurchmesser (mm) Schlauchdurchmesser (mm) 60<br \/>\nSpannung (V) 12<br \/>\nSpirall\u00e4nge (m) 7,6<\/p>\n<p>Lieferumfang:<br \/>\n ohne Akku, ohne Ladeger\u00e4t, 7,6 m und 8 mm Schlauchreinigungsspirale<\/p>\n","protected":false},"excerpt":{"rendered":"<p>Extra leichte, kabellose Profi-B\u00fcrste Vielseitige Einsatzm\u00f6glichkeiten Maximale Flexibilit\u00e4t und Mobilit\u00e4t durch Akkubetrieb Starke 8 mm Reinigungsspirale f\u00fcr Rohre bis 60<\/p>\n","protected":false},"featured_media":56987,"template":"","meta":{"_seopress_robots_primary_cat":"","_seopress_titles_title":"","_seopress_titles_desc":"","_seopress_robots_index":""},"product_brand":[3407],"product_cat":[29,514,554],"product_tag":[],"class_list":{"0":"post-474526","1":"product","2":"type-product","3":"status-publish","4":"has-post-thumbnail","6":"product_brand-milwaukee","7":"product_cat-macchinari","8":"product_cat-altri-dispositivi","9":"product_cat-spazzole","11":"first","12":"onbackorder","13":"shipping-taxable","14":"purchasable","15":"product-type-simple"},"_links":{"self":[{"href":"https:\/\/lucacastelli.com\/de\/wp-json\/wp\/v2\/product\/474526","targetHints":{"allow":["GET"]}}],"collection":[{"href":"https:\/\/lucacastelli.com\/de\/wp-json\/wp\/v2\/product"}],"about":[{"href":"https:\/\/lucacastelli.com\/de\/wp-json\/wp\/v2\/types\/product"}],"wp:featuredmedia":[{"embeddable":true,"href":"https:\/\/lucacastelli.com\/de\/wp-json\/wp\/v2\/media\/56987"}],"wp:attachment":[{"href":"https:\/\/lucacastelli.com\/de\/wp-json\/wp\/v2\/media?parent=474526"}],"wp:term":[{"taxonomy":"product_brand","embeddable":true,"href":"https:\/\/lucacastelli.com\/de\/wp-json\/wp\/v2\/product_brand?post=474526"},{"taxonomy":"product_cat","embeddable":true,"href":"https:\/\/lucacastelli.com\/de\/wp-json\/wp\/v2\/product_cat?post=474526"},{"taxonomy":"product_tag","embeddable":true,"href":"https:\/\/lucacastelli.com\/de\/wp-json\/wp\/v2\/product_tag?post=474526"}],"curies":[{"name":"wp","href":"https:\/\/api.w.org\/{rel}","templated":true}]}}